{"id":1252,"date":"2021-08-19T20:49:26","date_gmt":"2021-08-19T18:49:26","guid":{"rendered":"http:\/\/sv-illschwang.de\/?page_id=1252"},"modified":"2021-08-19T20:50:15","modified_gmt":"2021-08-19T18:50:15","slug":"laeufer-gegen-krebs","status":"publish","type":"page","link":"http:\/\/sv-illschwang.de\/?page_id=1252","title":{"rendered":"L\u00e4ufer gegen Krebs"},"content":{"rendered":"\n<p>44 L\u00e4uferinnen und L\u00e4ufer der Laufsparte des SV Illschwang nahmen in der Woche vom 2. bis 8.8.2021 beim virtuellen L\u00c4UFER GEGEN KREBS Spendenlauf 2021 teil. Darunter waren auch 20 Kinder des Lauftreffs f\u00fcr Kinder und Jugendliche, die eine ganz besondere Herausforderung meisterten. Auf den von Spartenleiter Andreas Dehling ausgew\u00e4hlten Strecken rund um das Sportgel\u00e4nde des SV Illschwang mussten Distanzen von 2 km (Jahrgang 2012 und j\u00fcnger) und 5 km (Jahrgang 2011 und \u00e4lter) absolviert werden. Obwohl die Zeit zweitrangig war, gaben alle ihr Bestes und erzielten sehr gute Ergebnisse.<\/p>\n\n\n\n<p>Die Erwachsenen legten eigenst\u00e4ndig ausgew\u00e4hlte Strecken von 5km (auch Nordic Walking), 7,5 km, 10 km oder 21,1 km zur\u00fcck. \u00dcber den Teilnahmebeitrag von mindestens 5 Euro pro Person, der beliebig erh\u00f6ht werden konnte, wurde eine Spendensumme von insgesamt 335 Euro erreicht und an den Verein L\u00e4ufer gegen Krebs e.V. \u00fcberwiesen. Alle Einnahmen werden von diesem zu 100% als Spenden verwendet und gehen an vier Einrichtungen der Krebshilfe und \u2013forschung.<\/p>\n\n\n\n<h2 class=\"wp-block-heading\"><a href=\"https:\/\/www.laeufer-gegen-krebs.de\/\" target=\"_blank\" rel=\"noreferrer noopener\">www.laeufer-gegen-krebs.de<\/a><\/h2>\n\n\n\n<h2 class=\"wp-block-heading\"><a href=\"https:\/\/www.zeitgemaess.info\/starters.php?accesscode=202108081\" target=\"_blank\" rel=\"noreferrer noopener\">Hier klicken um zur Starter- und Ergebnisliste zu kommen.<\/a><\/h2>\n\n\n\n<p><\/p>\n","protected":false},"excerpt":{"rendered":"<p>44 L\u00e4uferinnen und L\u00e4ufer der Laufsparte des SV Illschwang nahmen in der Woche vom 2. bis 8.8.2021 beim virtuellen L\u00c4UFER GEGEN KREBS Spendenlauf 2021 teil. Darunter waren auch 20 Kinder des Lauftreffs f\u00fcr Kinder und Jugendliche, die eine ganz besondere Herausforderung meisterten. Auf den von Spartenleiter Andreas Dehling ausgew\u00e4hlten Strecken rund um das Sportgel\u00e4nde des [&hellip;]<\/p>\n","protected":false},"author":3,"featured_media":0,"parent":0,"menu_order":0,"comment_status":"closed","ping_status":"closed","template":"","meta":{"footnotes":""},"class_list":["post-1252","page","type-page","status-publish","hentry"],"_links":{"self":[{"href":"http:\/\/sv-illschwang.de\/index.php?rest_route=\/wp\/v2\/pages\/1252","targetHints":{"allow":["GET"]}}],"collection":[{"href":"http:\/\/sv-illschwang.de\/index.php?rest_route=\/wp\/v2\/pages"}],"about":[{"href":"http:\/\/sv-illschwang.de\/index.php?rest_route=\/wp\/v2\/types\/page"}],"author":[{"embeddable":true,"href":"http:\/\/sv-illschwang.de\/index.php?rest_route=\/wp\/v2\/users\/3"}],"replies":[{"embeddable":true,"href":"http:\/\/sv-illschwang.de\/index.php?rest_route=%2Fwp%2Fv2%2Fcomments&post=1252"}],"version-history":[{"count":2,"href":"http:\/\/sv-illschwang.de\/index.php?rest_route=\/wp\/v2\/pages\/1252\/revisions"}],"predecessor-version":[{"id":1256,"href":"http:\/\/sv-illschwang.de\/index.php?rest_route=\/wp\/v2\/pages\/1252\/revisions\/1256"}],"wp:attachment":[{"href":"http:\/\/sv-illschwang.de\/index.php?rest_route=%2Fwp%2Fv2%2Fmedia&parent=1252"}],"curies":[{"name":"wp","href":"https:\/\/api.w.org\/{rel}","templated":true}]}}