{"id":1866,"date":"2022-05-08T14:31:40","date_gmt":"2022-05-08T12:31:40","guid":{"rendered":"http:\/\/sv-illschwang.de\/?page_id=1866"},"modified":"2022-05-08T15:03:55","modified_gmt":"2022-05-08T13:03:55","slug":"mendorferbuch","status":"publish","type":"page","link":"http:\/\/sv-illschwang.de\/?page_id=1866","title":{"rendered":"Mendorferbuch &#8211; Minimauslauf am 30. April 22"},"content":{"rendered":"\t\t<div data-elementor-type=\"wp-page\" data-elementor-id=\"1866\" class=\"elementor elementor-1866\">\n\t\t\t\t\t\t<section class=\"elementor-section elementor-top-section elementor-element elementor-element-d5859fb elementor-section-boxed elementor-section-height-default elementor-section-height-default\" data-id=\"d5859fb\" data-element_type=\"section\">\n\t\t\t\t\t\t<div class=\"elementor-container elementor-column-gap-default\">\n\t\t\t\t\t<div class=\"elementor-column elementor-col-100 elementor-top-column elementor-element elementor-element-8fe13b8\" data-id=\"8fe13b8\" data-element_type=\"column\">\n\t\t\t<div class=\"elementor-widget-wrap elementor-element-populated\">\n\t\t\t\t\t\t<div class=\"elementor-element elementor-element-1e5198b9 elementor-widget elementor-widget-text-editor\" data-id=\"1e5198b9\" data-element_type=\"widget\" data-widget_type=\"text-editor.default\">\n\t\t\t\t<div class=\"elementor-widget-container\">\n\t\t\t\t\t\t\t\t\t<p><\/p>\n<p>Zum Auftakt des Landkreis-Cup 2022 fand in Mendorferbuch der traditionelle Minimauslauf statt.<\/p>\n<p><\/p>\n<p><\/p>\n<p>Insgesamt gingen 149 L\u00e4uferinnen und L\u00e4ufer an den Start.<\/p>\n<p><\/p>\n<p><\/p>\n<p>Der Lauftreff des SV Illschwang stellte mit 34 Teilnehmern die gr\u00f6\u00dfte Anzahl an L\u00e4uferinnen und L\u00e4ufer.<\/p>\n<p><\/p>\n<p><\/p>\n<p>Nachfolgend ein paar Impressionen des ersten Laufes im Jahr 2022.<\/p>\n<p><\/p>\t\t\t\t\t\t\t\t<\/div>\n\t\t\t\t<\/div>\n\t\t\t\t\t<\/div>\n\t\t<\/div>\n\t\t\t\t\t<\/div>\n\t\t<\/section>\n\t\t\t\t<section class=\"elementor-section elementor-top-section elementor-element elementor-element-99dec4c elementor-section-boxed elementor-section-height-default elementor-section-height-default\" data-id=\"99dec4c\" data-element_type=\"section\">\n\t\t\t\t\t\t<div class=\"elementor-container elementor-column-gap-default\">\n\t\t\t\t\t<div class=\"elementor-column elementor-col-100 elementor-top-column elementor-element elementor-element-fcbed02\" data-id=\"fcbed02\" data-element_type=\"column\">\n\t\t\t<div class=\"elementor-widget-wrap elementor-element-populated\">\n\t\t\t\t\t\t<div class=\"elementor-element elementor-element-508c466 elementor-widget elementor-widget-image-gallery\" data-id=\"508c466\" data-element_type=\"widget\" data-widget_type=\"image-gallery.default\">\n\t\t\t\t<div class=\"elementor-widget-container\">\n\t\t\t\t\t\t\t<div class=\"elementor-image-gallery\">\n\t\t\t<div id='gallery-1' class='gallery galleryid-1866 gallery-columns-5 gallery-size-thumbnail'><figure class='gallery-item'>\n\t\t\t<div class='gallery-icon landscape'>\n\t\t\t\t<a data-elementor-open-lightbox=\"yes\" data-elementor-lightbox-slideshow=\"508c466\" data-elementor-lightbox-title=\"IMG-20220430-WA0019\" data-e-action-hash=\"#elementor-action%3Aaction%3Dlightbox%26settings%3DeyJpZCI6MTg4NiwidXJsIjoiaHR0cHM6XC9cL3N2LWlsbHNjaHdhbmcuZGVcL3dwLWNvbnRlbnRcL3VwbG9hZHNcLzIwMjJcLzA1XC9JTUctMjAyMjA0MzAtV0EwMDE5LmpwZyIsInNsaWRlc2hvdyI6IjUwOGM0NjYifQ%3D%3D\" href='https:\/\/sv-illschwang.de\/wp-content\/uploads\/2022\/05\/IMG-20220430-WA0019.jpg'><img decoding=\"async\" width=\"150\" height=\"150\" src=\"https:\/\/sv-illschwang.de\/wp-content\/uploads\/2022\/05\/IMG-20220430-WA0019-150x150.jpg\" class=\"attachment-thumbnail size-thumbnail\" alt=\"\" \/><\/a>\n\t\t\t<\/div><\/figure><figure class='gallery-item'>\n\t\t\t<div class='gallery-icon landscape'>\n\t\t\t\t<a data-elementor-open-lightbox=\"yes\" data-elementor-lightbox-slideshow=\"508c466\" data-elementor-lightbox-title=\"IMG-20220430-WA0006\" data-e-action-hash=\"#elementor-action%3Aaction%3Dlightbox%26settings%3DeyJpZCI6MTg4NSwidXJsIjoiaHR0cHM6XC9cL3N2LWlsbHNjaHdhbmcuZGVcL3dwLWNvbnRlbnRcL3VwbG9hZHNcLzIwMjJcLzA1XC9JTUctMjAyMjA0MzAtV0EwMDA2LmpwZyIsInNsaWRlc2hvdyI6IjUwOGM0NjYifQ%3D%3D\" href='https:\/\/sv-illschwang.de\/wp-content\/uploads\/2022\/05\/IMG-20220430-WA0006.jpg'><img decoding=\"async\" width=\"150\" height=\"150\" src=\"https:\/\/sv-illschwang.de\/wp-content\/uploads\/2022\/05\/IMG-20220430-WA0006-150x150.jpg\" class=\"attachment-thumbnail size-thumbnail\" alt=\"\" \/><\/a>\n\t\t\t<\/div><\/figure><figure class='gallery-item'>\n\t\t\t<div class='gallery-icon landscape'>\n\t\t\t\t<a data-elementor-open-lightbox=\"yes\" data-elementor-lightbox-slideshow=\"508c466\" data-elementor-lightbox-title=\"IMG-20220430-WA0004\" data-e-action-hash=\"#elementor-action%3Aaction%3Dlightbox%26settings%3DeyJpZCI6MTg4NCwidXJsIjoiaHR0cHM6XC9cL3N2LWlsbHNjaHdhbmcuZGVcL3dwLWNvbnRlbnRcL3VwbG9hZHNcLzIwMjJcLzA1XC9JTUctMjAyMjA0MzAtV0EwMDA0LmpwZyIsInNsaWRlc2hvdyI6IjUwOGM0NjYifQ%3D%3D\" href='https:\/\/sv-illschwang.de\/wp-content\/uploads\/2022\/05\/IMG-20220430-WA0004.jpg'><img decoding=\"async\" width=\"150\" height=\"150\" src=\"https:\/\/sv-illschwang.de\/wp-content\/uploads\/2022\/05\/IMG-20220430-WA0004-150x150.jpg\" class=\"attachment-thumbnail size-thumbnail\" alt=\"\" \/><\/a>\n\t\t\t<\/div><\/figure><figure class='gallery-item'>\n\t\t\t<div class='gallery-icon landscape'>\n\t\t\t\t<a data-elementor-open-lightbox=\"yes\" data-elementor-lightbox-slideshow=\"508c466\" data-elementor-lightbox-title=\"IMG-20220430-WA0001\" data-e-action-hash=\"#elementor-action%3Aaction%3Dlightbox%26settings%3DeyJpZCI6MTg4MywidXJsIjoiaHR0cHM6XC9cL3N2LWlsbHNjaHdhbmcuZGVcL3dwLWNvbnRlbnRcL3VwbG9hZHNcLzIwMjJcLzA1XC9JTUctMjAyMjA0MzAtV0EwMDAxLmpwZyIsInNsaWRlc2hvdyI6IjUwOGM0NjYifQ%3D%3D\" href='https:\/\/sv-illschwang.de\/wp-content\/uploads\/2022\/05\/IMG-20220430-WA0001.jpg'><img loading=\"lazy\" decoding=\"async\" width=\"150\" height=\"150\" src=\"https:\/\/sv-illschwang.de\/wp-content\/uploads\/2022\/05\/IMG-20220430-WA0001-150x150.jpg\" class=\"attachment-thumbnail size-thumbnail\" alt=\"\" \/><\/a>\n\t\t\t<\/div><\/figure><figure class='gallery-item'>\n\t\t\t<div class='gallery-icon landscape'>\n\t\t\t\t<a data-elementor-open-lightbox=\"yes\" data-elementor-lightbox-slideshow=\"508c466\" data-elementor-lightbox-title=\"20220430_140207\" data-e-action-hash=\"#elementor-action%3Aaction%3Dlightbox%26settings%3DeyJpZCI6MTg4MiwidXJsIjoiaHR0cHM6XC9cL3N2LWlsbHNjaHdhbmcuZGVcL3dwLWNvbnRlbnRcL3VwbG9hZHNcLzIwMjJcLzA1XC8yMDIyMDQzMF8xNDAyMDctc2NhbGVkLmpwZyIsInNsaWRlc2hvdyI6IjUwOGM0NjYifQ%3D%3D\" href='https:\/\/sv-illschwang.de\/wp-content\/uploads\/2022\/05\/20220430_140207-scaled.jpg'><img loading=\"lazy\" decoding=\"async\" width=\"150\" height=\"150\" src=\"https:\/\/sv-illschwang.de\/wp-content\/uploads\/2022\/05\/20220430_140207-150x150.jpg\" class=\"attachment-thumbnail size-thumbnail\" alt=\"\" \/><\/a>\n\t\t\t<\/div><\/figure><figure class='gallery-item'>\n\t\t\t<div class='gallery-icon landscape'>\n\t\t\t\t<a data-elementor-open-lightbox=\"yes\" data-elementor-lightbox-slideshow=\"508c466\" data-elementor-lightbox-title=\"20220430_134523\" data-e-action-hash=\"#elementor-action%3Aaction%3Dlightbox%26settings%3DeyJpZCI6MTg3NiwidXJsIjoiaHR0cHM6XC9cL3N2LWlsbHNjaHdhbmcuZGVcL3dwLWNvbnRlbnRcL3VwbG9hZHNcLzIwMjJcLzA1XC8yMDIyMDQzMF8xMzQ1MjMtc2NhbGVkLmpwZyIsInNsaWRlc2hvdyI6IjUwOGM0NjYifQ%3D%3D\" href='https:\/\/sv-illschwang.de\/wp-content\/uploads\/2022\/05\/20220430_134523-scaled.jpg'><img loading=\"lazy\" decoding=\"async\" width=\"150\" height=\"150\" src=\"https:\/\/sv-illschwang.de\/wp-content\/uploads\/2022\/05\/20220430_134523-150x150.jpg\" class=\"attachment-thumbnail size-thumbnail\" alt=\"\" \/><\/a>\n\t\t\t<\/div><\/figure><figure class='gallery-item'>\n\t\t\t<div class='gallery-icon landscape'>\n\t\t\t\t<a data-elementor-open-lightbox=\"yes\" data-elementor-lightbox-slideshow=\"508c466\" data-elementor-lightbox-title=\"20220430_135052\" data-e-action-hash=\"#elementor-action%3Aaction%3Dlightbox%26settings%3DeyJpZCI6MTg3OCwidXJsIjoiaHR0cHM6XC9cL3N2LWlsbHNjaHdhbmcuZGVcL3dwLWNvbnRlbnRcL3VwbG9hZHNcLzIwMjJcLzA1XC8yMDIyMDQzMF8xMzUwNTItc2NhbGVkLmpwZyIsInNsaWRlc2hvdyI6IjUwOGM0NjYifQ%3D%3D\" href='https:\/\/sv-illschwang.de\/wp-content\/uploads\/2022\/05\/20220430_135052-scaled.jpg'><img loading=\"lazy\" decoding=\"async\" width=\"150\" height=\"150\" src=\"https:\/\/sv-illschwang.de\/wp-content\/uploads\/2022\/05\/20220430_135052-150x150.jpg\" class=\"attachment-thumbnail size-thumbnail\" alt=\"\" \/><\/a>\n\t\t\t<\/div><\/figure><figure class='gallery-item'>\n\t\t\t<div class='gallery-icon landscape'>\n\t\t\t\t<a data-elementor-open-lightbox=\"yes\" data-elementor-lightbox-slideshow=\"508c466\" data-elementor-lightbox-title=\"20220430_135151\" data-e-action-hash=\"#elementor-action%3Aaction%3Dlightbox%26settings%3DeyJpZCI6MTg3OSwidXJsIjoiaHR0cHM6XC9cL3N2LWlsbHNjaHdhbmcuZGVcL3dwLWNvbnRlbnRcL3VwbG9hZHNcLzIwMjJcLzA1XC8yMDIyMDQzMF8xMzUxNTEtc2NhbGVkLmpwZyIsInNsaWRlc2hvdyI6IjUwOGM0NjYifQ%3D%3D\" href='https:\/\/sv-illschwang.de\/wp-content\/uploads\/2022\/05\/20220430_135151-scaled.jpg'><img loading=\"lazy\" decoding=\"async\" width=\"150\" height=\"150\" src=\"https:\/\/sv-illschwang.de\/wp-content\/uploads\/2022\/05\/20220430_135151-150x150.jpg\" class=\"attachment-thumbnail size-thumbnail\" alt=\"\" \/><\/a>\n\t\t\t<\/div><\/figure><figure class='gallery-item'>\n\t\t\t<div class='gallery-icon landscape'>\n\t\t\t\t<a data-elementor-open-lightbox=\"yes\" data-elementor-lightbox-slideshow=\"508c466\" data-elementor-lightbox-title=\"20220430_140108\" data-e-action-hash=\"#elementor-action%3Aaction%3Dlightbox%26settings%3DeyJpZCI6MTg4MCwidXJsIjoiaHR0cHM6XC9cL3N2LWlsbHNjaHdhbmcuZGVcL3dwLWNvbnRlbnRcL3VwbG9hZHNcLzIwMjJcLzA1XC8yMDIyMDQzMF8xNDAxMDgtc2NhbGVkLmpwZyIsInNsaWRlc2hvdyI6IjUwOGM0NjYifQ%3D%3D\" href='https:\/\/sv-illschwang.de\/wp-content\/uploads\/2022\/05\/20220430_140108-scaled.jpg'><img loading=\"lazy\" decoding=\"async\" width=\"150\" height=\"150\" src=\"https:\/\/sv-illschwang.de\/wp-content\/uploads\/2022\/05\/20220430_140108-150x150.jpg\" class=\"attachment-thumbnail size-thumbnail\" alt=\"\" \/><\/a>\n\t\t\t<\/div><\/figure><figure class='gallery-item'>\n\t\t\t<div class='gallery-icon landscape'>\n\t\t\t\t<a data-elementor-open-lightbox=\"yes\" data-elementor-lightbox-slideshow=\"508c466\" data-elementor-lightbox-title=\"20220430_140151\" data-e-action-hash=\"#elementor-action%3Aaction%3Dlightbox%26settings%3DeyJpZCI6MTg4MSwidXJsIjoiaHR0cHM6XC9cL3N2LWlsbHNjaHdhbmcuZGVcL3dwLWNvbnRlbnRcL3VwbG9hZHNcLzIwMjJcLzA1XC8yMDIyMDQzMF8xNDAxNTEtc2NhbGVkLmpwZyIsInNsaWRlc2hvdyI6IjUwOGM0NjYifQ%3D%3D\" href='https:\/\/sv-illschwang.de\/wp-content\/uploads\/2022\/05\/20220430_140151-scaled.jpg'><img loading=\"lazy\" decoding=\"async\" width=\"150\" height=\"150\" src=\"https:\/\/sv-illschwang.de\/wp-content\/uploads\/2022\/05\/20220430_140151-150x150.jpg\" class=\"attachment-thumbnail size-thumbnail\" alt=\"\" \/><\/a>\n\t\t\t<\/div><\/figure><figure class='gallery-item'>\n\t\t\t<div class='gallery-icon landscape'>\n\t\t\t\t<a data-elementor-open-lightbox=\"yes\" data-elementor-lightbox-slideshow=\"508c466\" data-elementor-lightbox-title=\"20220430_134408\" data-e-action-hash=\"#elementor-action%3Aaction%3Dlightbox%26settings%3DeyJpZCI6MTg3NSwidXJsIjoiaHR0cHM6XC9cL3N2LWlsbHNjaHdhbmcuZGVcL3dwLWNvbnRlbnRcL3VwbG9hZHNcLzIwMjJcLzA1XC8yMDIyMDQzMF8xMzQ0MDgtc2NhbGVkLmpwZyIsInNsaWRlc2hvdyI6IjUwOGM0NjYifQ%3D%3D\" href='https:\/\/sv-illschwang.de\/wp-content\/uploads\/2022\/05\/20220430_134408-scaled.jpg'><img loading=\"lazy\" decoding=\"async\" width=\"150\" height=\"150\" src=\"https:\/\/sv-illschwang.de\/wp-content\/uploads\/2022\/05\/20220430_134408-150x150.jpg\" class=\"attachment-thumbnail size-thumbnail\" alt=\"\" \/><\/a>\n\t\t\t<\/div><\/figure><figure class='gallery-item'>\n\t\t\t<div class='gallery-icon portrait'>\n\t\t\t\t<a data-elementor-open-lightbox=\"yes\" data-elementor-lightbox-slideshow=\"508c466\" data-elementor-lightbox-title=\"20220430_134149\" data-e-action-hash=\"#elementor-action%3Aaction%3Dlightbox%26settings%3DeyJpZCI6MTg3MywidXJsIjoiaHR0cHM6XC9cL3N2LWlsbHNjaHdhbmcuZGVcL3dwLWNvbnRlbnRcL3VwbG9hZHNcLzIwMjJcLzA1XC8yMDIyMDQzMF8xMzQxNDktc2NhbGVkLmpwZyIsInNsaWRlc2hvdyI6IjUwOGM0NjYifQ%3D%3D\" href='https:\/\/sv-illschwang.de\/wp-content\/uploads\/2022\/05\/20220430_134149-scaled.jpg'><img loading=\"lazy\" decoding=\"async\" width=\"150\" height=\"150\" src=\"https:\/\/sv-illschwang.de\/wp-content\/uploads\/2022\/05\/20220430_134149-150x150.jpg\" class=\"attachment-thumbnail size-thumbnail\" alt=\"\" \/><\/a>\n\t\t\t<\/div><\/figure><figure class='gallery-item'>\n\t\t\t<div class='gallery-icon portrait'>\n\t\t\t\t<a data-elementor-open-lightbox=\"yes\" data-elementor-lightbox-slideshow=\"508c466\" data-elementor-lightbox-title=\"20220430_133047\" data-e-action-hash=\"#elementor-action%3Aaction%3Dlightbox%26settings%3DeyJpZCI6MTg3MiwidXJsIjoiaHR0cHM6XC9cL3N2LWlsbHNjaHdhbmcuZGVcL3dwLWNvbnRlbnRcL3VwbG9hZHNcLzIwMjJcLzA1XC8yMDIyMDQzMF8xMzMwNDctc2NhbGVkLmpwZyIsInNsaWRlc2hvdyI6IjUwOGM0NjYifQ%3D%3D\" href='https:\/\/sv-illschwang.de\/wp-content\/uploads\/2022\/05\/20220430_133047-scaled.jpg'><img loading=\"lazy\" decoding=\"async\" width=\"150\" height=\"150\" src=\"https:\/\/sv-illschwang.de\/wp-content\/uploads\/2022\/05\/20220430_133047-150x150.jpg\" class=\"attachment-thumbnail size-thumbnail\" alt=\"\" \/><\/a>\n\t\t\t<\/div><\/figure><figure class='gallery-item'>\n\t\t\t<div class='gallery-icon portrait'>\n\t\t\t\t<a data-elementor-open-lightbox=\"yes\" data-elementor-lightbox-slideshow=\"508c466\" data-elementor-lightbox-title=\"20220430_133032\" data-e-action-hash=\"#elementor-action%3Aaction%3Dlightbox%26settings%3DeyJpZCI6MTg3MSwidXJsIjoiaHR0cHM6XC9cL3N2LWlsbHNjaHdhbmcuZGVcL3dwLWNvbnRlbnRcL3VwbG9hZHNcLzIwMjJcLzA1XC8yMDIyMDQzMF8xMzMwMzItc2NhbGVkLmpwZyIsInNsaWRlc2hvdyI6IjUwOGM0NjYifQ%3D%3D\" href='https:\/\/sv-illschwang.de\/wp-content\/uploads\/2022\/05\/20220430_133032-scaled.jpg'><img loading=\"lazy\" decoding=\"async\" width=\"150\" height=\"150\" src=\"https:\/\/sv-illschwang.de\/wp-content\/uploads\/2022\/05\/20220430_133032-150x150.jpg\" class=\"attachment-thumbnail size-thumbnail\" alt=\"\" \/><\/a>\n\t\t\t<\/div><\/figure><figure class='gallery-item'>\n\t\t\t<div class='gallery-icon landscape'>\n\t\t\t\t<a data-elementor-open-lightbox=\"yes\" data-elementor-lightbox-slideshow=\"508c466\" data-elementor-lightbox-title=\"20220430_134212\" data-e-action-hash=\"#elementor-action%3Aaction%3Dlightbox%26settings%3DeyJpZCI6MTg3NCwidXJsIjoiaHR0cHM6XC9cL3N2LWlsbHNjaHdhbmcuZGVcL3dwLWNvbnRlbnRcL3VwbG9hZHNcLzIwMjJcLzA1XC8yMDIyMDQzMF8xMzQyMTItc2NhbGVkLmpwZyIsInNsaWRlc2hvdyI6IjUwOGM0NjYifQ%3D%3D\" href='https:\/\/sv-illschwang.de\/wp-content\/uploads\/2022\/05\/20220430_134212-scaled.jpg'><img loading=\"lazy\" decoding=\"async\" width=\"150\" height=\"150\" src=\"https:\/\/sv-illschwang.de\/wp-content\/uploads\/2022\/05\/20220430_134212-150x150.jpg\" class=\"attachment-thumbnail size-thumbnail\" alt=\"\" \/><\/a>\n\t\t\t<\/div><\/figure>\n\t\t<\/div>\n\t\t<\/div>\n\t\t\t\t\t\t<\/div>\n\t\t\t\t<\/div>\n\t\t\t\t\t<\/div>\n\t\t<\/div>\n\t\t\t\t\t<\/div>\n\t\t<\/section>\n\t\t\t\t<\/div>\n\t\t","protected":false},"excerpt":{"rendered":"<p>Zum Auftakt des Landkreis-Cup 2022 fand in Mendorferbuch der traditionelle Minimauslauf statt. Insgesamt gingen 149 L\u00e4uferinnen und L\u00e4ufer an den Start. Der Lauftreff des SV Illschwang stellte mit 34 Teilnehmern die gr\u00f6\u00dfte Anzahl an L\u00e4uferinnen und L\u00e4ufer. Nachfolgend ein paar Impressionen des ersten Laufes im Jahr 2022.<\/p>\n","protected":false},"author":3,"featured_media":0,"parent":0,"menu_order":0,"comment_status":"closed","ping_status":"closed","template":"","meta":{"footnotes":""},"class_list":["post-1866","page","type-page","status-publish","hentry"],"_links":{"self":[{"href":"http:\/\/sv-illschwang.de\/index.php?rest_route=\/wp\/v2\/pages\/1866","targetHints":{"allow":["GET"]}}],"collection":[{"href":"http:\/\/sv-illschwang.de\/index.php?rest_route=\/wp\/v2\/pages"}],"about":[{"href":"http:\/\/sv-illschwang.de\/index.php?rest_route=\/wp\/v2\/types\/page"}],"author":[{"embeddable":true,"href":"http:\/\/sv-illschwang.de\/index.php?rest_route=\/wp\/v2\/users\/3"}],"replies":[{"embeddable":true,"href":"http:\/\/sv-illschwang.de\/index.php?rest_route=%2Fwp%2Fv2%2Fcomments&post=1866"}],"version-history":[{"count":25,"href":"http:\/\/sv-illschwang.de\/index.php?rest_route=\/wp\/v2\/pages\/1866\/revisions"}],"predecessor-version":[{"id":1915,"href":"http:\/\/sv-illschwang.de\/index.php?rest_route=\/wp\/v2\/pages\/1866\/revisions\/1915"}],"wp:attachment":[{"href":"http:\/\/sv-illschwang.de\/index.php?rest_route=%2Fwp%2Fv2%2Fmedia&parent=1866"}],"curies":[{"name":"wp","href":"https:\/\/api.w.org\/{rel}","templated":true}]}}