{"id":2287,"date":"2022-10-27T09:33:13","date_gmt":"2022-10-27T07:33:13","guid":{"rendered":"http:\/\/sv-illschwang.de\/?page_id=2287"},"modified":"2024-08-07T23:06:07","modified_gmt":"2024-08-07T21:06:07","slug":"nw-fuer-aeltere","status":"publish","type":"page","link":"http:\/\/sv-illschwang.de\/?page_id=2287","title":{"rendered":"Nordic-Walking-Treff 60+"},"content":{"rendered":"\t\t<div data-elementor-type=\"wp-page\" data-elementor-id=\"2287\" class=\"elementor elementor-2287\">\n\t\t\t\t\t\t<section class=\"elementor-section elementor-top-section elementor-element elementor-element-d384585 elementor-section-boxed elementor-section-height-default elementor-section-height-default\" data-id=\"d384585\" data-element_type=\"section\">\n\t\t\t\t\t\t<div class=\"elementor-container elementor-column-gap-default\">\n\t\t\t\t\t<div class=\"elementor-column elementor-col-100 elementor-top-column elementor-element elementor-element-3fb6d64\" data-id=\"3fb6d64\" data-element_type=\"column\">\n\t\t\t<div class=\"elementor-widget-wrap elementor-element-populated\">\n\t\t\t\t\t\t<div class=\"elementor-element elementor-element-4db9163 elementor-widget elementor-widget-image\" data-id=\"4db9163\" data-element_type=\"widget\" data-widget_type=\"image.default\">\n\t\t\t\t<div class=\"elementor-widget-container\">\n\t\t\t\t\t\t\t\t\t\t\t\t\t\t\t<img fetchpriority=\"high\" decoding=\"async\" width=\"640\" height=\"359\" src=\"https:\/\/sv-illschwang.de\/wp-content\/uploads\/2024\/08\/LAUFTREFF-62-1024x575.jpg\" class=\"attachment-large size-large wp-image-3594\" alt=\"\" srcset=\"https:\/\/sv-illschwang.de\/wp-content\/uploads\/2024\/08\/LAUFTREFF-62-1024x575.jpg 1024w, https:\/\/sv-illschwang.de\/wp-content\/uploads\/2024\/08\/LAUFTREFF-62-300x168.jpg 300w, https:\/\/sv-illschwang.de\/wp-content\/uploads\/2024\/08\/LAUFTREFF-62-768x431.jpg 768w, https:\/\/sv-illschwang.de\/wp-content\/uploads\/2024\/08\/LAUFTREFF-62-1536x862.jpg 1536w, https:\/\/sv-illschwang.de\/wp-content\/uploads\/2024\/08\/LAUFTREFF-62-2048x1150.jpg 2048w\" sizes=\"(max-width: 640px) 100vw, 640px\" \/>\t\t\t\t\t\t\t\t\t\t\t\t\t\t\t<\/div>\n\t\t\t\t<\/div>\n\t\t\t\t\t<\/div>\n\t\t<\/div>\n\t\t\t\t\t<\/div>\n\t\t<\/section>\n\t\t\t\t<section class=\"elementor-section elementor-top-section elementor-element elementor-element-1722c5b elementor-section-boxed elementor-section-height-default elementor-section-height-default\" data-id=\"1722c5b\" data-element_type=\"section\">\n\t\t\t\t\t\t<div class=\"elementor-container elementor-column-gap-default\">\n\t\t\t\t\t<div class=\"elementor-column elementor-col-100 elementor-top-column elementor-element elementor-element-1d034a2\" data-id=\"1d034a2\" data-element_type=\"column\">\n\t\t\t<div class=\"elementor-widget-wrap elementor-element-populated\">\n\t\t\t\t\t\t<div class=\"elementor-element elementor-element-0ab6684 elementor-widget elementor-widget-text-editor\" data-id=\"0ab6684\" data-element_type=\"widget\" data-widget_type=\"text-editor.default\">\n\t\t\t\t<div class=\"elementor-widget-container\">\n\t\t\t\t\t\t\t\t\t<p>Treffpunkt ist ganzj\u00e4hrig jeweils montags um 14 Uhr vor der Kapelle Patrona Bavariae, Propsteiweg 4.<\/p>\n<p>Teilnahmegeb\u00fchr f\u00fcr Nichtmitglieder: 30 Euro\/Jahr<\/p>\n<p>Nordic-Walking-St\u00f6cke k\u00f6nnen f\u00fcr ein Schnuppertraining ausgeliehen werden.<\/p>\t\t\t\t\t\t\t\t<\/div>\n\t\t\t\t<\/div>\n\t\t\t\t\t<\/div>\n\t\t<\/div>\n\t\t\t\t\t<\/div>\n\t\t<\/section>\n\t\t\t\t<section class=\"elementor-section elementor-top-section elementor-element elementor-element-b6dd65c elementor-section-boxed elementor-section-height-default elementor-section-height-default\" data-id=\"b6dd65c\" data-element_type=\"section\">\n\t\t\t\t\t\t<div class=\"elementor-container elementor-column-gap-default\">\n\t\t\t\t\t<div class=\"elementor-column elementor-col-50 elementor-top-column elementor-element elementor-element-9d55337\" data-id=\"9d55337\" data-element_type=\"column\">\n\t\t\t<div class=\"elementor-widget-wrap elementor-element-populated\">\n\t\t\t\t\t\t<div class=\"elementor-element elementor-element-b380b64 elementor-widget elementor-widget-image\" data-id=\"b380b64\" data-element_type=\"widget\" data-widget_type=\"image.default\">\n\t\t\t\t<div class=\"elementor-widget-container\">\n\t\t\t\t\t\t\t\t\t\t\t\t\t\t\t<img decoding=\"async\" src=\"https:\/\/sv-illschwang.de\/wp-content\/plugins\/elementor\/assets\/images\/placeholder.png\" title=\"\" alt=\"\" loading=\"lazy\" \/>\t\t\t\t\t\t\t\t\t\t\t\t\t\t\t<\/div>\n\t\t\t\t<\/div>\n\t\t\t\t\t<\/div>\n\t\t<\/div>\n\t\t\t\t<div class=\"elementor-column elementor-col-50 elementor-top-column elementor-element elementor-element-3100674\" data-id=\"3100674\" data-element_type=\"column\">\n\t\t\t<div class=\"elementor-widget-wrap elementor-element-populated\">\n\t\t\t\t\t\t<div class=\"elementor-element elementor-element-1858c65 elementor-widget elementor-widget-text-editor\" data-id=\"1858c65\" data-element_type=\"widget\" data-widget_type=\"text-editor.default\">\n\t\t\t\t<div class=\"elementor-widget-container\">\n\t\t\t\t\t\t\t\t\t<p>Ingrid Koch<br \/>09661-8880526<\/p>\t\t\t\t\t\t\t\t<\/div>\n\t\t\t\t<\/div>\n\t\t\t\t\t<\/div>\n\t\t<\/div>\n\t\t\t\t\t<\/div>\n\t\t<\/section>\n\t\t\t\t<section class=\"elementor-section elementor-top-section elementor-element elementor-element-13c23b2 elementor-section-boxed elementor-section-height-default elementor-section-height-default\" data-id=\"13c23b2\" data-element_type=\"section\">\n\t\t\t\t\t\t<div class=\"elementor-container elementor-column-gap-default\">\n\t\t\t\t\t<div class=\"elementor-column elementor-col-100 elementor-top-column elementor-element elementor-element-b79c015\" data-id=\"b79c015\" data-element_type=\"column\">\n\t\t\t<div class=\"elementor-widget-wrap elementor-element-populated\">\n\t\t\t\t\t\t<div class=\"elementor-element elementor-element-791663f elementor-widget elementor-widget-text-editor\" data-id=\"791663f\" data-element_type=\"widget\" data-widget_type=\"text-editor.default\">\n\t\t\t\t<div class=\"elementor-widget-container\">\n\t\t\t\t\t\t\t\t\t<p>6-8 Teilnehmer\/innen laufen ca. 60-90 Minuten auf den Strecken des Illschwanger-Nordic-Walking-Parks. Nach Absprache wird auch in P\u00fcrschl\u00e4g oder Sulzbach-Rosenberg gewalkt. An sehr hei\u00dfen Sommertagen machen wir Water-Walking im Freibad. Viertelj\u00e4hrlich gibt\u2019s im Anschluss ans Training Kaffee und Kuchen bei einer der Walker\/innen oder im Caf\u00e9.<\/p>\t\t\t\t\t\t\t\t<\/div>\n\t\t\t\t<\/div>\n\t\t\t\t\t<\/div>\n\t\t<\/div>\n\t\t\t\t\t<\/div>\n\t\t<\/section>\n\t\t\t\t<section class=\"elementor-section elementor-top-section elementor-element elementor-element-a707e22 elementor-section-boxed elementor-section-height-default elementor-section-height-default\" data-id=\"a707e22\" data-element_type=\"section\">\n\t\t\t\t\t\t<div class=\"elementor-container elementor-column-gap-default\">\n\t\t\t\t\t<div class=\"elementor-column elementor-col-50 elementor-top-column elementor-element elementor-element-cdce96a\" data-id=\"cdce96a\" data-element_type=\"column\">\n\t\t\t<div class=\"elementor-widget-wrap elementor-element-populated\">\n\t\t\t\t\t\t<div class=\"elementor-element elementor-element-f28985a elementor-widget elementor-widget-image\" data-id=\"f28985a\" data-element_type=\"widget\" data-widget_type=\"image.default\">\n\t\t\t\t<div class=\"elementor-widget-container\">\n\t\t\t\t\t\t\t\t\t\t\t\t\t\t\t<img decoding=\"async\" width=\"577\" height=\"1024\" src=\"https:\/\/sv-illschwang.de\/wp-content\/uploads\/2024\/08\/Lauftreff-61-577x1024.jpg\" class=\"attachment-large size-large wp-image-3595\" alt=\"\" srcset=\"https:\/\/sv-illschwang.de\/wp-content\/uploads\/2024\/08\/Lauftreff-61-577x1024.jpg 577w, https:\/\/sv-illschwang.de\/wp-content\/uploads\/2024\/08\/Lauftreff-61-169x300.jpg 169w, https:\/\/sv-illschwang.de\/wp-content\/uploads\/2024\/08\/Lauftreff-61-768x1364.jpg 768w, https:\/\/sv-illschwang.de\/wp-content\/uploads\/2024\/08\/Lauftreff-61-865x1536.jpg 865w, https:\/\/sv-illschwang.de\/wp-content\/uploads\/2024\/08\/Lauftreff-61-1153x2048.jpg 1153w, https:\/\/sv-illschwang.de\/wp-content\/uploads\/2024\/08\/Lauftreff-61-scaled.jpg 1441w\" sizes=\"(max-width: 577px) 100vw, 577px\" \/>\t\t\t\t\t\t\t\t\t\t\t\t\t\t\t<\/div>\n\t\t\t\t<\/div>\n\t\t\t\t\t<\/div>\n\t\t<\/div>\n\t\t\t\t<div class=\"elementor-column elementor-col-50 elementor-top-column elementor-element elementor-element-af0f37b\" data-id=\"af0f37b\" data-element_type=\"column\">\n\t\t\t<div class=\"elementor-widget-wrap elementor-element-populated\">\n\t\t\t\t\t\t<div class=\"elementor-element elementor-element-edfec4f elementor-widget elementor-widget-image\" data-id=\"edfec4f\" data-element_type=\"widget\" data-widget_type=\"image.default\">\n\t\t\t\t<div class=\"elementor-widget-container\">\n\t\t\t\t\t\t\t\t\t\t\t\t\t\t\t<img decoding=\"async\" width=\"583\" height=\"1024\" src=\"https:\/\/sv-illschwang.de\/wp-content\/uploads\/2024\/08\/Lauftreff-60-583x1024.jpg\" class=\"attachment-large size-large wp-image-3596\" alt=\"\" srcset=\"https:\/\/sv-illschwang.de\/wp-content\/uploads\/2024\/08\/Lauftreff-60-583x1024.jpg 583w, https:\/\/sv-illschwang.de\/wp-content\/uploads\/2024\/08\/Lauftreff-60-171x300.jpg 171w, https:\/\/sv-illschwang.de\/wp-content\/uploads\/2024\/08\/Lauftreff-60-768x1348.jpg 768w, https:\/\/sv-illschwang.de\/wp-content\/uploads\/2024\/08\/Lauftreff-60-875x1536.jpg 875w, https:\/\/sv-illschwang.de\/wp-content\/uploads\/2024\/08\/Lauftreff-60-1167x2048.jpg 1167w, https:\/\/sv-illschwang.de\/wp-content\/uploads\/2024\/08\/Lauftreff-60-scaled.jpg 1459w\" sizes=\"(max-width: 583px) 100vw, 583px\" \/>\t\t\t\t\t\t\t\t\t\t\t\t\t\t\t<\/div>\n\t\t\t\t<\/div>\n\t\t\t\t\t<\/div>\n\t\t<\/div>\n\t\t\t\t\t<\/div>\n\t\t<\/section>\n\t\t\t\t<\/div>\n\t\t","protected":false},"excerpt":{"rendered":"<p>Treffpunkt ist ganzj\u00e4hrig jeweils montags um 14 Uhr vor der Kapelle Patrona Bavariae, Propsteiweg 4. Teilnahmegeb\u00fchr f\u00fcr Nichtmitglieder: 30 Euro\/Jahr Nordic-Walking-St\u00f6cke k\u00f6nnen f\u00fcr ein Schnuppertraining ausgeliehen werden. Ingrid Koch09661-8880526 6-8 Teilnehmer\/innen laufen ca. 60-90 Minuten auf den Strecken des Illschwanger-Nordic-Walking-Parks. Nach Absprache wird auch in P\u00fcrschl\u00e4g oder Sulzbach-Rosenberg gewalkt. An sehr hei\u00dfen Sommertagen machen wir [&hellip;]<\/p>\n","protected":false},"author":2,"featured_media":0,"parent":0,"menu_order":0,"comment_status":"closed","ping_status":"closed","template":"","meta":{"footnotes":""},"class_list":["post-2287","page","type-page","status-publish","hentry"],"_links":{"self":[{"href":"http:\/\/sv-illschwang.de\/index.php?rest_route=\/wp\/v2\/pages\/2287","targetHints":{"allow":["GET"]}}],"collection":[{"href":"http:\/\/sv-illschwang.de\/index.php?rest_route=\/wp\/v2\/pages"}],"about":[{"href":"http:\/\/sv-illschwang.de\/index.php?rest_route=\/wp\/v2\/types\/page"}],"author":[{"embeddable":true,"href":"http:\/\/sv-illschwang.de\/index.php?rest_route=\/wp\/v2\/users\/2"}],"replies":[{"embeddable":true,"href":"http:\/\/sv-illschwang.de\/index.php?rest_route=%2Fwp%2Fv2%2Fcomments&post=2287"}],"version-history":[{"count":17,"href":"http:\/\/sv-illschwang.de\/index.php?rest_route=\/wp\/v2\/pages\/2287\/revisions"}],"predecessor-version":[{"id":3602,"href":"http:\/\/sv-illschwang.de\/index.php?rest_route=\/wp\/v2\/pages\/2287\/revisions\/3602"}],"wp:attachment":[{"href":"http:\/\/sv-illschwang.de\/index.php?rest_route=%2Fwp%2Fv2%2Fmedia&parent=2287"}],"curies":[{"name":"wp","href":"https:\/\/api.w.org\/{rel}","templated":true}]}}