{"id":262,"date":"2020-08-25T20:05:21","date_gmt":"2020-08-25T18:05:21","guid":{"rendered":"http:\/\/sv-illschwang.de\/?page_id=262"},"modified":"2023-07-28T13:34:58","modified_gmt":"2023-07-28T11:34:58","slug":"mitgiedsantrag","status":"publish","type":"page","link":"http:\/\/sv-illschwang.de\/?page_id=262","title":{"rendered":"Mitgliedsantrag"},"content":{"rendered":"\t\t<div data-elementor-type=\"wp-page\" data-elementor-id=\"262\" class=\"elementor elementor-262\">\n\t\t\t\t\t\t<section class=\"elementor-section elementor-top-section elementor-element elementor-element-c328b1b elementor-section-boxed elementor-section-height-default elementor-section-height-default\" data-id=\"c328b1b\" data-element_type=\"section\">\n\t\t\t\t\t\t<div class=\"elementor-container elementor-column-gap-default\">\n\t\t\t\t\t<div class=\"elementor-column elementor-col-100 elementor-top-column elementor-element elementor-element-00b02e3\" data-id=\"00b02e3\" data-element_type=\"column\">\n\t\t\t<div class=\"elementor-widget-wrap elementor-element-populated\">\n\t\t\t\t\t\t<div class=\"elementor-element elementor-element-0a702b9 elementor-widget elementor-widget-text-editor\" data-id=\"0a702b9\" data-element_type=\"widget\" data-widget_type=\"text-editor.default\">\n\t\t\t\t<div class=\"elementor-widget-container\">\n\t\t\t\t\t\t\t\t\t<p><strong>Ein herzliches Willkommen beim SV Illschwang!<\/strong><\/p><p><strong>Wir freuen uns sehr, dass Sie den Weg zu uns gefunden haben und sich f\u00fcr eine Mitgliedschaft in unserem Verein interessieren.<\/strong><\/p><p><strong>F\u00fcr Fragen rund um unser Vereinsleben oder die von uns angebotenen Aktionen stehen Ihnen alle Funktion\u00e4re oder die Leiter entsprechender Sparten zur Verf\u00fcgung.<\/strong><\/p><p><strong>Den Mitgliedsantrag bieten wir Ihnen hier\u00a0zum Download an:<br \/><br \/><a href=\"http:\/\/sv-illschwang.de\/wp-content\/uploads\/2023\/07\/SVI_Aufnahmeantrag_Stand_Juli-2023.pdf\">SVI_Aufnahmeantrag_Stand_Juli 2023<\/a><br \/><br \/><\/strong><\/p><p><strong>Wir w\u00fcrden uns sehr freuen, Sie baldm\u00f6glichst in unserer gro\u00dfen Familie begr\u00fc\u00dfen zu d\u00fcrfen!<\/strong><\/p><p><strong>Ihr SV Illschwang<\/strong><\/p>\t\t\t\t\t\t\t\t<\/div>\n\t\t\t\t<\/div>\n\t\t\t\t\t<\/div>\n\t\t<\/div>\n\t\t\t\t\t<\/div>\n\t\t<\/section>\n\t\t\t\t<\/div>\n\t\t","protected":false},"excerpt":{"rendered":"<p>Ein herzliches Willkommen beim SV Illschwang! Wir freuen uns sehr, dass Sie den Weg zu uns gefunden haben und sich f\u00fcr eine Mitgliedschaft in unserem Verein interessieren. F\u00fcr Fragen rund um unser Vereinsleben oder die von uns angebotenen Aktionen stehen Ihnen alle Funktion\u00e4re oder die Leiter entsprechender Sparten zur Verf\u00fcgung. Den Mitgliedsantrag bieten wir Ihnen [&hellip;]<\/p>\n","protected":false},"author":1,"featured_media":0,"parent":0,"menu_order":0,"comment_status":"closed","ping_status":"closed","template":"","meta":{"footnotes":""},"class_list":["post-262","page","type-page","status-publish","hentry"],"_links":{"self":[{"href":"http:\/\/sv-illschwang.de\/index.php?rest_route=\/wp\/v2\/pages\/262","targetHints":{"allow":["GET"]}}],"collection":[{"href":"http:\/\/sv-illschwang.de\/index.php?rest_route=\/wp\/v2\/pages"}],"about":[{"href":"http:\/\/sv-illschwang.de\/index.php?rest_route=\/wp\/v2\/types\/page"}],"author":[{"embeddable":true,"href":"http:\/\/sv-illschwang.de\/index.php?rest_route=\/wp\/v2\/users\/1"}],"replies":[{"embeddable":true,"href":"http:\/\/sv-illschwang.de\/index.php?rest_route=%2Fwp%2Fv2%2Fcomments&post=262"}],"version-history":[{"count":13,"href":"http:\/\/sv-illschwang.de\/index.php?rest_route=\/wp\/v2\/pages\/262\/revisions"}],"predecessor-version":[{"id":2976,"href":"http:\/\/sv-illschwang.de\/index.php?rest_route=\/wp\/v2\/pages\/262\/revisions\/2976"}],"wp:attachment":[{"href":"http:\/\/sv-illschwang.de\/index.php?rest_route=%2Fwp%2Fv2%2Fmedia&parent=262"}],"curies":[{"name":"wp","href":"https:\/\/api.w.org\/{rel}","templated":true}]}}