{"id":396,"date":"2020-08-30T20:54:33","date_gmt":"2020-08-30T18:54:33","guid":{"rendered":"http:\/\/sv-illschwang.de\/?page_id=396"},"modified":"2024-05-06T08:11:25","modified_gmt":"2024-05-06T06:11:25","slug":"kinderlauftreff","status":"publish","type":"page","link":"http:\/\/sv-illschwang.de\/?page_id=396","title":{"rendered":"Kinderlauftreff"},"content":{"rendered":"\t\t<div data-elementor-type=\"wp-page\" data-elementor-id=\"396\" class=\"elementor elementor-396\">\n\t\t\t\t\t\t<section class=\"elementor-section elementor-top-section elementor-element elementor-element-0d148f6 elementor-section-boxed elementor-section-height-default elementor-section-height-default\" data-id=\"0d148f6\" data-element_type=\"section\">\n\t\t\t\t\t\t<div class=\"elementor-container elementor-column-gap-default\">\n\t\t\t\t\t<div class=\"elementor-column elementor-col-100 elementor-top-column elementor-element elementor-element-aea93b1\" data-id=\"aea93b1\" data-element_type=\"column\">\n\t\t\t<div class=\"elementor-widget-wrap elementor-element-populated\">\n\t\t\t\t\t\t<div class=\"elementor-element elementor-element-7bb0d7b elementor-widget elementor-widget-heading\" data-id=\"7bb0d7b\" data-element_type=\"widget\" data-widget_type=\"heading.default\">\n\t\t\t\t<div class=\"elementor-widget-container\">\n\t\t\t\t\t<h2 class=\"elementor-heading-title elementor-size-default\">Trainingszeiten<br>Jeden Dienstag von 17.00 Uhr bis 18.15 Uhr <br>Treffpunkt: Sportheim Illschwang<\/h2>\t\t\t\t<\/div>\n\t\t\t\t<\/div>\n\t\t\t\t\t<\/div>\n\t\t<\/div>\n\t\t\t\t\t<\/div>\n\t\t<\/section>\n\t\t\t\t<section class=\"elementor-section elementor-top-section elementor-element elementor-element-e163722 elementor-section-boxed elementor-section-height-default elementor-section-height-default\" data-id=\"e163722\" data-element_type=\"section\">\n\t\t\t\t\t\t<div class=\"elementor-container elementor-column-gap-default\">\n\t\t\t\t\t<div class=\"elementor-column elementor-col-100 elementor-top-column elementor-element elementor-element-3c9c219\" data-id=\"3c9c219\" data-element_type=\"column\">\n\t\t\t<div class=\"elementor-widget-wrap elementor-element-populated\">\n\t\t\t\t\t\t<div class=\"elementor-element elementor-element-0555bfb elementor-widget elementor-widget-heading\" data-id=\"0555bfb\" data-element_type=\"widget\" data-widget_type=\"heading.default\">\n\t\t\t\t<div class=\"elementor-widget-container\">\n\t\t\t\t\t<h2 class=\"elementor-heading-title elementor-size-default\">Hi<b>nweise f\u00fcr die Eltern der Lauftreff-Jugend <\/b><\/h2>\t\t\t\t<\/div>\n\t\t\t\t<\/div>\n\t\t\t\t\t<\/div>\n\t\t<\/div>\n\t\t\t\t\t<\/div>\n\t\t<\/section>\n\t\t\t\t<section class=\"elementor-section elementor-top-section elementor-element elementor-element-0799fb0 elementor-section-boxed elementor-section-height-default elementor-section-height-default\" data-id=\"0799fb0\" data-element_type=\"section\">\n\t\t\t\t\t\t<div class=\"elementor-container elementor-column-gap-default\">\n\t\t\t\t\t<div class=\"elementor-column elementor-col-100 elementor-top-column elementor-element elementor-element-5b571d2\" data-id=\"5b571d2\" data-element_type=\"column\">\n\t\t\t<div class=\"elementor-widget-wrap elementor-element-populated\">\n\t\t\t\t\t\t<div class=\"elementor-element elementor-element-5ec48a0 elementor-widget elementor-widget-text-editor\" data-id=\"5ec48a0\" data-element_type=\"widget\" data-widget_type=\"text-editor.default\">\n\t\t\t\t<div class=\"elementor-widget-container\">\n\t\t\t\t\t\t\t\t\t<ul><li><strong>Termin?<\/strong> W\u00e4hrend der Sommerzeit (von April bis Oktober) treffen wir uns jeden Dienstag von 17.00 -18.15 Uhr am Sportplatz des SV Illschwang e.V. (bis voraussichtlich Ende Oktober).\u00a0<\/li><li><strong>Wer kann teilnehmen?\u00a0<\/strong>Kinder ab 6 Jahren. Aktuell sind wir leider vollst\u00e4ndig ausgebucht. Wir haben eine Warteliste, auf der man sich gerne registrieren lassen kann. Bitte hierzu Kontakt mit Dehling Andreas aufnehmen.\u00a0<\/li><li><strong>Wetter?<\/strong> Bei starkem Regenwetter entf\u00e4llt das Training. Bitte auf aktuelle Whats-App-Nachrichten achten.<\/li><li><strong>Wettl\u00e4ufe?<\/strong> Auf Laufveranstaltungen bereiten wir uns vor und nehmen, wer m\u00f6chte, gemeinsam daran teil.\u00a0<\/li><li><strong>Neu beim Lauftreff?<\/strong> &#8211; Ihr k\u00f6nnt gerne zwei- bis dreimal zum &#8222;Schnuppern&#8220; kommen und austesten, ob euch das Training genauso viel Spa\u00df macht wie uns!!! Wenn ihr dabei bleiben m\u00f6chtet, dann d\u00fcrft ihr Mitglied beim SV Illschwang werden und k\u00f6nnt das Formular dazu bei uns erfragen oder auf der Homepage downloaden.\u00a0<\/li><\/ul><p><strong>Zum Schluss noch ein paar allgemeine Hinweise:<\/strong><\/p><ul><li>bitte immer ausreichend zu trinken mitgeben<\/li><li>auf wetterfeste Kleidung achten (evtl. Regenjacke \/ Sonnenschutz \/ M\u00fctze&#8230;)<\/li><li>mind. 1 Stunde vor dem Training sollten die Kinder nichts mehr essen.<\/li><\/ul><p>Bitte meldet euch bei uns, wenn es Fragen und Anregungen gibt!<\/p><p>\u00a0 \u00a0 \u00a0 \u00a0 \u00a0 \u00a0 \u00a0 \u00a0 \u00a0 \u00a0 \u00a0 \u00a0 \u00a0<strong> Euer Team der Lauftreff-Jugend<\/strong><\/p><p>Andreas Dehling (0176 &#8211; 96209111)\u00a0 \u00a0 \u00a0 \u00a0 \u00a0 \u00a0 Irene Hollweck (0176 &#8211; 20165823)<\/p><p>Nadine Dehling (0176 &#8211; 80305659)\u00a0 \u00a0 \u00a0 \u00a0 \u00a0 \u00a0<\/p><p>J\u00fcrgen \u00dcbler (0151 &#8211; 41887699)<\/p>\t\t\t\t\t\t\t\t<\/div>\n\t\t\t\t<\/div>\n\t\t\t\t\t<\/div>\n\t\t<\/div>\n\t\t\t\t\t<\/div>\n\t\t<\/section>\n\t\t\t\t<section class=\"elementor-section elementor-top-section elementor-element elementor-element-aceeafe elementor-section-boxed elementor-section-height-default elementor-section-height-default\" data-id=\"aceeafe\" data-element_type=\"section\">\n\t\t\t\t\t\t<div class=\"elementor-container elementor-column-gap-default\">\n\t\t\t\t\t<div class=\"elementor-column elementor-col-100 elementor-top-column elementor-element elementor-element-1b422be\" data-id=\"1b422be\" data-element_type=\"column\">\n\t\t\t<div class=\"elementor-widget-wrap elementor-element-populated\">\n\t\t\t\t\t\t<div class=\"elementor-element elementor-element-7c9c114 elementor-widget elementor-widget-text-editor\" data-id=\"7c9c114\" data-element_type=\"widget\" data-widget_type=\"text-editor.default\">\n\t\t\t\t<div class=\"elementor-widget-container\">\n\t\t\t\t\t\t\t\t\t<p><strong><span style=\"color: #000000;\"><br \/><br \/><br \/><br \/>Verleihung der Sportabzeichen beim SV Illschwang<\/span><\/strong><\/p>\t\t\t\t\t\t\t\t<\/div>\n\t\t\t\t<\/div>\n\t\t\t\t\t<\/div>\n\t\t<\/div>\n\t\t\t\t\t<\/div>\n\t\t<\/section>\n\t\t\t\t<section class=\"elementor-section elementor-top-section elementor-element elementor-element-afd0c96 elementor-section-boxed elementor-section-height-default elementor-section-height-default\" data-id=\"afd0c96\" data-element_type=\"section\">\n\t\t\t\t\t\t<div class=\"elementor-container elementor-column-gap-default\">\n\t\t\t\t\t<div class=\"elementor-column elementor-col-100 elementor-top-column elementor-element elementor-element-f7be52b\" data-id=\"f7be52b\" data-element_type=\"column\">\n\t\t\t<div class=\"elementor-widget-wrap elementor-element-populated\">\n\t\t\t\t\t\t<div class=\"elementor-element elementor-element-b4d0738 elementor-widget elementor-widget-image\" data-id=\"b4d0738\" data-element_type=\"widget\" data-widget_type=\"image.default\">\n\t\t\t\t<div class=\"elementor-widget-container\">\n\t\t\t\t\t\t\t\t\t\t\t\t\t\t\t<img fetchpriority=\"high\" decoding=\"async\" width=\"640\" height=\"376\" src=\"http:\/\/sv-illschwang.de\/wp-content\/uploads\/2023\/04\/Sportabzeichenverleihungsvi_2023_2-1024x601.jpg\" class=\"attachment-large size-large wp-image-2767\" alt=\"\" srcset=\"http:\/\/sv-illschwang.de\/wp-content\/uploads\/2023\/04\/Sportabzeichenverleihungsvi_2023_2-1024x601.jpg 1024w, http:\/\/sv-illschwang.de\/wp-content\/uploads\/2023\/04\/Sportabzeichenverleihungsvi_2023_2-300x176.jpg 300w, http:\/\/sv-illschwang.de\/wp-content\/uploads\/2023\/04\/Sportabzeichenverleihungsvi_2023_2-768x451.jpg 768w, http:\/\/sv-illschwang.de\/wp-content\/uploads\/2023\/04\/Sportabzeichenverleihungsvi_2023_2.jpg 1299w\" sizes=\"(max-width: 640px) 100vw, 640px\" \/>\t\t\t\t\t\t\t\t\t\t\t\t\t\t\t<\/div>\n\t\t\t\t<\/div>\n\t\t\t\t\t<\/div>\n\t\t<\/div>\n\t\t\t\t\t<\/div>\n\t\t<\/section>\n\t\t\t\t<section class=\"elementor-section elementor-top-section elementor-element elementor-element-ebc128e elementor-section-boxed elementor-section-height-default elementor-section-height-default\" data-id=\"ebc128e\" data-element_type=\"section\">\n\t\t\t\t\t\t<div class=\"elementor-container elementor-column-gap-default\">\n\t\t\t\t\t<div class=\"elementor-column elementor-col-100 elementor-top-column elementor-element elementor-element-794245f\" data-id=\"794245f\" data-element_type=\"column\">\n\t\t\t<div class=\"elementor-widget-wrap elementor-element-populated\">\n\t\t\t\t\t\t<div class=\"elementor-element elementor-element-f579e83 elementor-widget elementor-widget-text-editor\" data-id=\"f579e83\" data-element_type=\"widget\" data-widget_type=\"text-editor.default\">\n\t\t\t\t<div class=\"elementor-widget-container\">\n\t\t\t\t\t\t\t\t\t<p>Mit der Verleihung von Sportabzeichen in den verschiedenen Stufen endete f\u00fcr die M\u00e4dchen und Buben, welche beim Kinderlauf des SV Illschwang aktiv sind, die Winterpause. Nach dem ersten Training versammelten sich die Kleinen mit ihren Eltern beim Sportheim, um ihre Auszeichnungen in Empfang zu nehmen. Die Verleihung wurde von Jens Grahlmann, mit Unterst\u00fctzung weiterer Verantwortlicher der Lauftreffsparte durchgef\u00fchrt. Die Sportabzeichen hatten die Beteiligten schon im vergangenen Jahr auf dem Sportplatz der Kr\u00f6tenseemittelschule in Sulzbach-Rosenberg abgelegt. Neben 34 Kindern, konnten auch an 19 Erwachsene Sportabzeichen verliehen werden. Sie gliedern sich auf: bei den Kindern gab es 19 x Gold, 11 x Silber und vier Mal Bronze. Die Aufteilung bei den Erwachsenen lautete 11 x Gold, 6 x Silber und zwei x Bronze. Grahlmanns Dank galt bei den Kindern, vor allem Nadine Dehling und Irene Hollweck, welche die Anahme der Abzeichen bei den Kindern \u00fcberwachten. Bei den Erwachsenen k\u00fcmmerte sich Helmut Kinast haupts\u00e4chlich darum. Erfreulich war, dass so viele Kinder mitmachten<\/p>\t\t\t\t\t\t\t\t<\/div>\n\t\t\t\t<\/div>\n\t\t\t\t\t<\/div>\n\t\t<\/div>\n\t\t\t\t\t<\/div>\n\t\t<\/section>\n\t\t\t\t<section class=\"elementor-section elementor-top-section elementor-element elementor-element-d945434 elementor-section-boxed elementor-section-height-default elementor-section-height-default\" data-id=\"d945434\" data-element_type=\"section\">\n\t\t\t\t\t\t<div class=\"elementor-container elementor-column-gap-default\">\n\t\t\t\t\t<div class=\"elementor-column elementor-col-100 elementor-top-column elementor-element elementor-element-b0b4e0d\" data-id=\"b0b4e0d\" data-element_type=\"column\">\n\t\t\t<div class=\"elementor-widget-wrap elementor-element-populated\">\n\t\t\t\t\t\t<div class=\"elementor-element elementor-element-a30c58e elementor-widget elementor-widget-image\" data-id=\"a30c58e\" data-element_type=\"widget\" data-widget_type=\"image.default\">\n\t\t\t\t<div class=\"elementor-widget-container\">\n\t\t\t\t\t\t\t\t\t\t\t\t\t\t\t<img decoding=\"async\" width=\"640\" height=\"400\" src=\"http:\/\/sv-illschwang.de\/wp-content\/uploads\/2023\/04\/SVI-Lauftrefftrikots-mit-Sponsoren-und-Trainerteam-2023_2-1024x640.jpg\" class=\"attachment-large size-large wp-image-2769\" alt=\"\" srcset=\"http:\/\/sv-illschwang.de\/wp-content\/uploads\/2023\/04\/SVI-Lauftrefftrikots-mit-Sponsoren-und-Trainerteam-2023_2-1024x640.jpg 1024w, http:\/\/sv-illschwang.de\/wp-content\/uploads\/2023\/04\/SVI-Lauftrefftrikots-mit-Sponsoren-und-Trainerteam-2023_2-300x187.jpg 300w, http:\/\/sv-illschwang.de\/wp-content\/uploads\/2023\/04\/SVI-Lauftrefftrikots-mit-Sponsoren-und-Trainerteam-2023_2-768x480.jpg 768w, http:\/\/sv-illschwang.de\/wp-content\/uploads\/2023\/04\/SVI-Lauftrefftrikots-mit-Sponsoren-und-Trainerteam-2023_2.jpg 1356w\" sizes=\"(max-width: 640px) 100vw, 640px\" \/>\t\t\t\t\t\t\t\t\t\t\t\t\t\t\t<\/div>\n\t\t\t\t<\/div>\n\t\t\t\t\t<\/div>\n\t\t<\/div>\n\t\t\t\t\t<\/div>\n\t\t<\/section>\n\t\t\t\t<section class=\"elementor-section elementor-top-section elementor-element elementor-element-1ec3440 elementor-section-boxed elementor-section-height-default elementor-section-height-default\" data-id=\"1ec3440\" data-element_type=\"section\">\n\t\t\t\t\t\t<div class=\"elementor-container elementor-column-gap-default\">\n\t\t\t\t\t<div class=\"elementor-column elementor-col-100 elementor-top-column elementor-element elementor-element-691c7db\" data-id=\"691c7db\" data-element_type=\"column\">\n\t\t\t<div class=\"elementor-widget-wrap\">\n\t\t\t\t\t\t\t<\/div>\n\t\t<\/div>\n\t\t\t\t\t<\/div>\n\t\t<\/section>\n\t\t\t\t<section class=\"elementor-section elementor-top-section elementor-element elementor-element-d5f2673 elementor-section-boxed elementor-section-height-default elementor-section-height-default\" data-id=\"d5f2673\" data-element_type=\"section\">\n\t\t\t\t\t\t<div class=\"elementor-container elementor-column-gap-default\">\n\t\t\t\t\t<div class=\"elementor-column elementor-col-100 elementor-top-column elementor-element elementor-element-ddb3501\" data-id=\"ddb3501\" data-element_type=\"column\">\n\t\t\t<div class=\"elementor-widget-wrap elementor-element-populated\">\n\t\t\t\t\t\t<div class=\"elementor-element elementor-element-d73810a elementor-widget elementor-widget-text-editor\" data-id=\"d73810a\" data-element_type=\"widget\" data-widget_type=\"text-editor.default\">\n\t\t\t\t<div class=\"elementor-widget-container\">\n\t\t\t\t\t\t\t\t\t<p>Am Schluss der Verleihung bekamen alle Kinder noch das Lauftreff T-Shirt ausgeh\u00e4ndigt, die es 2022 noch nicht erhalten hatten. Der Dank galt hier der Raiffeisenbank Amberg-Sulzbach, Sport Heckmann in Sulzbach-Rosenberg und der Conrad Sportf\u00f6rderung, welche die Anschaffung gesponsert hatten<\/p>\t\t\t\t\t\t\t\t<\/div>\n\t\t\t\t<\/div>\n\t\t\t\t\t<\/div>\n\t\t<\/div>\n\t\t\t\t\t<\/div>\n\t\t<\/section>\n\t\t\t\t<\/div>\n\t\t","protected":false},"excerpt":{"rendered":"<p>TrainingszeitenJeden Dienstag von 17.00 Uhr bis 18.15 Uhr Treffpunkt: Sportheim Illschwang Hinweise f\u00fcr die Eltern der Lauftreff-Jugend Termin? W\u00e4hrend der Sommerzeit (von April bis Oktober) treffen wir uns jeden Dienstag von 17.00 -18.15 Uhr am Sportplatz des SV Illschwang e.V. (bis voraussichtlich Ende Oktober).\u00a0 Wer kann teilnehmen?\u00a0Kinder ab 6 Jahren. Aktuell sind wir leider vollst\u00e4ndig [&hellip;]<\/p>\n","protected":false},"author":3,"featured_media":0,"parent":0,"menu_order":0,"comment_status":"closed","ping_status":"closed","template":"","meta":{"footnotes":""},"class_list":["post-396","page","type-page","status-publish","hentry"],"_links":{"self":[{"href":"http:\/\/sv-illschwang.de\/index.php?rest_route=\/wp\/v2\/pages\/396","targetHints":{"allow":["GET"]}}],"collection":[{"href":"http:\/\/sv-illschwang.de\/index.php?rest_route=\/wp\/v2\/pages"}],"about":[{"href":"http:\/\/sv-illschwang.de\/index.php?rest_route=\/wp\/v2\/types\/page"}],"author":[{"embeddable":true,"href":"http:\/\/sv-illschwang.de\/index.php?rest_route=\/wp\/v2\/users\/3"}],"replies":[{"embeddable":true,"href":"http:\/\/sv-illschwang.de\/index.php?rest_route=%2Fwp%2Fv2%2Fcomments&post=396"}],"version-history":[{"count":25,"href":"http:\/\/sv-illschwang.de\/index.php?rest_route=\/wp\/v2\/pages\/396\/revisions"}],"predecessor-version":[{"id":3452,"href":"http:\/\/sv-illschwang.de\/index.php?rest_route=\/wp\/v2\/pages\/396\/revisions\/3452"}],"wp:attachment":[{"href":"http:\/\/sv-illschwang.de\/index.php?rest_route=%2Fwp%2Fv2%2Fmedia&parent=396"}],"curies":[{"name":"wp","href":"https:\/\/api.w.org\/{rel}","templated":true}]}}