{"id":42,"date":"2020-07-03T13:48:26","date_gmt":"2020-07-03T13:48:26","guid":{"rendered":"http:\/\/sv-illschwang.de\/?page_id=42"},"modified":"2020-09-26T16:11:50","modified_gmt":"2020-09-26T14:11:50","slug":"datenschutz","status":"publish","type":"page","link":"http:\/\/sv-illschwang.de\/?page_id=42","title":{"rendered":"Datenschutz"},"content":{"rendered":"\n<p><strong>Datenschutzerkl\u00e4rung \/ Privacy Policy<\/strong><\/p>\n\n\n\n<p>Der Sportverein Illschwang e.V. (im Folgenden SVI) nimmt als Anbieter der Website <a href=\"http:\/\/www.sv-illschwang.de\">www.sv-illschwang.de<\/a> und verantwortliche Stelle die Verpflichtung zum Datenschutz sehr ernst und gestaltet seine Website so, dass nur so wenige personenbezogene Daten wie n\u00f6tig erhoben, verarbeitet und genutzt werden. Unter keinen Umst\u00e4nden werden personenbezogene Daten zu Werbezwecken an Dritte vermietet oder verkauft. Ohne die ausdr\u00fcckliche Einwilligung des Besuchers werden keine personenbezogenen Daten f\u00fcr Werbe- oder Marketingzwecke genutzt.<\/p>\n\n\n\n<p>Zugriff auf personenbezogene Daten haben beim SVI nur solche Personen, die diese Daten zur Durchf\u00fchrung ihrer Aufgaben innerhalb der verantwortlichen Stelle ben\u00f6tigen, die \u00fcber die gesetzlichen Bestimmungen zum Datenschutz informiert sind und sich gem\u00e4\u00df der geltenden gesetzlichen Bestimmungen (Art. 5 der EU-Datenschutzgrundverordnung [EU-DSGVO]) verpflichtet haben, diese einzuhalten. Die Erhebung, Verarbeitung, Nutzung und \u00dcbermittlung der erhobenen personenbezogenen Daten erfolgt nach Art. 6. Abs. 1 EU-DSGVO, jeweils nur in dem Umfang, der f\u00fcr die Durchf\u00fchrung eines Vertragsverh\u00e4ltnisses zwischen dem SVI, als verantwortlicher Stelle, und dem Besucher, als Betroffenem, erforderlich ist.<\/p>\n\n\n\n<h1 class=\"wp-block-heading\">Zweck\u00e4nderungen der Verarbeitung und Datennutzung<\/h1>\n\n\n\n<p>Da sich auf Grund des technischen Fortschritts und organisatorischer \u00c4nderungen die eingesetzten Verarbeitungsverfahren \u00e4ndern\/weiterentwickeln k\u00f6nnen behalten wir uns vor, die vorliegende Datenschutzerkl\u00e4rung gem\u00e4\u00df den neuen technischen Rahmenbedingungen weiterzuentwickeln. Wir bitten Sie deshalb die Datenschutzerkl\u00e4rung von<\/p>\n\n\n\n<p><a href=\"http:\/\/www.sv-illschwang.de\">www.sv-illschwang.de<\/a> von Zeit zu Zeit zu \u00fcberpr\u00fcfen. Sollten Sie mit den im Verlaufe der Zeit auftretenden Weiterentwicklungen nicht einverstanden sein, so k\u00f6nnen Sie schriftlich, gem\u00e4\u00df Art. 17 EU-DSGVO, eine L\u00f6schung der Daten, die nicht auf Grundlage anderer gesetzlicher Vorgaben, wie handelsrechtlicher oder steuerrechtlicher Aufbewahrungspflichten, gespeichert werden, verlangen.<\/p>\n\n\n\n<h1 class=\"wp-block-heading\">Anonyme Datenerhebung<\/h1>\n\n\n\n<p>Sie k\u00f6nnen die Webseiten der verantwortlichen Stelle grunds\u00e4tzlich besuchen, ohne uns mitzuteilen, wer Sie sind. Wir erfahren nur den Namen Ihres Internet Service Providers, die Webseite, von der aus Sie uns besuchen, und die Webseiten, die Sie bei uns besuchen. Diese Informationen werden zu statistischen Zwecken ausgewertet. Sie bleiben als einzelner Nutzer hierbei anonym.<\/p>\n\n\n\n<h1 class=\"wp-block-heading\">Erhebung und Verarbeitung personenbezogener Daten<\/h1>\n\n\n\n<p>Personenbezogene Daten werden nur erhoben, wenn Sie uns diese von sich aus, zum Beispiel zum Zwecke der Durchf\u00fchrung eines Vertragsverh\u00e4ltnisses zwischen dem SVI, als verantwortlicher Stelle, und dem Besucher, als Betroffenem, mitteilen. Die verantwortliche Stelle h\u00e4lt sich dabei an die Vorgaben der Art. 5 und 6 EU-DSGVO. Im Rahmen der personalisierten Dienste der verantwortlichen Stelle werden Ihre Registrierungsdaten unter der Voraussetzung Ihrer Einwilligung zum Zwecke der Zusendung unseres Newsletters, bzw. zur bedarfsgerechten Gestaltung der angebotenen elektronischen Dienste verarbeitet. Sie haben jederzeit die M\u00f6glichkeit, der Speicherung ihrer personenbezogenen Daten zu widersprechen. Bitte senden Sie dazu eine E-Mail an <a href=\"mailto:svi.kassier@gmail.com\">svi.kassier@gmail.com<\/a> mit dem Betreff &#8222;Datenbest\u00e4nde austragen&#8220;.<\/p>\n\n\n\n<p>Die Verarbeitung und Nutzung Ihrer personenbezogenen Daten erfolgt nach den Vorgaben der EU-DSGVO.<\/p>\n\n\n\n<h1 class=\"wp-block-heading\">Export und Verarbeitung der Daten in Staaten au\u00dferhalb des Europ\u00e4ischen Wirtschaftsraumes<\/h1>\n\n\n\n<p>Es findet kein Export ihrer personenbezogenen Daten in Staaten au\u00dferhalb des Europ\u00e4ischen Wirtschaftsraumes (im Folgenden EWR) statt.<\/p>\n\n\n\n<p>Trotzdem k\u00f6nnen, soweit Sie sich in Facebook eingeloggt haben oder einen Twitter-Account oder ein Instagram-Account besitzen, personenbezogene Daten in die USA exportiert werden. Zu n\u00e4heren Erl\u00e4uterungen und zu M\u00f6glichkeiten diesen Datenexport zu verhindern, lesen Sie bitte den Gliederungspunkt \u201eVerwendung von Facebook Social Plugins\u201c, bzw. \u201eVerwendung von Twitter\u201c, bzw. \u201eVerwendung von Instagram Social Plugins\u201c der vorliegenden Datenschutzerkl\u00e4rung.<\/p>\n\n\n\n<p>Eine \u00dcbermittlung von personenbezogenen Daten an Google im Rahmen der Nutzung von Analyseprogrammen durch die verantwortliche Stelle findet hingegen nicht statt, da Ihre IP-Adresse nur anonymisiert \u00fcbermittelt wird. Lesen Sie dazu bitte den Punkt \u201eVerwendung von Analyseprogrammen\u201c der vorliegenden Datenschutzerkl\u00e4rung.<\/p>\n\n\n\n<p>Soweit Sie sich bei Google eingeloggt haben oder YouTube-Account besitzen, k\u00f6nnen personenbezogene Daten in die USA exportiert werden. Zu n\u00e4heren Erl\u00e4uterungen und zu M\u00f6glichkeiten diesen Datenexport zu verhindern, beachten Sie bitte den Gliederungspunkt \u201eVerwendung von YouTube-Plugins\u201c.<\/p>\n\n\n\n<p>Die von der verantwortlichen Stelle eingeschalteten Dienstleister haben ihren Sitz und betreiben ihre IT-Infrastruktur ausschlie\u00dflich innerhalb des EWR. Dies gilt auch f\u00fcr eine eventuelle Nutzung von Cloud-basierenden Diensten. Mit den Dienstleistern bestehen Vertr\u00e4ge, die der Datenschutz- und Datensicherheits-Vorgaben der Europ\u00e4ischen Datenschutzrichtlinie (95\/46\/EG) und der EU-DSGVO entsprechen. Auch im Falle der Einschaltung von externen Dienstleistern bleibt der SVI die f\u00fcr die Verarbeitung verantwortliche Stelle.<\/p>\n\n\n\n<h1 class=\"wp-block-heading\">Nutzung und Weitergabe personenbezogener Daten<\/h1>\n\n\n\n<p>Die im Rahmen der Webseiten der verantwortlichen Stelle erhobenen personenbezogenen Daten werden ohne Ihre Einwilligung nur zur Vertragsabwicklung und Bearbeitung Ihrer Anfragen genutzt. Dar\u00fcber hinaus erfolgt eine Nutzung Ihrer Daten f\u00fcr Zwecke der Werbung und Marktforschung der verantwortlichen Stelle nur, wenn Sie hierzu zuvor Ihre Einwilligung erteilt haben. Im \u00dcbrigen findet keine Weitergabe an sonstige Dritte statt. Ihre jeweilige Einwilligung k\u00f6nnen Sie selbstverst\u00e4ndlich jederzeit mit Wirkung f\u00fcr die Zukunft widerrufen.<\/p>\n\n\n\n<h1 class=\"wp-block-heading\">Externe Links<\/h1>\n\n\n\n<p>Zu Ihrer Information finden Sie auf unseren Seiten Links, die auf Seiten Dritter verweisen. Soweit dies nicht offensichtlich erkennbar ist, weisen wir Sie darauf hin, dass es sich um einen externen Link handelt. Die verantwortliche Stelle hat keinerlei Einfluss auf den Inhalt und die Gestaltung dieser Seiten anderer Anbieter. Die Garantien dieser Datenschutzerkl\u00e4rung gelten daher f\u00fcr externe Anbieter nicht.<\/p>\n\n\n\n<h1 class=\"wp-block-heading\">Einsatz von Cookies<\/h1>\n\n\n\n<p>Die verantwortliche Stelle verwendet sogenannte &#8222;Cookies&#8220;, um die Online-Erfahrung und Online-Zeit des Kunden individuell auszugestalten und zu optimieren. Ein Cookie ist eine Textdatei, die entweder tempor\u00e4r im Arbeitsspeicher des Computers abgelegt (&#8222;Sitzungscookie&#8220;) oder auf der Festplatte gespeichert wird (&#8222;permanenter&#8220; Cookie). Cookies enthalten z.B. Informationen \u00fcber die bisherigen Zugriffe des Nutzers auf den entsprechenden Server bzw. Informationen dar\u00fcber, welche Angebote bisher aufgerufen wurden. Cookies werden nicht dazu eingesetzt, um Programme auszuf\u00fchren oder Viren auf Ihren Computer zu laden. Hauptzweck von Cookies ist vielmehr, ein speziell auf den Kunden zugeschnittenes Angebot bereitzustellen und die Nutzung des Service so komfortabel wie m\u00f6glich zu gestalten.<\/p>\n\n\n\n<p>Die verantwortliche Stelle verwendet Sitzungscookies sowie permanente Cookies.<\/p>\n\n\n\n<h1 class=\"wp-block-heading\">Sitzungscookies<\/h1>\n\n\n\n<p>Die verantwortliche Stelle verwendet \u00fcberwiegend &#8222;Sitzungscookies&#8220;, die nicht auf der Festplatte des Kunden gespeichert werden und die mit Verlassen des Browsers gel\u00f6scht werden. Sitzungscookies werden hierbei zur Login-Authentifizierung und zum Load-Balancing (Ausgleich der System-Belastung) verwendet.<\/p>\n\n\n\n<h1 class=\"wp-block-heading\">Permanente Cookies<\/h1>\n\n\n\n<p>Dar\u00fcber hinaus verwendet die verantwortliche Stelle \u201epermanente Cookies\u201c, um die pers\u00f6nlichen Nutzungseinstellungen, die ein Kunde bei der Nutzung der Services der verantwortlichen Stelle eingibt, zu speichern und so eine Personalisierung und Verbesserung des Service vornehmen zu k\u00f6nnen. Durch die permanenten Cookies wird sichergestellt, dass der Kunde bei einem erneuten Besuch der Webseiten der verantwortlichen Stelle seine pers\u00f6nlichen Einstellungen wieder vorfindet. Daneben verwenden die Dienstleister, die die verantwortliche Stelle mit der Analyse des Nutzerverhaltens beauftragt hat, permanente Cookies, um wiederkehrende Nutzer erkennen zu k\u00f6nnen. Diese Dienste speichern die vom Cookie \u00fcbermittelten Daten ausschlie\u00dflich anonym ab. Eine Zuordnung zur IP-Adresse des Kunden wird nicht vorgehalten.<\/p>\n\n\n\n<h1 class=\"wp-block-heading\">Vermeidung von Cookies<\/h1>\n\n\n\n<p>Der Besucher hat jederzeit die M\u00f6glichkeit, das Setzen von Cookies abzulehnen. Dies geschieht in der Regel durch die Wahl der entsprechenden Option in den Einstellungen des Browsers oder durch zus\u00e4tzliche Programme. N\u00e4heres ist der Hilfe-Funktion des kundenseitig verwendeten Browsers zu entnehmen. Entscheidet sich der Kunde f\u00fcr die Ausschaltung von Cookies, kann dies den Leistungsumfang des Services mindern und sich bei der Nutzung der Dienste der verantwortlichen Stelle negativ bemerkbar machen.<\/p>\n\n\n\n<h1 class=\"wp-block-heading\">Verwendung von Analyseprogrammen<\/h1>\n\n\n\n<p>Die verantwortliche Stelle f\u00fchrt Analysen \u00fcber das Verhalten ihrer Kunden im Rahmen der Nutzung ihres Services durch bzw. l\u00e4sst diese durchf\u00fchren. Zu diesem Zweck werden anonymisierte oder pseudonymisierte Nutzungsprofile erstellt. Die Erstellung der Nutzungsprofile erfolgt zu dem alleinigen Zweck, den Service der verantwortlichen Stelle st\u00e4ndig zu verbessern.<\/p>\n\n\n\n<p>Die verantwortliche Stelle verwendet im Rahmen der Web-Analyse auch Google Analytics, einen Web-Analysedienst der Google Inc. (&#8222;Google&#8220;), den die verantwortliche Stelle Google Analytics mit der Erweiterung \u201e_anonymizeIp()\u201c nutzt. Dadurch werden die IP-Adressen nur gek\u00fcrzt verarbeitet, um eine direkte Personenbeziehbarkeit auszuschlie\u00dfen. Der in diesem Zusammenhang stattfindenden Datenerhebung und -speicherung kann jederzeit mit Wirkung f\u00fcr die Zukunft widersprochen werden. Bitte wenden Sie sich dazu <a href=\"http:\/\/tools.google.com\/dlpage\/gaoptout?hl=de\" target=\"_blank\" rel=\"noreferrer noopener\">direkt an Google<\/a><\/p>\n\n\n\n<p>Google gibt seinen Nutzern, wie beispielsweise der verantwortlichen Stelle vor, die nachfolgende Belehrung in ihren Datenschutzerkl\u00e4rungen zu verwenden. Dieser Aufforderung kommt der SVI mit der Wiedergabe des folgenden Textes nach:<em>&#8222;Google Analytics verwendet sog. \u201eCookies\u201c, Textdateien, die auf Ihrem Computer gespeichert werden und die eine Analyse der Benutzung der Website durch Sie erm\u00f6glichen. Die durch das Cookie erzeugten Informationen \u00fcber Ihre Benutzung dieser Website (einschlie\u00dflich Ihrer IP-Adresse) werden an einen Server von Google in den USA \u00fcbertragen und dort gespeichert. Google wird diese Informationen benutzen, um Ihre Nutzung der Website auszuwerten, um Reports \u00fcber die Websiteaktivit\u00e4ten f\u00fcr die Websitebetreiber zusammenzustellen und um weitere mit der Websitenutzung und der Internetnutzung verbundene Dienstleistungen zu erbringen. Auch wird Google diese Informationen gegebenenfalls an Dritte \u00fcbertragen, sofern dies gesetzlich vorgeschrieben oder soweit Dritte diese Daten im Auftrag von Google verarbeiten. Google wird in keinem Fall Ihre IP-Adresse mit anderen Daten von Google in Verbindung bringen. Sie k\u00f6nnen die Installation der Cookies durch eine entsprechende Einstellung Ihrer Browser Software verhindern; wir weisen Sie jedoch darauf hin, dass Sie in diesem Fall gegebenenfalls nicht s\u00e4mtliche Funktionen dieser Website vollumf\u00e4nglich nutzen k\u00f6nnen. Durch die Nutzung dieser Website erkl\u00e4ren Sie sich mit der Bearbeitung der \u00fcber Sie<\/em> <em>erhobenen Daten durch Google in der zuvor beschriebenen Art und Weise und zu dem zuvor benannten Zweck einverstanden.&#8220;<\/em><\/p>\n\n\n\n<h1 class=\"wp-block-heading\">Verwendung von Facebook Social Plugins<\/h1>\n\n\n\n<p>Die verantwortliche Stelle verwendet auf ihrer Website Social Plugins (&#8222;Plugins&#8220;) des sozialen Netzwerkes facebook.com, welches von der Facebook Inc., 1601 S. California Ave, Palo Alto, CA 94304, USA betrieben wird (&#8222;Facebook&#8220;). Die Plugins sind mit einem Facebook Logo gekennzeichnet. Wenn der Kunde eine Webseite der verantwortlichen Stelle aufruft, die ein solches Plugin enth\u00e4lt, baut der Browser des Kunden eine direkte Verbindung mit den Servern von Facebook auf. Der Inhalt des Plugins wird von Facebook direkt an den Browser des Kunden \u00fcbermittelt und von diesem in die Webseite eingebunden.<\/p>\n\n\n\n<p>Durch die Einbindung der Plugins erh\u00e4lt Facebook die Information, dass der Kunde die entsprechende Seite des Internetauftritts der verantwortlichen Stelle aufgerufen hat. Ist der Kunde bei Facebook eingeloggt, kann Facebook den Besuch des Kunden seinem Facebook-Konto zuordnen. Wenn der Kunde mit den Plugins interagiert, zum Beispiel den &#8222;Gef\u00e4llt mir&#8220; Button bet\u00e4tigen oder einen Kommentar abgibt, wird die entsprechende Information von dem Browser des Kunden direkt an Facebook \u00fcbermittelt und dort gespeichert.<\/p>\n\n\n\n<p>Zweck und Umfang der Datenerhebung und die weitere Verarbeitung und Nutzung der Daten durch Facebook sowie diesbez\u00fcgliche Rechte und Einstellungsm\u00f6glichkeiten des Kunden zum Schutz seiner Privatsph\u00e4re ist den Datenschutzhinweisen von Facebook zu entnehmen.<\/p>\n\n\n\n<p>Sollte der Kunde nicht wollen, dass Facebook in der vorbeschriebenen Weise Daten sammelt, muss der Kunde sich vor seinem Besuch des Internetauftritts der verantwortlichen Stelle bei Facebook ausloggen.<\/p>\n\n\n\n<h1 class=\"wp-block-heading\">Verwendung von Twitter<\/h1>\n\n\n\n<p>Die verantwortliche Stelle verwendet auf ihrer Website Funktionen des Dienstes Twitter. Diese Funktionen werden angeboten durch die Twitter Inc., Twitter, Inc. 1355 Market St, Suite 900, San Francisco, CA 94103, USA. Durch das Benutzen von Twitter und der Funktion &#8222;Re-Tweet&#8220; werden die von Ihnen besuchten Webseiten mit Ihrem Twitter-Account verkn\u00fcpft und anderen Nutzern bekannt gegeben. Dabei werden auch Daten an Twitter \u00fcbertragen.<\/p>\n\n\n\n<p>Wir weisen darauf hin, dass wir als Anbieter der Seiten keine Kenntnis vom Inhalt der \u00fcbermittelten Daten sowie deren Nutzung durch Twitter erhalten. Weitere Informationen hierzu finden Sie in der Datenschutzerkl\u00e4rung von Twitter unter:<\/p>\n\n\n\n<p><a href=\"http:\/\/www.twitter.com\/privacy\">www.twitter.com\/privacy<\/a><\/p>\n\n\n\n<p>Ihre Datenschutzeinstellungen bei Twitter k\u00f6nnen Sie in den Konto-Einstellungen \u00e4ndern unter:<\/p>\n\n\n\n<p><a href=\"http:\/\/www.twitter.com\/account\/settings\">www.twitter.com\/account\/settings<\/a>.<\/p>\n\n\n\n<h1 class=\"wp-block-heading\">Verwendung von Instagram Social Plugins<\/h1>\n\n\n\n<p>Die verantwortliche Stelle verwendet auf ihrer Website Social Plugins (\u201ePlugins\u201c) von Instagram, das von der Instagram LLC<em>., <\/em>1601 Willow Road, Menlo Park, CA 94025, USA (\u201eInstagram\u201c) betrieben wird. Die Plugins sind mit einem Instagram-Logo beispielsweise in Form einer \u201eInstagram-Kamera\u201c gekennzeichnet. Eine \u00dcbersicht \u00fcber die Instagram Plugins und deren Aussehen finden Sie hier:<\/p>\n\n\n\n<p><a href=\"http:\/\/blog.instagram.com\/post\/36222022872\/introducing-instagram-badges\">http:\/\/blog.instagram.com\/post\/36222022872\/introducing-instagram-badges<\/a><\/p>\n\n\n\n<p>Wenn Sie eine Seite unseres Webauftritts aufrufen, die ein solches Plugin enth\u00e4lt, stellt Ihr Browser eine direkte Verbindung zu den Servern von Instagram her. Der Inhalt des Plugins wird von Instagram direkt an Ihren Browser \u00fcbermittelt und in die Seite eingebunden. Durch diese Einbindung erh\u00e4lt Instagram die Information, dass Ihr Browser die entsprechende Seite unseres Webauftritts aufgerufen hat, auch wenn Sie kein Instagram-Profil besitzen oder gerade nicht bei Instagram eingeloggt sind. Diese Information (einschlie\u00dflich Ihrer IP-Adresse) wird von Ihrem Browser direkt an einen Server von Instagram in die USA \u00fcbermittelt und dort gespeichert.<\/p>\n\n\n\n<p>Sind Sie bei Instagram eingeloggt, kann Instagram den Besuch unserer Website Ihrem Instagram-Account unmittelbar zuordnen. Wenn Sie mit den Plugins interagieren, zum Beispiel das \u201eInstagram\u201c-Button bet\u00e4tigen, wird diese Information ebenfalls direkt an einen Server von Instagram \u00fcbermittelt und dort gespeichert. Die Informationen werden au\u00dferdem auf Ihrem Instagram-Account ver\u00f6ffentlicht und dort Ihren Kontakten angezeigt.<\/p>\n\n\n\n<p>Zweck und Umfang der Datenerhebung und die weitere Verarbeitung und Nutzung der Daten durch Instagram sowie Ihre diesbez\u00fcglichen Rechte und Einstellungsm\u00f6glichkeiten zum Schutz Ihrer Privatsph\u00e4re entnehmen Sie bitte den Datenschutzhinweisen von Instagram:<\/p>\n\n\n\n<p><a href=\"https:\/\/help.instagram.com\/155833707900388\/\">https:\/\/help.instagram.com\/155833707900388\/<\/a><\/p>\n\n\n\n<p>Wenn Sie nicht m\u00f6chten, dass Instagram die \u00fcber unseren Webauftritt gesammelten Daten unmittelbar Ihrem Instagram-Account zuordnet, m\u00fcssen Sie sich vor Ihrem Besuch unserer Website bei Instagram ausloggen. Sie k\u00f6nnen das Laden der Instagram Plugins auch mit Add-Ons f\u00fcr Ihren Browser komplett verhindern, z.B. mit dem Skript-Blocker \u201eNoScript\u201c (<a href=\"http:\/\/noscript.net\/\">http:\/\/noscript.net\/<\/a>).<\/p>\n\n\n\n<h1 class=\"wp-block-heading\">Verwendung von YouTube-Plugins<\/h1>\n\n\n\n<p>Die verantwortliche Stelle nutzt f\u00fcr die Einbindung von Videos u.a. den Anbieter YouTube. YouTube wird betrieben von YouTube LLC mit Hauptgesch\u00e4ftssitz in 901 Cherry Avenue, San Bruno, CA 94066, USA. YouTube wird vertreten durch Google Inc. mit Sitz in 1600 Amphitheatre Parkway, Mountain View, CA 94043, USA. Die verantwortliche Stelle verwendet auf ihrer Website Plugins des Anbieters YouTube. Wenn Sie unsere mit einem YouTube Plugin versehene Internetpr\u00e4senz aufrufen wird eine Verbindung zu den Servern von YouTube hergestellt. Hierdurch wird an den YouTube-Server \u00fcbermittelt, welche Internetseiten Sie besucht haben.<\/p>\n\n\n\n<p>Sind Sie dabei als Mitglied bei YouTube eingeloggt, ordnet YouTube diese Information Ihrem pers\u00f6nlichen Benutzerkonto zu. Bei Nutzung des Plugins wie z.B. Anklicken des Start-Buttons eines Videos wird diese Information ebenfalls Ihrem Benutzerkonto zugeordnet.<\/p>\n\n\n\n<p>Sie k\u00f6nnen diese Zuordnung verhindern, indem Sie sich vor der Nutzung unserer Internetseite aus ihrem YouTube-Benutzerkonto sowie anderen Benutzerkonten der Firmen YouTube LLC und Google Inc. abmelden und die entsprechenden Cookies der Firmen l\u00f6schen.<\/p>\n\n\n\n<p>Weitere Informationen zur Datenverarbeitung und Hinweise zum Datenschutz durch YouTube (Google) finden Sie unter <a href=\"http:\/\/www.google.de\/intl\/de\/policies\/privacy\/\" target=\"_blank\" rel=\"noreferrer noopener\">www.google.de\/intl\/de\/policies\/privacy\/<\/a>.<\/p>\n\n\n\n<h1 class=\"wp-block-heading\">Fanpage auf Facebook<\/h1>\n\n\n\n<p>Die verantwortliche Stelle betreibt eine Fanpage im sozialen Netzwerk facebook.com, welches von der Facebook Inc., 1601 S. California Ave, Palo Alto, CA 94304, USA betrieben wird (&#8222;Facebook&#8220;). Da sowohl die verantwortliche Stelle, der SVI als Fanpagebetreiber als auch Facebook gemeinsam f\u00fcr den Datenschutz und die Datensicherheit verantwortlich sind, existiert eine Joint-Controllership, die den Abschluss einer Joint-Controllership-Vereinbarung nach Art. 26 DSGVO beinhaltet. Die Vereinbarung informiert \u00fcber die gemeinsame Verantwortlichkeit beim Betrieb der Fanpage, \u00fcber die Ansprechpartner, die Rechtsgrundlage zur Verarbeitung sowie \u00fcber die Art und Dauer der Speicherung der erhobenen Daten.<\/p>\n\n\n\n<p>Das Joint-Controllership-Agreement (Bezeichnung durch Facebook: \u201ePage Controller Addendum\u201c) ist unter <a href=\"https:\/\/www.facebook.com\/legal\/terms\/page_controller_addendum\">https:\/\/www.facebook.com\/legal\/terms\/page_controller_addendum#<\/a> einzusehen.<\/p>\n\n\n\n<p>Eine Weiterleitung zur Fanpage des SVI \u00fcber die Vereins-Website erfolgt nur nach ausdr\u00fccklicher Zustimmung des Besuchers durch aktives Abhaken des Kontrollk\u00e4stchen (OptIn-Verfahren). Die Betroffenenrechte k\u00f6nnen sowohl beim SVI als auch bei Facebook geltend gemacht werden.<\/p>\n\n\n\n<h1 class=\"wp-block-heading\">Weitere Informationen und Kontakte<\/h1>\n\n\n\n<p>Wenn Sie weitere Fragen zum Thema \u201cDatenschutz bei der verantwortlichen Stelle\u201d haben, wenden Sie sich an die Vorstandschaft des SVI. Sie k\u00f6nnen erfragen, welche Ihrer Daten bei uns gespeichert sind. Dar\u00fcber hinaus k\u00f6nnen Sie Ausk\u00fcnfte, L\u00f6schungs- und Berichtigungsw\u00fcnsche zu Ihren Daten und gerne auch Anregungen jederzeit per Brief oder E-Mail an folgende Adresse senden:<\/p>\n\n\n\n<p>Stellvertretenden Vorsitzenden\/Schatzmeister<\/p>\n\n\n\n<p>Robert Luber, J.-Samuel-Beutner-Str. 6, 92278 Illschwang<\/p>\n\n\n\n<p>Email: svi.kassier@gmail.com<\/p>\n","protected":false},"excerpt":{"rendered":"<p>Datenschutzerkl\u00e4rung \/ Privacy Policy Der Sportverein Illschwang e.V. (im Folgenden SVI) nimmt als Anbieter der Website www.sv-illschwang.de und verantwortliche Stelle die Verpflichtung zum Datenschutz sehr ernst und gestaltet seine Website so, dass nur so wenige personenbezogene Daten wie n\u00f6tig erhoben, verarbeitet und genutzt werden. Unter keinen Umst\u00e4nden werden personenbezogene Daten zu Werbezwecken an Dritte vermietet [&hellip;]<\/p>\n","protected":false},"author":1,"featured_media":0,"parent":0,"menu_order":0,"comment_status":"closed","ping_status":"closed","template":"","meta":{"footnotes":""},"class_list":["post-42","page","type-page","status-publish","hentry"],"_links":{"self":[{"href":"http:\/\/sv-illschwang.de\/index.php?rest_route=\/wp\/v2\/pages\/42","targetHints":{"allow":["GET"]}}],"collection":[{"href":"http:\/\/sv-illschwang.de\/index.php?rest_route=\/wp\/v2\/pages"}],"about":[{"href":"http:\/\/sv-illschwang.de\/index.php?rest_route=\/wp\/v2\/types\/page"}],"author":[{"embeddable":true,"href":"http:\/\/sv-illschwang.de\/index.php?rest_route=\/wp\/v2\/users\/1"}],"replies":[{"embeddable":true,"href":"http:\/\/sv-illschwang.de\/index.php?rest_route=%2Fwp%2Fv2%2Fcomments&post=42"}],"version-history":[{"count":3,"href":"http:\/\/sv-illschwang.de\/index.php?rest_route=\/wp\/v2\/pages\/42\/revisions"}],"predecessor-version":[{"id":613,"href":"http:\/\/sv-illschwang.de\/index.php?rest_route=\/wp\/v2\/pages\/42\/revisions\/613"}],"wp:attachment":[{"href":"http:\/\/sv-illschwang.de\/index.php?rest_route=%2Fwp%2Fv2%2Fmedia&parent=42"}],"curies":[{"name":"wp","href":"https:\/\/api.w.org\/{rel}","templated":true}]}}