{"id":480,"date":"2020-09-02T20:44:45","date_gmt":"2020-09-02T18:44:45","guid":{"rendered":"http:\/\/sv-illschwang.de\/?page_id=480"},"modified":"2021-08-20T05:54:06","modified_gmt":"2021-08-20T03:54:06","slug":"kinderwaldlauf","status":"publish","type":"page","link":"http:\/\/sv-illschwang.de\/?page_id=480","title":{"rendered":"Kinderwaldlauf 2021 &#8211; virtuell"},"content":{"rendered":"\t\t<div data-elementor-type=\"wp-page\" data-elementor-id=\"480\" class=\"elementor elementor-480\">\n\t\t\t\t\t\t<section class=\"elementor-section elementor-top-section elementor-element elementor-element-6673d598 elementor-section-boxed elementor-section-height-default elementor-section-height-default\" data-id=\"6673d598\" data-element_type=\"section\">\n\t\t\t\t\t\t<div class=\"elementor-container elementor-column-gap-default\">\n\t\t\t\t\t<div class=\"elementor-column elementor-col-100 elementor-top-column elementor-element elementor-element-1e045e8e\" data-id=\"1e045e8e\" data-element_type=\"column\">\n\t\t\t<div class=\"elementor-widget-wrap elementor-element-populated\">\n\t\t\t\t\t\t<div class=\"elementor-element elementor-element-3cabb1d7 elementor-widget elementor-widget-text-editor\" data-id=\"3cabb1d7\" data-element_type=\"widget\" data-widget_type=\"text-editor.default\">\n\t\t\t\t<div class=\"elementor-widget-container\">\n\t\t\t\t\t\t\t\t\t\n<figure class=\"wp-block-image size-large\"><img fetchpriority=\"high\" decoding=\"async\" width=\"720\" height=\"1024\" src=\"http:\/\/sv-illschwang.de\/wp-content\/uploads\/2021\/04\/Kinderwaldlauf2021-720x1024.jpg\" alt=\"\" class=\"wp-image-1035\" srcset=\"http:\/\/sv-illschwang.de\/wp-content\/uploads\/2021\/04\/Kinderwaldlauf2021-720x1024.jpg 720w, http:\/\/sv-illschwang.de\/wp-content\/uploads\/2021\/04\/Kinderwaldlauf2021-211x300.jpg 211w, http:\/\/sv-illschwang.de\/wp-content\/uploads\/2021\/04\/Kinderwaldlauf2021-768x1092.jpg 768w, http:\/\/sv-illschwang.de\/wp-content\/uploads\/2021\/04\/Kinderwaldlauf2021.jpg 844w\" sizes=\"(max-width: 720px) 100vw, 720px\" \/><\/figure>\n\t\t\t\t\t\t\t\t<\/div>\n\t\t\t\t<\/div>\n\t\t\t\t\t<\/div>\n\t\t<\/div>\n\t\t\t\t\t<\/div>\n\t\t<\/section>\n\t\t\t\t<section class=\"elementor-section elementor-top-section elementor-element elementor-element-8d3a407 elementor-section-boxed elementor-section-height-default elementor-section-height-default\" data-id=\"8d3a407\" data-element_type=\"section\">\n\t\t\t\t\t\t<div class=\"elementor-container elementor-column-gap-default\">\n\t\t\t\t\t<div class=\"elementor-column elementor-col-100 elementor-top-column elementor-element elementor-element-f12f1bd\" data-id=\"f12f1bd\" data-element_type=\"column\">\n\t\t\t<div class=\"elementor-widget-wrap elementor-element-populated\">\n\t\t\t\t\t\t<div class=\"elementor-element elementor-element-c51c3d7 elementor-widget elementor-widget-text-editor\" data-id=\"c51c3d7\" data-element_type=\"widget\" data-widget_type=\"text-editor.default\">\n\t\t\t\t<div class=\"elementor-widget-container\">\n\t\t\t\t\t\t\t\t\t<p><strong>Der Spartenleiter des Ski- und Lauftreffs Andreas Dehling lud zusammen<br \/>mit den Trainerinnen des Lauftreffs f\u00fcr Kinder und Jugendliche Carmen Grahlmann<br \/>und Nadine Dehling coronabedingt zum ersten virtuellen Kinderwaldlauf ein. Insgesamt<br \/>63 Buben und M\u00e4dchen folgten dem Aufruf und legten hochmotiviert auf eigene<br \/>Faust je nach Alter zwischen einer und drei Runden der ausgeschilderten Strecke<br \/>zur\u00fcck. Mit einem Ziel-Einlauf-Foto best\u00e4tigten sie innerhalb eines<br \/>zweiw\u00f6chigen Zeitraums bis sp\u00e4testens 3. Mai ihre Teilnahme und d\u00fcrfen sich auf<br \/>eine Urkunde sowie ein Geschenk freuen.<\/strong><\/p>\n<p><strong>Durch die aktuelle Entwicklung der Corona-Zahlen im Landkreis Amberg-Sulzbach war es m\u00f6glich, am Dienstag, den 11. Mai 2021 unter den vorgegebenen Auflagen mit dem ersten Training des Kinderlauftreffs zu starten.\u00a0<\/strong><\/p>\n<p><strong>Alle teilnehmenden Kinder und Trainerinnen\/Trainer waren mit gro\u00dfer Freude und Begeisterung bei der Sache.\u00a0<\/strong><\/p>\n<p><strong>Neue Teilnehmer (Kinder ab 6 Jahre) sind gerne Willkommen. Das Kinderlauftraining findet immer Dienstag von 17.00 bis 18.00 Uhr statt. Weitere Informationen auf der Homepage unter dem Reiter \u201eLauftreff\u201c.\u00a0<\/strong><\/p>\n<div class=\"post-share\">\n<div class=\"post-share-icons cf\">\u00a0<\/div>\n<\/div>\t\t\t\t\t\t\t\t<\/div>\n\t\t\t\t<\/div>\n\t\t\t\t\t<\/div>\n\t\t<\/div>\n\t\t\t\t\t<\/div>\n\t\t<\/section>\n\t\t\t\t<section class=\"elementor-section elementor-top-section elementor-element elementor-element-1b4ea0f elementor-section-boxed elementor-section-height-default elementor-section-height-default\" data-id=\"1b4ea0f\" data-element_type=\"section\">\n\t\t\t\t\t\t<div class=\"elementor-container elementor-column-gap-default\">\n\t\t\t\t\t<div class=\"elementor-column elementor-col-100 elementor-top-column elementor-element elementor-element-ad187ef\" data-id=\"ad187ef\" data-element_type=\"column\">\n\t\t\t<div class=\"elementor-widget-wrap elementor-element-populated\">\n\t\t\t\t\t\t<div class=\"elementor-element elementor-element-b65b140 elementor-widget elementor-widget-image\" data-id=\"b65b140\" data-element_type=\"widget\" data-widget_type=\"image.default\">\n\t\t\t\t<div class=\"elementor-widget-container\">\n\t\t\t\t\t\t\t\t\t\t\t\t\t\t\t<img decoding=\"async\" width=\"640\" height=\"446\" src=\"http:\/\/sv-illschwang.de\/wp-content\/uploads\/2021\/05\/Screenshot-Kinderwaldlauf-1024x714.png\" class=\"attachment-large size-large wp-image-1053\" alt=\"\" srcset=\"http:\/\/sv-illschwang.de\/wp-content\/uploads\/2021\/05\/Screenshot-Kinderwaldlauf-1024x714.png 1024w, http:\/\/sv-illschwang.de\/wp-content\/uploads\/2021\/05\/Screenshot-Kinderwaldlauf-300x209.png 300w, http:\/\/sv-illschwang.de\/wp-content\/uploads\/2021\/05\/Screenshot-Kinderwaldlauf-768x535.png 768w, http:\/\/sv-illschwang.de\/wp-content\/uploads\/2021\/05\/Screenshot-Kinderwaldlauf.png 1171w\" sizes=\"(max-width: 640px) 100vw, 640px\" \/>\t\t\t\t\t\t\t\t\t\t\t\t\t\t\t<\/div>\n\t\t\t\t<\/div>\n\t\t\t\t\t<\/div>\n\t\t<\/div>\n\t\t\t\t\t<\/div>\n\t\t<\/section>\n\t\t\t\t<\/div>\n\t\t","protected":false},"excerpt":{"rendered":"<p>Der Spartenleiter des Ski- und Lauftreffs Andreas Dehling lud zusammenmit den Trainerinnen des Lauftreffs f\u00fcr Kinder und Jugendliche Carmen Grahlmannund Nadine Dehling coronabedingt zum ersten virtuellen Kinderwaldlauf ein. Insgesamt63 Buben und M\u00e4dchen folgten dem Aufruf und legten hochmotiviert auf eigeneFaust je nach Alter zwischen einer und drei Runden der ausgeschilderten Streckezur\u00fcck. Mit einem Ziel-Einlauf-Foto best\u00e4tigten [&hellip;]<\/p>\n","protected":false},"author":3,"featured_media":0,"parent":0,"menu_order":0,"comment_status":"closed","ping_status":"closed","template":"","meta":{"footnotes":""},"class_list":["post-480","page","type-page","status-publish","hentry"],"_links":{"self":[{"href":"http:\/\/sv-illschwang.de\/index.php?rest_route=\/wp\/v2\/pages\/480","targetHints":{"allow":["GET"]}}],"collection":[{"href":"http:\/\/sv-illschwang.de\/index.php?rest_route=\/wp\/v2\/pages"}],"about":[{"href":"http:\/\/sv-illschwang.de\/index.php?rest_route=\/wp\/v2\/types\/page"}],"author":[{"embeddable":true,"href":"http:\/\/sv-illschwang.de\/index.php?rest_route=\/wp\/v2\/users\/3"}],"replies":[{"embeddable":true,"href":"http:\/\/sv-illschwang.de\/index.php?rest_route=%2Fwp%2Fv2%2Fcomments&post=480"}],"version-history":[{"count":9,"href":"http:\/\/sv-illschwang.de\/index.php?rest_route=\/wp\/v2\/pages\/480\/revisions"}],"predecessor-version":[{"id":1305,"href":"http:\/\/sv-illschwang.de\/index.php?rest_route=\/wp\/v2\/pages\/480\/revisions\/1305"}],"wp:attachment":[{"href":"http:\/\/sv-illschwang.de\/index.php?rest_route=%2Fwp%2Fv2%2Fmedia&parent=480"}],"curies":[{"name":"wp","href":"https:\/\/api.w.org\/{rel}","templated":true}]}}