{"id":50,"date":"2020-07-03T13:59:26","date_gmt":"2020-07-03T13:59:26","guid":{"rendered":"http:\/\/sv-illschwang.de\/?page_id=50"},"modified":"2020-07-13T14:52:20","modified_gmt":"2020-07-13T12:52:20","slug":"sportheim","status":"publish","type":"page","link":"http:\/\/sv-illschwang.de\/?page_id=50","title":{"rendered":"Sportheim"},"content":{"rendered":"\t\t<div data-elementor-type=\"wp-page\" data-elementor-id=\"50\" class=\"elementor elementor-50\">\n\t\t\t\t\t\t<section class=\"elementor-section elementor-top-section elementor-element elementor-element-65fdcbc elementor-section-boxed elementor-section-height-default elementor-section-height-default\" data-id=\"65fdcbc\" data-element_type=\"section\">\n\t\t\t\t\t\t<div class=\"elementor-container elementor-column-gap-default\">\n\t\t\t\t\t<div class=\"elementor-column elementor-col-100 elementor-top-column elementor-element elementor-element-bae6471\" data-id=\"bae6471\" data-element_type=\"column\">\n\t\t\t<div class=\"elementor-widget-wrap elementor-element-populated\">\n\t\t\t\t\t\t<div class=\"elementor-element elementor-element-6902e0d elementor-widget elementor-widget-image\" data-id=\"6902e0d\" data-element_type=\"widget\" data-widget_type=\"image.default\">\n\t\t\t\t<div class=\"elementor-widget-container\">\n\t\t\t\t\t\t\t\t\t\t\t\t\t\t\t\t<a href=\"http:\/\/sv-illschwang.de\/wp-content\/uploads\/2020\/07\/Sportheim_01.jpeg\" data-elementor-open-lightbox=\"yes\" data-elementor-lightbox-title=\"Sportheim_01\" data-e-action-hash=\"#elementor-action%3Aaction%3Dlightbox%26settings%3DeyJpZCI6MTg0LCJ1cmwiOiJodHRwOlwvXC9zdi1pbGxzY2h3YW5nLmRlXC93cC1jb250ZW50XC91cGxvYWRzXC8yMDIwXC8wN1wvU3BvcnRoZWltXzAxLmpwZWcifQ%3D%3D\">\n\t\t\t\t\t\t\t<img fetchpriority=\"high\" decoding=\"async\" width=\"640\" height=\"427\" src=\"http:\/\/sv-illschwang.de\/wp-content\/uploads\/2020\/07\/Sportheim_01-1024x683.jpeg\" class=\"attachment-large size-large wp-image-184\" alt=\"\" srcset=\"http:\/\/sv-illschwang.de\/wp-content\/uploads\/2020\/07\/Sportheim_01-1024x683.jpeg 1024w, http:\/\/sv-illschwang.de\/wp-content\/uploads\/2020\/07\/Sportheim_01-300x200.jpeg 300w, http:\/\/sv-illschwang.de\/wp-content\/uploads\/2020\/07\/Sportheim_01-768x512.jpeg 768w\" sizes=\"(max-width: 640px) 100vw, 640px\" \/>\t\t\t\t\t\t\t\t<\/a>\n\t\t\t\t\t\t\t\t\t\t\t\t\t\t\t<\/div>\n\t\t\t\t<\/div>\n\t\t\t\t\t<\/div>\n\t\t<\/div>\n\t\t\t\t\t<\/div>\n\t\t<\/section>\n\t\t\t\t<section class=\"elementor-section elementor-top-section elementor-element elementor-element-8cba663 elementor-section-boxed elementor-section-height-default elementor-section-height-default\" data-id=\"8cba663\" data-element_type=\"section\">\n\t\t\t\t\t\t<div class=\"elementor-container elementor-column-gap-default\">\n\t\t\t\t\t<div class=\"elementor-column elementor-col-100 elementor-top-column elementor-element elementor-element-20c0a41\" data-id=\"20c0a41\" data-element_type=\"column\">\n\t\t\t<div class=\"elementor-widget-wrap elementor-element-populated\">\n\t\t\t\t\t\t<section class=\"elementor-section elementor-inner-section elementor-element elementor-element-b802202 elementor-section-boxed elementor-section-height-default elementor-section-height-default\" data-id=\"b802202\" data-element_type=\"section\">\n\t\t\t\t\t\t<div class=\"elementor-container elementor-column-gap-default\">\n\t\t\t\t\t<div class=\"elementor-column elementor-col-50 elementor-inner-column elementor-element elementor-element-d861dbf\" data-id=\"d861dbf\" data-element_type=\"column\">\n\t\t\t<div class=\"elementor-widget-wrap elementor-element-populated\">\n\t\t\t\t\t\t<div class=\"elementor-element elementor-element-6b25d4e elementor-widget elementor-widget-image\" data-id=\"6b25d4e\" data-element_type=\"widget\" data-widget_type=\"image.default\">\n\t\t\t\t<div class=\"elementor-widget-container\">\n\t\t\t\t\t\t\t\t\t\t\t\t\t\t\t\t<a href=\"http:\/\/sv-illschwang.de\/wp-content\/uploads\/2020\/07\/Sportheim_02.jpeg\" data-elementor-open-lightbox=\"yes\" data-elementor-lightbox-title=\"Sportheim_02\" data-e-action-hash=\"#elementor-action%3Aaction%3Dlightbox%26settings%3DeyJpZCI6MTk2LCJ1cmwiOiJodHRwOlwvXC9zdi1pbGxzY2h3YW5nLmRlXC93cC1jb250ZW50XC91cGxvYWRzXC8yMDIwXC8wN1wvU3BvcnRoZWltXzAyLmpwZWcifQ%3D%3D\">\n\t\t\t\t\t\t\t<img decoding=\"async\" width=\"640\" height=\"427\" src=\"http:\/\/sv-illschwang.de\/wp-content\/uploads\/2020\/07\/Sportheim_02-1024x683.jpeg\" class=\"attachment-large size-large wp-image-196\" alt=\"\" srcset=\"http:\/\/sv-illschwang.de\/wp-content\/uploads\/2020\/07\/Sportheim_02-1024x683.jpeg 1024w, http:\/\/sv-illschwang.de\/wp-content\/uploads\/2020\/07\/Sportheim_02-300x200.jpeg 300w, http:\/\/sv-illschwang.de\/wp-content\/uploads\/2020\/07\/Sportheim_02-768x512.jpeg 768w\" sizes=\"(max-width: 640px) 100vw, 640px\" \/>\t\t\t\t\t\t\t\t<\/a>\n\t\t\t\t\t\t\t\t\t\t\t\t\t\t\t<\/div>\n\t\t\t\t<\/div>\n\t\t\t\t\t<\/div>\n\t\t<\/div>\n\t\t\t\t<div class=\"elementor-column elementor-col-50 elementor-inner-column elementor-element elementor-element-456fa7d\" data-id=\"456fa7d\" data-element_type=\"column\">\n\t\t\t<div class=\"elementor-widget-wrap elementor-element-populated\">\n\t\t\t\t\t\t<div class=\"elementor-element elementor-element-4f15910 elementor-widget elementor-widget-text-editor\" data-id=\"4f15910\" data-element_type=\"widget\" data-widget_type=\"text-editor.default\">\n\t\t\t\t<div class=\"elementor-widget-container\">\n\t\t\t\t\t\t\t\t\t<p><strong>Unser Sportheim bietet Platz f\u00fcr ca. 80 Personen und kann von\u00a0Mitgliedern gerne f\u00fcr private Familienfeiern angemietet werden.<\/strong><\/p><p>\u00a0<\/p>\t\t\t\t\t\t\t\t<\/div>\n\t\t\t\t<\/div>\n\t\t\t\t\t<\/div>\n\t\t<\/div>\n\t\t\t\t\t<\/div>\n\t\t<\/section>\n\t\t\t\t\t<\/div>\n\t\t<\/div>\n\t\t\t\t\t<\/div>\n\t\t<\/section>\n\t\t\t\t<section class=\"elementor-section elementor-top-section elementor-element elementor-element-b467ecd elementor-section-boxed elementor-section-height-default elementor-section-height-default\" data-id=\"b467ecd\" data-element_type=\"section\">\n\t\t\t\t\t\t<div class=\"elementor-container elementor-column-gap-default\">\n\t\t\t\t\t<div class=\"elementor-column elementor-col-100 elementor-top-column elementor-element elementor-element-e045932\" data-id=\"e045932\" data-element_type=\"column\">\n\t\t\t<div class=\"elementor-widget-wrap elementor-element-populated\">\n\t\t\t\t\t\t<div class=\"elementor-element elementor-element-596bfd0 elementor-widget elementor-widget-text-editor\" data-id=\"596bfd0\" data-element_type=\"widget\" data-widget_type=\"text-editor.default\">\n\t\t\t\t<div class=\"elementor-widget-container\">\n\t\t\t\t\t\t\t\t\t<p>Unser Sportheim ist alarmgesichert und wird per Video \u00fcberwacht. Au\u00dferdem halten wir keine Geldbest\u00e4nde vor, so dass ein Einbruch wenig Sinn macht.<\/p>\t\t\t\t\t\t\t\t<\/div>\n\t\t\t\t<\/div>\n\t\t\t\t\t<\/div>\n\t\t<\/div>\n\t\t\t\t\t<\/div>\n\t\t<\/section>\n\t\t\t\t<section class=\"elementor-section elementor-top-section elementor-element elementor-element-d8f3831 elementor-section-boxed elementor-section-height-default elementor-section-height-default\" data-id=\"d8f3831\" data-element_type=\"section\">\n\t\t\t\t\t\t<div class=\"elementor-container elementor-column-gap-default\">\n\t\t\t\t\t<div class=\"elementor-column elementor-col-100 elementor-top-column elementor-element elementor-element-2348997\" data-id=\"2348997\" data-element_type=\"column\">\n\t\t\t<div class=\"elementor-widget-wrap elementor-element-populated\">\n\t\t\t\t\t\t<section class=\"elementor-section elementor-inner-section elementor-element elementor-element-b2b67de elementor-section-boxed elementor-section-height-default elementor-section-height-default\" data-id=\"b2b67de\" data-element_type=\"section\">\n\t\t\t\t\t\t<div class=\"elementor-container elementor-column-gap-default\">\n\t\t\t\t\t<div class=\"elementor-column elementor-col-50 elementor-inner-column elementor-element elementor-element-4f50829\" data-id=\"4f50829\" data-element_type=\"column\">\n\t\t\t<div class=\"elementor-widget-wrap elementor-element-populated\">\n\t\t\t\t\t\t<div class=\"elementor-element elementor-element-f3b3519 elementor-widget elementor-widget-image\" data-id=\"f3b3519\" data-element_type=\"widget\" data-widget_type=\"image.default\">\n\t\t\t\t<div class=\"elementor-widget-container\">\n\t\t\t\t\t\t\t\t\t\t\t\t\t\t\t<img decoding=\"async\" width=\"640\" height=\"427\" src=\"http:\/\/sv-illschwang.de\/wp-content\/uploads\/2020\/07\/Sportheim_05-1024x683.jpeg\" class=\"attachment-large size-large wp-image-211\" alt=\"\" srcset=\"http:\/\/sv-illschwang.de\/wp-content\/uploads\/2020\/07\/Sportheim_05-1024x683.jpeg 1024w, http:\/\/sv-illschwang.de\/wp-content\/uploads\/2020\/07\/Sportheim_05-300x200.jpeg 300w, http:\/\/sv-illschwang.de\/wp-content\/uploads\/2020\/07\/Sportheim_05-768x512.jpeg 768w\" sizes=\"(max-width: 640px) 100vw, 640px\" \/>\t\t\t\t\t\t\t\t\t\t\t\t\t\t\t<\/div>\n\t\t\t\t<\/div>\n\t\t\t\t\t<\/div>\n\t\t<\/div>\n\t\t\t\t<div class=\"elementor-column elementor-col-50 elementor-inner-column elementor-element elementor-element-b1ec3fd\" data-id=\"b1ec3fd\" data-element_type=\"column\">\n\t\t\t<div class=\"elementor-widget-wrap elementor-element-populated\">\n\t\t\t\t\t\t<div class=\"elementor-element elementor-element-58d4094 elementor-widget elementor-widget-image\" data-id=\"58d4094\" data-element_type=\"widget\" data-widget_type=\"image.default\">\n\t\t\t\t<div class=\"elementor-widget-container\">\n\t\t\t\t\t\t\t\t\t\t\t\t\t\t\t<img loading=\"lazy\" decoding=\"async\" width=\"640\" height=\"427\" src=\"http:\/\/sv-illschwang.de\/wp-content\/uploads\/2020\/07\/Sportheim_03-1024x683.jpeg\" class=\"attachment-large size-large wp-image-197\" alt=\"\" srcset=\"http:\/\/sv-illschwang.de\/wp-content\/uploads\/2020\/07\/Sportheim_03-1024x683.jpeg 1024w, http:\/\/sv-illschwang.de\/wp-content\/uploads\/2020\/07\/Sportheim_03-300x200.jpeg 300w, http:\/\/sv-illschwang.de\/wp-content\/uploads\/2020\/07\/Sportheim_03-768x513.jpeg 768w\" sizes=\"(max-width: 640px) 100vw, 640px\" \/>\t\t\t\t\t\t\t\t\t\t\t\t\t\t\t<\/div>\n\t\t\t\t<\/div>\n\t\t\t\t\t<\/div>\n\t\t<\/div>\n\t\t\t\t\t<\/div>\n\t\t<\/section>\n\t\t\t\t\t<\/div>\n\t\t<\/div>\n\t\t\t\t\t<\/div>\n\t\t<\/section>\n\t\t\t\t<section class=\"elementor-section elementor-top-section elementor-element elementor-element-b98ee58 elementor-section-boxed elementor-section-height-default elementor-section-height-default\" data-id=\"b98ee58\" data-element_type=\"section\">\n\t\t\t\t\t\t<div class=\"elementor-container elementor-column-gap-default\">\n\t\t\t\t\t<div class=\"elementor-column elementor-col-100 elementor-top-column elementor-element elementor-element-eb9d61b\" data-id=\"eb9d61b\" data-element_type=\"column\">\n\t\t\t<div class=\"elementor-widget-wrap elementor-element-populated\">\n\t\t\t\t\t\t<div class=\"elementor-element elementor-element-f1913e7 elementor-widget elementor-widget-image\" data-id=\"f1913e7\" data-element_type=\"widget\" data-widget_type=\"image.default\">\n\t\t\t\t<div class=\"elementor-widget-container\">\n\t\t\t\t\t\t\t\t\t\t\t\t\t\t\t\t<a href=\"http:\/\/sv-illschwang.de\/wp-content\/uploads\/2020\/07\/Sportheim_04.jpeg\" data-elementor-open-lightbox=\"yes\" data-elementor-lightbox-title=\"Sportheim_04\" data-e-action-hash=\"#elementor-action%3Aaction%3Dlightbox%26settings%3DeyJpZCI6MjEwLCJ1cmwiOiJodHRwOlwvXC9zdi1pbGxzY2h3YW5nLmRlXC93cC1jb250ZW50XC91cGxvYWRzXC8yMDIwXC8wN1wvU3BvcnRoZWltXzA0LmpwZWcifQ%3D%3D\">\n\t\t\t\t\t\t\t<img loading=\"lazy\" decoding=\"async\" width=\"640\" height=\"427\" src=\"http:\/\/sv-illschwang.de\/wp-content\/uploads\/2020\/07\/Sportheim_04-1024x683.jpeg\" class=\"attachment-large size-large wp-image-210\" alt=\"\" srcset=\"http:\/\/sv-illschwang.de\/wp-content\/uploads\/2020\/07\/Sportheim_04-1024x683.jpeg 1024w, http:\/\/sv-illschwang.de\/wp-content\/uploads\/2020\/07\/Sportheim_04-300x200.jpeg 300w, http:\/\/sv-illschwang.de\/wp-content\/uploads\/2020\/07\/Sportheim_04-768x512.jpeg 768w\" sizes=\"(max-width: 640px) 100vw, 640px\" \/>\t\t\t\t\t\t\t\t<\/a>\n\t\t\t\t\t\t\t\t\t\t\t\t\t\t\t<\/div>\n\t\t\t\t<\/div>\n\t\t\t\t\t<\/div>\n\t\t<\/div>\n\t\t\t\t\t<\/div>\n\t\t<\/section>\n\t\t\t\t<\/div>\n\t\t","protected":false},"excerpt":{"rendered":"<p>Unser Sportheim bietet Platz f\u00fcr ca. 80 Personen und kann von&nbsp;Mitgliedern gerne f\u00fcr private Familienfeiern angemietet werden. Unser Sportheim ist alarmgesichert und wird per Video \u00fcberwacht. Au\u00dferdem halten wir keine Geldbest\u00e4nde vor, so dass ein Einbruch wenig Sinn macht.<\/p>\n","protected":false},"author":1,"featured_media":0,"parent":0,"menu_order":0,"comment_status":"closed","ping_status":"closed","template":"","meta":{"footnotes":""},"class_list":["post-50","page","type-page","status-publish","hentry"],"_links":{"self":[{"href":"http:\/\/sv-illschwang.de\/index.php?rest_route=\/wp\/v2\/pages\/50","targetHints":{"allow":["GET"]}}],"collection":[{"href":"http:\/\/sv-illschwang.de\/index.php?rest_route=\/wp\/v2\/pages"}],"about":[{"href":"http:\/\/sv-illschwang.de\/index.php?rest_route=\/wp\/v2\/types\/page"}],"author":[{"embeddable":true,"href":"http:\/\/sv-illschwang.de\/index.php?rest_route=\/wp\/v2\/users\/1"}],"replies":[{"embeddable":true,"href":"http:\/\/sv-illschwang.de\/index.php?rest_route=%2Fwp%2Fv2%2Fcomments&post=50"}],"version-history":[{"count":9,"href":"http:\/\/sv-illschwang.de\/index.php?rest_route=\/wp\/v2\/pages\/50\/revisions"}],"predecessor-version":[{"id":216,"href":"http:\/\/sv-illschwang.de\/index.php?rest_route=\/wp\/v2\/pages\/50\/revisions\/216"}],"wp:attachment":[{"href":"http:\/\/sv-illschwang.de\/index.php?rest_route=%2Fwp%2Fv2%2Fmedia&parent=50"}],"curies":[{"name":"wp","href":"https:\/\/api.w.org\/{rel}","templated":true}]}}