{"id":63,"date":"2020-07-03T14:02:24","date_gmt":"2020-07-03T14:02:24","guid":{"rendered":"http:\/\/sv-illschwang.de\/?page_id=63"},"modified":"2023-07-28T14:02:43","modified_gmt":"2023-07-28T12:02:43","slug":"vereinsgeschichte","status":"publish","type":"page","link":"http:\/\/sv-illschwang.de\/?page_id=63","title":{"rendered":"Vereinsgeschichte"},"content":{"rendered":"\t\t<div data-elementor-type=\"wp-page\" data-elementor-id=\"63\" class=\"elementor elementor-63\">\n\t\t\t\t\t\t<section class=\"elementor-section elementor-top-section elementor-element elementor-element-6592498 elementor-section-boxed elementor-section-height-default elementor-section-height-default\" data-id=\"6592498\" data-element_type=\"section\">\n\t\t\t\t\t\t<div class=\"elementor-container elementor-column-gap-default\">\n\t\t\t\t\t<div class=\"elementor-column elementor-col-100 elementor-top-column elementor-element elementor-element-b39cca0\" data-id=\"b39cca0\" data-element_type=\"column\">\n\t\t\t<div class=\"elementor-widget-wrap elementor-element-populated\">\n\t\t\t\t\t\t<div class=\"elementor-element elementor-element-7de86d1 elementor-widget elementor-widget-text-editor\" data-id=\"7de86d1\" data-element_type=\"widget\" data-widget_type=\"text-editor.default\">\n\t\t\t\t<div class=\"elementor-widget-container\">\n\t\t\t\t\t\t\t\t\t<p>Der SV Illschwang kann auf mehr als 50 Jahre zur\u00fcckblicken und hat sich nach seiner Gr\u00fcndung 1965 von einem anf\u00e4nglich rein fu\u00dfballorientierten Verein zu einem Breitensportverein entwickelt, in dem es von den Bambinis \u00fcber die Kinder und Jugendlichen vielf\u00e4ltige M\u00f6glichkeiten zur aktiven sportlichen Bet\u00e4tigung gibt. Neben Fu\u00dfball sind Turnen, Ski- und Lauftreff, sowie Tischtennis die S\u00e4ulen, welche f\u00fcr verschiedenste M\u00f6glichkeiten Angebote bereithalten. Mit \u00fcber 700 Mitgliedern hat sich der SV Illschwang zum mit weitem Abstand mitgliederst\u00e4rksten Verein in der Gemeinde entwickelt, wobei die Zahl an Kindern und Jugendlichen einen gro\u00dfen Anteil ausmacht.<\/p>\t\t\t\t\t\t\t\t<\/div>\n\t\t\t\t<\/div>\n\t\t\t\t\t<\/div>\n\t\t<\/div>\n\t\t\t\t\t<\/div>\n\t\t<\/section>\n\t\t\t\t<section class=\"elementor-section elementor-top-section elementor-element elementor-element-4b0b246 elementor-section-boxed elementor-section-height-default elementor-section-height-default\" data-id=\"4b0b246\" data-element_type=\"section\">\n\t\t\t\t\t\t<div class=\"elementor-container elementor-column-gap-default\">\n\t\t\t\t\t<div class=\"elementor-column elementor-col-100 elementor-top-column elementor-element elementor-element-a619104\" data-id=\"a619104\" data-element_type=\"column\">\n\t\t\t<div class=\"elementor-widget-wrap elementor-element-populated\">\n\t\t\t\t\t\t<div class=\"elementor-element elementor-element-d649203 elementor-widget elementor-widget-text-editor\" data-id=\"d649203\" data-element_type=\"widget\" data-widget_type=\"text-editor.default\">\n\t\t\t\t<div class=\"elementor-widget-container\">\n\t\t\t\t\t\t\t\t\t<p>Die Geburtsstunde des SVI schlug am 14.M\u00e4rz 1965. Auf Initiative des damaligen 1.B\u00fcrgermeisters Karl Burger fand im Gasthof N\u00e4gerl die Gr\u00fcndungsversammlung statt. Im Zusammenhang mit dem geplanten Bau einer Gemeinschaftsschule (vorher gab es in Illschwang ein katholisches und ein evangelisches Schulhaus) sollte auch eine Turnhalle mit Dusch- und Umkleider\u00e4umen entstehen. F\u00fcr die Genehmigung musste die Gemeinde eine Nutzung der Halle, auch au\u00dferhalb der Unterrichtszeiten, anstreben. Karl Burger war die treibende Kraft bei der Verwirklichung dieses Ziels. Von Rektor Alois Weis bekam er dabei vollste Unterst\u00fctzung. Die Schule, samt Turnhalle, wurde 1967 eingeweiht. <br \/>Zuvor stand die Gr\u00fcndungsversammlung des Sportvereins. 57 sportbegeisterte Personen erkl\u00e4rten ihren Beitritt. Sie fassten den Entschluss, vorerst in der Sparte Fu\u00dfball aktiv mitzuarbeiten. Zum 1.Vorsitzenden wurde Alois Weis gew\u00e4hlt. Zur weiteren Vorstandschaft geh\u00f6rten Hans Flierl als sein Stellvertreter, Franz Sellner als Kassier, Jakob Strobel als Schriftf\u00fchrer und Hans Hochholzer als Jugendleiter.<\/p>\t\t\t\t\t\t\t\t<\/div>\n\t\t\t\t<\/div>\n\t\t\t\t\t<\/div>\n\t\t<\/div>\n\t\t\t\t\t<\/div>\n\t\t<\/section>\n\t\t\t\t<section class=\"elementor-section elementor-top-section elementor-element elementor-element-2abe809 elementor-section-boxed elementor-section-height-default elementor-section-height-default\" data-id=\"2abe809\" data-element_type=\"section\">\n\t\t\t\t\t\t<div class=\"elementor-container elementor-column-gap-default\">\n\t\t\t\t\t<div class=\"elementor-column elementor-col-100 elementor-top-column elementor-element elementor-element-4e4278b\" data-id=\"4e4278b\" data-element_type=\"column\">\n\t\t\t<div class=\"elementor-widget-wrap elementor-element-populated\">\n\t\t\t\t\t\t<section class=\"elementor-section elementor-inner-section elementor-element elementor-element-c96b4f1 elementor-section-boxed elementor-section-height-default elementor-section-height-default\" data-id=\"c96b4f1\" data-element_type=\"section\">\n\t\t\t\t\t\t<div class=\"elementor-container elementor-column-gap-default\">\n\t\t\t\t\t<div class=\"elementor-column elementor-col-50 elementor-inner-column elementor-element elementor-element-1edcd2b\" data-id=\"1edcd2b\" data-element_type=\"column\">\n\t\t\t<div class=\"elementor-widget-wrap elementor-element-populated\">\n\t\t\t\t\t\t<div class=\"elementor-element elementor-element-fda4c64 elementor-widget elementor-widget-text-editor\" data-id=\"fda4c64\" data-element_type=\"widget\" data-widget_type=\"text-editor.default\">\n\t\t\t\t<div class=\"elementor-widget-container\">\n\t\t\t\t\t\t\t\t\t<p>Als Vereinslokal legten die Gr\u00fcndungsmitglieder den Gasthof N\u00e4gerl fest. Vereinsfarben wurden wei\u00df und blau. Durch das Entgegenkommen der Grundst\u00fccksbesitzer Graf und Weidner konnte der zu kleine Sportplatz vergr\u00f6\u00dfert werden. Die offizielle Sportplatzer\u00f6ffnung fand im Juli 1965 mit einem Pokalturnier statt, wobei Spieler des SV Illschwang, schon im Dress, als\u00a0 Mitglieder der damaligen Blaskapelle mit ihren Instrumenten den Zug zum Sportplatz anf\u00fchrten.<\/p>\t\t\t\t\t\t\t\t<\/div>\n\t\t\t\t<\/div>\n\t\t\t\t\t<\/div>\n\t\t<\/div>\n\t\t\t\t<div class=\"elementor-column elementor-col-50 elementor-inner-column elementor-element elementor-element-c778444\" data-id=\"c778444\" data-element_type=\"column\">\n\t\t\t<div class=\"elementor-widget-wrap elementor-element-populated\">\n\t\t\t\t\t\t<div class=\"elementor-element elementor-element-6352245 elementor-widget elementor-widget-image\" data-id=\"6352245\" data-element_type=\"widget\" data-widget_type=\"image.default\">\n\t\t\t\t<div class=\"elementor-widget-container\">\n\t\t\t\t\t\t\t\t\t\t\t\t\t\t\t\t<a href=\"http:\/\/sv-illschwang.de\/wp-content\/uploads\/2020\/07\/Ch-07.jpg\" data-elementor-open-lightbox=\"yes\" data-elementor-lightbox-title=\"Ch 07\" data-e-action-hash=\"#elementor-action%3Aaction%3Dlightbox%26settings%3DeyJpZCI6MTU3LCJ1cmwiOiJodHRwczpcL1wvc3YtaWxsc2Nod2FuZy5kZVwvd3AtY29udGVudFwvdXBsb2Fkc1wvMjAyMFwvMDdcL0NoLTA3LmpwZyJ9\">\n\t\t\t\t\t\t\t<img fetchpriority=\"high\" decoding=\"async\" width=\"640\" height=\"436\" src=\"https:\/\/sv-illschwang.de\/wp-content\/uploads\/2020\/07\/Ch-07-1024x697.jpg\" class=\"attachment-large size-large wp-image-157\" alt=\"\" srcset=\"https:\/\/sv-illschwang.de\/wp-content\/uploads\/2020\/07\/Ch-07-1024x697.jpg 1024w, https:\/\/sv-illschwang.de\/wp-content\/uploads\/2020\/07\/Ch-07-300x204.jpg 300w, https:\/\/sv-illschwang.de\/wp-content\/uploads\/2020\/07\/Ch-07-768x523.jpg 768w\" sizes=\"(max-width: 640px) 100vw, 640px\" \/>\t\t\t\t\t\t\t\t<\/a>\n\t\t\t\t\t\t\t\t\t\t\t\t\t\t\t<\/div>\n\t\t\t\t<\/div>\n\t\t\t\t\t<\/div>\n\t\t<\/div>\n\t\t\t\t\t<\/div>\n\t\t<\/section>\n\t\t\t\t\t<\/div>\n\t\t<\/div>\n\t\t\t\t\t<\/div>\n\t\t<\/section>\n\t\t\t\t<section class=\"elementor-section elementor-top-section elementor-element elementor-element-a8f7d3b elementor-section-boxed elementor-section-height-default elementor-section-height-default\" data-id=\"a8f7d3b\" data-element_type=\"section\">\n\t\t\t\t\t\t<div class=\"elementor-container elementor-column-gap-default\">\n\t\t\t\t\t<div class=\"elementor-column elementor-col-100 elementor-top-column elementor-element elementor-element-17f2b3e\" data-id=\"17f2b3e\" data-element_type=\"column\">\n\t\t\t<div class=\"elementor-widget-wrap elementor-element-populated\">\n\t\t\t\t\t\t<div class=\"elementor-element elementor-element-7973e96 elementor-widget elementor-widget-text-editor\" data-id=\"7973e96\" data-element_type=\"widget\" data-widget_type=\"text-editor.default\">\n\t\t\t\t<div class=\"elementor-widget-container\">\n\t\t\t\t\t\t\t\t\t<p>Als Trainer f\u00fcr die 1.Mannschaft wurde Albert Suttner gewonnen. Er geh\u00f6rte neben Georg Lutter und Hans Hochholzer, zu denjenigen, die bereits vor 1965 bei der DJK Ammerthal aktiv im Einsatz waren. Das allererste Spiel der Vereinsgeschichte fand im Mai 1965 auf dem DJK-Platz in Rosenberg (unmittelbar neben dem Kettelerhaus) statt. Mit 3:2 gab es bei der Premiere gleich den ersten Sieg zu feiern. Im Tor stand Rudi Pirkl. Zu den weiteren Mitspielern geh\u00f6rten Albert Suttner, Hubert Schubert, Hans Hochholzer, Georg Lutter, Werner Steinmetz, Heinrich Englhard, Hermann Hochholzer, Hans Ibler, Willy Graf und Siegfried Loos. Michael-Poppenricht war erst kurz vor dem SVI gegr\u00fcndet worden und trug seine Heimspiele in der Anfangszeit auf dem DJK-Platz in Rosenberg aus.<\/p>\t\t\t\t\t\t\t\t<\/div>\n\t\t\t\t<\/div>\n\t\t\t\t\t<\/div>\n\t\t<\/div>\n\t\t\t\t\t<\/div>\n\t\t<\/section>\n\t\t\t\t<section class=\"elementor-section elementor-top-section elementor-element elementor-element-ebef441 elementor-section-boxed elementor-section-height-default elementor-section-height-default\" data-id=\"ebef441\" data-element_type=\"section\">\n\t\t\t\t\t\t<div class=\"elementor-container elementor-column-gap-default\">\n\t\t\t\t\t<div class=\"elementor-column elementor-col-100 elementor-top-column elementor-element elementor-element-5eba466\" data-id=\"5eba466\" data-element_type=\"column\">\n\t\t\t<div class=\"elementor-widget-wrap elementor-element-populated\">\n\t\t\t\t\t\t<div class=\"elementor-element elementor-element-7f65f59 elementor-widget elementor-widget-text-editor\" data-id=\"7f65f59\" data-element_type=\"widget\" data-widget_type=\"text-editor.default\">\n\t\t\t\t<div class=\"elementor-widget-container\">\n\t\t\t\t\t\t\t\t\t<p>Nachdem es in Illschwang verschiedene Trainingspl\u00e4tze mit Flutlicht, unter anderem beim sp\u00e4teren Forsthausneubau, beim fr\u00fcheren Raiffeisen-Lagerhaus und im Bereich des Sand\u00e4ckerwegs gegeben hatte, konnte mit Lorenz Englhard in \u00d6dputzberg eine l\u00e4ngerfristige L\u00f6sung erreicht werden. Er stellte seine Wiese zur Verf\u00fcgung, die etliche Jahre als Ausweich- und Trainingsplatz diente. 1982 wurde in Verhandlungen mit dem Schulverband und der katholische Kirche erreicht, den Wildwassergraben neben der Schule zu verrohren und dort einen Trainingsplatz f\u00fcr die Fu\u00dfballer, sowie einen Schulsportplatz zu schaffen. Es wurden vier Flutlichtmasten aufgestellt und zur Kreisstra\u00dfe hin ein Ballfangzaun errichtet. Dies geschah durch den SVI in Eigenleistung. Die Gemeinde \u00fcbernahm die Materialkosten.<\/p>\t\t\t\t\t\t\t\t<\/div>\n\t\t\t\t<\/div>\n\t\t\t\t\t<\/div>\n\t\t<\/div>\n\t\t\t\t\t<\/div>\n\t\t<\/section>\n\t\t\t\t<section class=\"elementor-section elementor-top-section elementor-element elementor-element-3cfbaf3 elementor-section-boxed elementor-section-height-default elementor-section-height-default\" data-id=\"3cfbaf3\" data-element_type=\"section\">\n\t\t\t\t\t\t<div class=\"elementor-container elementor-column-gap-default\">\n\t\t\t\t\t<div class=\"elementor-column elementor-col-100 elementor-top-column elementor-element elementor-element-4927718\" data-id=\"4927718\" data-element_type=\"column\">\n\t\t\t<div class=\"elementor-widget-wrap elementor-element-populated\">\n\t\t\t\t\t\t<div class=\"elementor-element elementor-element-aca06c8 elementor-widget elementor-widget-text-editor\" data-id=\"aca06c8\" data-element_type=\"widget\" data-widget_type=\"text-editor.default\">\n\t\t\t\t<div class=\"elementor-widget-container\">\n\t\t\t\t\t\t\t\t\t<p>Im Jahr 1984 wurde die Ski- und Lauftreffsparte gegr\u00fcndet und damit die sportlichen Aktivit\u00e4ten im Verein auf eine drittes Standbein gestellt. Zum ersten Abteilungsleiter w\u00e4hlten die Anwesenden Herbert Pickel.\u00a0<br \/><br \/>Mit einem gro\u00dfen Festprogramm wurde im Mai 1985 das 20-j\u00e4hrige Vereinsjubil\u00e4um ge-feiert. Zu den Veranstaltungen geh\u00f6rten ein gro\u00dfer Sparkassenabend mit bekannten K\u00fcnstlern, ein Boxkampf zwischen dem BC Sulzbach-Rosenberg und dem BC Bayern Hof, ein Bunter Abend mit dem Jodlerk\u00f6nig Hansl Kr\u00f6nauer, sowie ein Tag der Vereine.<\/p>\t\t\t\t\t\t\t\t<\/div>\n\t\t\t\t<\/div>\n\t\t\t\t\t<\/div>\n\t\t<\/div>\n\t\t\t\t\t<\/div>\n\t\t<\/section>\n\t\t\t\t<section class=\"elementor-section elementor-top-section elementor-element elementor-element-a84bae8 elementor-section-boxed elementor-section-height-default elementor-section-height-default\" data-id=\"a84bae8\" data-element_type=\"section\">\n\t\t\t\t\t\t<div class=\"elementor-container elementor-column-gap-default\">\n\t\t\t\t\t<div class=\"elementor-column elementor-col-100 elementor-top-column elementor-element elementor-element-10bd9e2\" data-id=\"10bd9e2\" data-element_type=\"column\">\n\t\t\t<div class=\"elementor-widget-wrap elementor-element-populated\">\n\t\t\t\t\t\t<div class=\"elementor-element elementor-element-5a5ddd3 elementor-widget elementor-widget-text-editor\" data-id=\"5a5ddd3\" data-element_type=\"widget\" data-widget_type=\"text-editor.default\">\n\t\t\t\t<div class=\"elementor-widget-container\">\n\t\t\t\t\t\t\t\t\t<p>Bei der Generalversammlung im Januar 1986 wurde Norbert Weis zum neuen 1.Vorsitzenden gew\u00e4hlt. 20 Jahre blieb er an der Vereinsspitze. Er war vorher als Abteilungsleiter Fu\u00dfball t\u00e4tig gewesen.<\/p><p>Erster Ansatzpunkt war dabei das Kinderturnen. Dank der Unterst\u00fctzung von Paula Ebert konnte 1986 eine Bambinigruppe im Alter zwischen 3 und 6 Jahren gegr\u00fcndet werden, wobei man eng mit dem Kindergarten zusammenarbeitete. Ab 1987 gab es dann eine zweite Kinderturngruppe bis 10 Jahre und schlie\u00dflich ab 1990 sogar noch eine dritte Gruppe mit \u00e4lteren Kindern.<\/p><p>Auch im Nachwuchsbereich Fu\u00dfball gab es Probleme, gen\u00fcgend Nachwuchskr\u00e4fte zum Verein zu bekommen. 1985 konnte weder eine C-, noch eine A-Jugend f\u00fcr den Punktspielbetrieb gemeldet werden. Es mussten neue Wege gefunden werden, die im Beginn einer Spielgemeinschaft mit dem Nachbarverein ASV Schwend im Jahr 1989 gipfelte und neue M\u00f6glichkeiten er\u00f6ffnete.<br \/><br \/>Seit 1994 gibt es beim SVI die Gruppe \u201eFit nach 8\u201c, die sich jeden Donnerstagabend unter der Leitung von Brigitte Aufschneider und Roswitha Meier trifft. Sie wendet sich vor allem an sportlich ambitionierte Damen.<\/p>\t\t\t\t\t\t\t\t<\/div>\n\t\t\t\t<\/div>\n\t\t\t\t\t<\/div>\n\t\t<\/div>\n\t\t\t\t\t<\/div>\n\t\t<\/section>\n\t\t\t\t<section class=\"elementor-section elementor-top-section elementor-element elementor-element-ccc5e5d elementor-section-boxed elementor-section-height-default elementor-section-height-default\" data-id=\"ccc5e5d\" data-element_type=\"section\">\n\t\t\t\t\t\t<div class=\"elementor-container elementor-column-gap-default\">\n\t\t\t\t\t<div class=\"elementor-column elementor-col-100 elementor-top-column elementor-element elementor-element-fa72a06\" data-id=\"fa72a06\" data-element_type=\"column\">\n\t\t\t<div class=\"elementor-widget-wrap elementor-element-populated\">\n\t\t\t\t\t\t<div class=\"elementor-element elementor-element-1ac2629 elementor-widget elementor-widget-text-editor\" data-id=\"1ac2629\" data-element_type=\"widget\" data-widget_type=\"text-editor.default\">\n\t\t\t\t<div class=\"elementor-widget-container\">\n\t\t\t\t\t\t\t\t\t<p>Mitte Februar 2000 konnte der 1.Vorsitzende Norbert Weis das 600. Vereinsmitglied begr\u00fc\u00dfen. Davon waren es ca. 250 Kinder und Jugendliche. 2002 und 2003 waren mit den \u201eBlackburn Rovers\u201c Fu\u00dfballer aus der ersten englischen Liga zu einem Trainingslager im \u201eWei\u00dfen Ross\u201c, wobei sie auch das Sportgel\u00e4nde des SVI nutzten. \u00a0Im Jahr 2003 erhielt der Sportverein das G\u00fctesiegel \u201eSport pro Gesundheit\u201c verliehen. Birgit Herbst hatte dazu eine Zusatzausbildung an der Sportschule in Oberhaching absolviert. Als gesundheitliche Pr\u00e4ventivma\u00dfnahme wurden von ihr spezielle Kurse in Wirbels\u00e4ulengymnastik, sowie Aquajogging und Aquagymnastik angeboten.<\/p>\t\t\t\t\t\t\t\t<\/div>\n\t\t\t\t<\/div>\n\t\t\t\t\t<\/div>\n\t\t<\/div>\n\t\t\t\t\t<\/div>\n\t\t<\/section>\n\t\t\t\t<section class=\"elementor-section elementor-top-section elementor-element elementor-element-5d9b866 elementor-section-boxed elementor-section-height-default elementor-section-height-default\" data-id=\"5d9b866\" data-element_type=\"section\">\n\t\t\t\t\t\t<div class=\"elementor-container elementor-column-gap-default\">\n\t\t\t\t\t<div class=\"elementor-column elementor-col-100 elementor-top-column elementor-element elementor-element-e2db134\" data-id=\"e2db134\" data-element_type=\"column\">\n\t\t\t<div class=\"elementor-widget-wrap elementor-element-populated\">\n\t\t\t\t\t\t<div class=\"elementor-element elementor-element-fe27660 elementor-widget elementor-widget-text-editor\" data-id=\"fe27660\" data-element_type=\"widget\" data-widget_type=\"text-editor.default\">\n\t\t\t\t<div class=\"elementor-widget-container\">\n\t\t\t\t\t\t\t\t\t<p>Bei der Generalversammlung im Januar 2006 verzichtete Norbert Weis auf eine erneute Kandidatur f\u00fcr das Amt des 1.Vorsitzenden. Der bisherige Schriftf\u00fchrer Thomas Dirler trat seine Nachfolge an. Bei einem Ehrenabend im Oktober wird Weis zum Ehrenvorsitzenden ernannt. Der damalige Landrat Armin Nentwig w\u00fcrdigte seine Verdienste und \u00fcberreichte ihm die Landkreismedaille in Silber.<br \/><br \/>Ein wichtiger Meilenstein auf dem Weg hin zu einem neuen Sportheim mit Dusch- und Umkleidem\u00f6glichkeiten war der Februar 2007. Die Jahreshauptversammlung beschloss beim BLSV einen Vorantrag zum Bau eines neuen Sportheims zu stellen. Im darauffolgenden Jahr wurde ein Bauausschuss gebildet, mit dessen Leitung der Ehrenvorsitzende Norbert Weis beauftragt wurde. Die n\u00e4chsten Jahre bildeten die Gespr\u00e4che und Entscheidungen hin zur Verwirklichung einen Schwerpunkt der Vereinsarbeit. <\/p>\t\t\t\t\t\t\t\t<\/div>\n\t\t\t\t<\/div>\n\t\t\t\t\t<\/div>\n\t\t<\/div>\n\t\t\t\t\t<\/div>\n\t\t<\/section>\n\t\t\t\t<section class=\"elementor-section elementor-top-section elementor-element elementor-element-3d54db7 elementor-section-boxed elementor-section-height-default elementor-section-height-default\" data-id=\"3d54db7\" data-element_type=\"section\">\n\t\t\t\t\t\t<div class=\"elementor-container elementor-column-gap-default\">\n\t\t\t\t\t<div class=\"elementor-column elementor-col-100 elementor-top-column elementor-element elementor-element-0b28919\" data-id=\"0b28919\" data-element_type=\"column\">\n\t\t\t<div class=\"elementor-widget-wrap elementor-element-populated\">\n\t\t\t\t\t\t<div class=\"elementor-element elementor-element-3698413 elementor-widget elementor-widget-text-editor\" data-id=\"3698413\" data-element_type=\"widget\" data-widget_type=\"text-editor.default\">\n\t\t\t\t<div class=\"elementor-widget-container\">\n\t\t\t\t\t\t\t\t\t<p>Absolutes Neuland betrat der Verein mit dem Hallenmasters, das es seit 2009 auf Kunstrasen mit Rundumbande in der Kr\u00f6tensee-Sporthalle in Sulzbach-Rosenberg gibt. Es wurde zu einer Veranstaltung mit \u00fcberregionalem Bekanntheitsgrad. Holger Kellner war und ist dabei die treibende Kraft. Dank der erwirtschafteten Einnahmen konnten R\u00fccklagen f\u00fcr den Sportheimbau erwirtschaftet werden. Die Veranstaltung ist beste Werbung f\u00fcr den Nachwuchsfu\u00dfball.<\/p><p>2012 kommt es zur Bildung einer Spielgemeinschaft im Damenfu\u00dfball zwischen dem SVI und der DJK Ursensollen.<\/p><p>2014 wurde konkret mit den Arbeiten f\u00fcr das neue Sportheim begonnen: Verlegung der Versorgungsleitungen zum neuen Standort, sowie Durchf\u00fchrung der Rohbauma\u00dfnahme mit Richtfest und Beginn des Innenausbaus. <br \/>Einweihung des neuen Sportheims war dann 2017.<\/p>\t\t\t\t\t\t\t\t<\/div>\n\t\t\t\t<\/div>\n\t\t\t\t\t<\/div>\n\t\t<\/div>\n\t\t\t\t\t<\/div>\n\t\t<\/section>\n\t\t\t\t<\/div>\n\t\t","protected":false},"excerpt":{"rendered":"<p>Der SV Illschwang kann auf mehr als 50 Jahre zur\u00fcckblicken und hat sich nach seiner Gr\u00fcndung 1965 von einem anf\u00e4nglich rein fu\u00dfballorientierten Verein zu einem Breitensportverein entwickelt, in dem es von den Bambinis \u00fcber die Kinder und Jugendlichen vielf\u00e4ltige M\u00f6glichkeiten zur aktiven sportlichen Bet\u00e4tigung gibt. Neben Fu\u00dfball sind Turnen, Ski- und Lauftreff, sowie Tischtennis die [&hellip;]<\/p>\n","protected":false},"author":1,"featured_media":0,"parent":0,"menu_order":0,"comment_status":"closed","ping_status":"closed","template":"","meta":{"footnotes":""},"class_list":["post-63","page","type-page","status-publish","hentry"],"_links":{"self":[{"href":"http:\/\/sv-illschwang.de\/index.php?rest_route=\/wp\/v2\/pages\/63","targetHints":{"allow":["GET"]}}],"collection":[{"href":"http:\/\/sv-illschwang.de\/index.php?rest_route=\/wp\/v2\/pages"}],"about":[{"href":"http:\/\/sv-illschwang.de\/index.php?rest_route=\/wp\/v2\/types\/page"}],"author":[{"embeddable":true,"href":"http:\/\/sv-illschwang.de\/index.php?rest_route=\/wp\/v2\/users\/1"}],"replies":[{"embeddable":true,"href":"http:\/\/sv-illschwang.de\/index.php?rest_route=%2Fwp%2Fv2%2Fcomments&post=63"}],"version-history":[{"count":5,"href":"http:\/\/sv-illschwang.de\/index.php?rest_route=\/wp\/v2\/pages\/63\/revisions"}],"predecessor-version":[{"id":2983,"href":"http:\/\/sv-illschwang.de\/index.php?rest_route=\/wp\/v2\/pages\/63\/revisions\/2983"}],"wp:attachment":[{"href":"http:\/\/sv-illschwang.de\/index.php?rest_route=%2Fwp%2Fv2%2Fmedia&parent=63"}],"curies":[{"name":"wp","href":"https:\/\/api.w.org\/{rel}","templated":true}]}}