{"id":653,"date":"2020-09-28T11:07:07","date_gmt":"2020-09-28T09:07:07","guid":{"rendered":"http:\/\/sv-illschwang.de\/?page_id=653"},"modified":"2025-09-29T10:15:45","modified_gmt":"2025-09-29T08:15:45","slug":"ski","status":"publish","type":"page","link":"http:\/\/sv-illschwang.de\/?page_id=653","title":{"rendered":"Ski und Fitness"},"content":{"rendered":"\t\t<div data-elementor-type=\"wp-page\" data-elementor-id=\"653\" class=\"elementor elementor-653\">\n\t\t\t\t\t\t<section class=\"elementor-section elementor-top-section elementor-element elementor-element-45289c1 elementor-section-boxed elementor-section-height-default elementor-section-height-default\" data-id=\"45289c1\" data-element_type=\"section\">\n\t\t\t\t\t\t<div class=\"elementor-container elementor-column-gap-default\">\n\t\t\t\t\t<div class=\"elementor-column elementor-col-100 elementor-top-column elementor-element elementor-element-33c12bb\" data-id=\"33c12bb\" data-element_type=\"column\">\n\t\t\t<div class=\"elementor-widget-wrap elementor-element-populated\">\n\t\t\t\t\t\t<div class=\"elementor-element elementor-element-a82a4a4 elementor-widget elementor-widget-text-editor\" data-id=\"a82a4a4\" data-element_type=\"widget\" data-widget_type=\"text-editor.default\">\n\t\t\t\t<div class=\"elementor-widget-container\">\n\t\t\t\t\t\t\t\t\t<p><strong>Effektives Ganzk\u00f6rpertraining zur Steigerung der pers\u00f6nlichen Fitness bis hin zu Stretch &amp; Relax<\/strong><\/p>\t\t\t\t\t\t\t\t<\/div>\n\t\t\t\t<\/div>\n\t\t\t\t\t<\/div>\n\t\t<\/div>\n\t\t\t\t\t<\/div>\n\t\t<\/section>\n\t\t\t\t<section class=\"elementor-section elementor-top-section elementor-element elementor-element-53a8cb4 elementor-section-boxed elementor-section-height-default elementor-section-height-default\" data-id=\"53a8cb4\" data-element_type=\"section\">\n\t\t\t\t\t\t<div class=\"elementor-container elementor-column-gap-default\">\n\t\t\t\t\t<div class=\"elementor-column elementor-col-50 elementor-top-column elementor-element elementor-element-2e523af\" data-id=\"2e523af\" data-element_type=\"column\">\n\t\t\t<div class=\"elementor-widget-wrap elementor-element-populated\">\n\t\t\t\t\t\t<div class=\"elementor-element elementor-element-fe4311f elementor-widget elementor-widget-image\" data-id=\"fe4311f\" data-element_type=\"widget\" data-widget_type=\"image.default\">\n\t\t\t\t<div class=\"elementor-widget-container\">\n\t\t\t\t\t\t\t\t\t\t\t\t\t\t\t<img fetchpriority=\"high\" decoding=\"async\" width=\"640\" height=\"641\" src=\"http:\/\/sv-illschwang.de\/wp-content\/uploads\/2024\/09\/FitdurchdenWinter_2.png\" class=\"attachment-large size-large wp-image-3776\" alt=\"\" srcset=\"http:\/\/sv-illschwang.de\/wp-content\/uploads\/2024\/09\/FitdurchdenWinter_2.png 880w, http:\/\/sv-illschwang.de\/wp-content\/uploads\/2024\/09\/FitdurchdenWinter_2-300x300.png 300w, http:\/\/sv-illschwang.de\/wp-content\/uploads\/2024\/09\/FitdurchdenWinter_2-150x150.png 150w, http:\/\/sv-illschwang.de\/wp-content\/uploads\/2024\/09\/FitdurchdenWinter_2-768x770.png 768w\" sizes=\"(max-width: 640px) 100vw, 640px\" \/>\t\t\t\t\t\t\t\t\t\t\t\t\t\t\t<\/div>\n\t\t\t\t<\/div>\n\t\t\t\t\t<\/div>\n\t\t<\/div>\n\t\t\t\t<div class=\"elementor-column elementor-col-50 elementor-top-column elementor-element elementor-element-6d86b4f\" data-id=\"6d86b4f\" data-element_type=\"column\">\n\t\t\t<div class=\"elementor-widget-wrap elementor-element-populated\">\n\t\t\t\t\t\t<div class=\"elementor-element elementor-element-eb67979 elementor-widget elementor-widget-text-editor\" data-id=\"eb67979\" data-element_type=\"widget\" data-widget_type=\"text-editor.default\">\n\t\t\t\t<div class=\"elementor-widget-container\">\n\t\t\t\t\t\t\t\t\t<p><strong><br \/>Wann und wo?!<br \/><\/strong><br \/><strong>Jeden Freitag, 19:30 &#8211; 21:00 Uhr, Schulturnhalle Illschwang<\/strong><br \/><strong><br \/>Start in die Saison: 10. Oktober 2025<\/strong><\/p>\t\t\t\t\t\t\t\t<\/div>\n\t\t\t\t<\/div>\n\t\t\t\t\t<\/div>\n\t\t<\/div>\n\t\t\t\t\t<\/div>\n\t\t<\/section>\n\t\t\t\t<section class=\"elementor-section elementor-top-section elementor-element elementor-element-c014657 elementor-section-boxed elementor-section-height-default elementor-section-height-default\" data-id=\"c014657\" data-element_type=\"section\">\n\t\t\t\t\t\t<div class=\"elementor-container elementor-column-gap-default\">\n\t\t\t\t\t<div class=\"elementor-column elementor-col-100 elementor-top-column elementor-element elementor-element-e4e080e\" data-id=\"e4e080e\" data-element_type=\"column\">\n\t\t\t<div class=\"elementor-widget-wrap elementor-element-populated\">\n\t\t\t\t\t\t<div class=\"elementor-element elementor-element-b034ef0 elementor-widget elementor-widget-text-editor\" data-id=\"b034ef0\" data-element_type=\"widget\" data-widget_type=\"text-editor.default\">\n\t\t\t\t<div class=\"elementor-widget-container\">\n\t\t\t\t\t\t\t\t\t<p><strong style=\"font-family: var( --e-global-typography-text-font-family ), Sans-serif; font-size: var( --e-global-typography-text-font-size ); letter-spacing: var( --e-global-typography-text-letter-spacing );\">F\u00fcr Mitglieder des SV Illschwang kostenlos \u2013 f\u00fcr Nichtmitglieder betr\u00e4gt die Kursgeb\u00fchr 35,- Euro&nbsp;<\/strong><br><\/p>\t\t\t\t\t\t\t\t<\/div>\n\t\t\t\t<\/div>\n\t\t\t\t\t<\/div>\n\t\t<\/div>\n\t\t\t\t\t<\/div>\n\t\t<\/section>\n\t\t\t\t<section class=\"elementor-section elementor-top-section elementor-element elementor-element-77379f4 elementor-section-boxed elementor-section-height-default elementor-section-height-default\" data-id=\"77379f4\" data-element_type=\"section\">\n\t\t\t\t\t\t<div class=\"elementor-container elementor-column-gap-default\">\n\t\t\t\t\t<div class=\"elementor-column elementor-col-33 elementor-top-column elementor-element elementor-element-72811d0\" data-id=\"72811d0\" data-element_type=\"column\">\n\t\t\t<div class=\"elementor-widget-wrap elementor-element-populated\">\n\t\t\t\t\t\t<div class=\"elementor-element elementor-element-bb0b943 elementor-widget__width-initial elementor-widget-mobile__width-initial elementor-widget elementor-widget-image\" data-id=\"bb0b943\" data-element_type=\"widget\" data-widget_type=\"image.default\">\n\t\t\t\t<div class=\"elementor-widget-container\">\n\t\t\t\t\t\t\t\t\t\t\t\t\t\t\t<img decoding=\"async\" width=\"1045\" height=\"1328\" src=\"http:\/\/sv-illschwang.de\/wp-content\/uploads\/2024\/09\/DL_2.jpg\" class=\"attachment-full size-full wp-image-3815\" alt=\"\" srcset=\"http:\/\/sv-illschwang.de\/wp-content\/uploads\/2024\/09\/DL_2.jpg 1045w, http:\/\/sv-illschwang.de\/wp-content\/uploads\/2024\/09\/DL_2-236x300.jpg 236w, http:\/\/sv-illschwang.de\/wp-content\/uploads\/2024\/09\/DL_2-806x1024.jpg 806w, http:\/\/sv-illschwang.de\/wp-content\/uploads\/2024\/09\/DL_2-768x976.jpg 768w\" sizes=\"(max-width: 1045px) 100vw, 1045px\" \/>\t\t\t\t\t\t\t\t\t\t\t\t\t\t\t<\/div>\n\t\t\t\t<\/div>\n\t\t\t\t\t<\/div>\n\t\t<\/div>\n\t\t\t\t<div class=\"elementor-column elementor-col-33 elementor-top-column elementor-element elementor-element-035e047\" data-id=\"035e047\" data-element_type=\"column\">\n\t\t\t<div class=\"elementor-widget-wrap elementor-element-populated\">\n\t\t\t\t\t\t<div class=\"elementor-element elementor-element-54724cd elementor-widget__width-initial elementor-widget-mobile__width-initial elementor-widget elementor-widget-image\" data-id=\"54724cd\" data-element_type=\"widget\" data-widget_type=\"image.default\">\n\t\t\t\t<div class=\"elementor-widget-container\">\n\t\t\t\t\t\t\t\t\t\t\t\t\t\t\t<img decoding=\"async\" width=\"1045\" height=\"1393\" src=\"http:\/\/sv-illschwang.de\/wp-content\/uploads\/2024\/10\/HM.jpg\" class=\"attachment-full size-full wp-image-3822\" alt=\"\" srcset=\"http:\/\/sv-illschwang.de\/wp-content\/uploads\/2024\/10\/HM.jpg 1045w, http:\/\/sv-illschwang.de\/wp-content\/uploads\/2024\/10\/HM-225x300.jpg 225w, http:\/\/sv-illschwang.de\/wp-content\/uploads\/2024\/10\/HM-768x1024.jpg 768w\" sizes=\"(max-width: 1045px) 100vw, 1045px\" \/>\t\t\t\t\t\t\t\t\t\t\t\t\t\t\t<\/div>\n\t\t\t\t<\/div>\n\t\t\t\t\t<\/div>\n\t\t<\/div>\n\t\t\t\t<div class=\"elementor-column elementor-col-33 elementor-top-column elementor-element elementor-element-4d583ca\" data-id=\"4d583ca\" data-element_type=\"column\">\n\t\t\t<div class=\"elementor-widget-wrap elementor-element-populated\">\n\t\t\t\t\t\t<div class=\"elementor-element elementor-element-755488f elementor-widget__width-initial elementor-widget-mobile__width-initial elementor-widget elementor-widget-image\" data-id=\"755488f\" data-element_type=\"widget\" data-widget_type=\"image.default\">\n\t\t\t\t<div class=\"elementor-widget-container\">\n\t\t\t\t\t\t\t\t\t\t\t\t\t\t\t<img loading=\"lazy\" decoding=\"async\" width=\"1045\" height=\"1421\" src=\"http:\/\/sv-illschwang.de\/wp-content\/uploads\/2024\/10\/EK_2.jpg\" class=\"attachment-full size-full wp-image-3823\" alt=\"\" srcset=\"http:\/\/sv-illschwang.de\/wp-content\/uploads\/2024\/10\/EK_2.jpg 1045w, http:\/\/sv-illschwang.de\/wp-content\/uploads\/2024\/10\/EK_2-221x300.jpg 221w, http:\/\/sv-illschwang.de\/wp-content\/uploads\/2024\/10\/EK_2-753x1024.jpg 753w, http:\/\/sv-illschwang.de\/wp-content\/uploads\/2024\/10\/EK_2-768x1044.jpg 768w\" sizes=\"(max-width: 1045px) 100vw, 1045px\" \/>\t\t\t\t\t\t\t\t\t\t\t\t\t\t\t<\/div>\n\t\t\t\t<\/div>\n\t\t\t\t\t<\/div>\n\t\t<\/div>\n\t\t\t\t\t<\/div>\n\t\t<\/section>\n\t\t\t\t<section class=\"elementor-section elementor-top-section elementor-element elementor-element-e2a86ef elementor-section-boxed elementor-section-height-default elementor-section-height-default\" data-id=\"e2a86ef\" data-element_type=\"section\">\n\t\t\t\t\t\t<div class=\"elementor-container elementor-column-gap-default\">\n\t\t\t\t\t<div class=\"elementor-column elementor-col-33 elementor-top-column elementor-element elementor-element-f10eb37\" data-id=\"f10eb37\" data-element_type=\"column\">\n\t\t\t<div class=\"elementor-widget-wrap elementor-element-populated\">\n\t\t\t\t\t\t<div class=\"elementor-element elementor-element-7142018 elementor-widget elementor-widget-text-editor\" data-id=\"7142018\" data-element_type=\"widget\" data-widget_type=\"text-editor.default\">\n\t\t\t\t<div class=\"elementor-widget-container\">\n\t\t\t\t\t\t\t\t\t<p>Doris Langer<br \/>09666-95 040<\/p>\t\t\t\t\t\t\t\t<\/div>\n\t\t\t\t<\/div>\n\t\t\t\t\t<\/div>\n\t\t<\/div>\n\t\t\t\t<div class=\"elementor-column elementor-col-33 elementor-top-column elementor-element elementor-element-d84b2ab\" data-id=\"d84b2ab\" data-element_type=\"column\">\n\t\t\t<div class=\"elementor-widget-wrap elementor-element-populated\">\n\t\t\t\t\t\t<div class=\"elementor-element elementor-element-1227ee8 elementor-widget elementor-widget-text-editor\" data-id=\"1227ee8\" data-element_type=\"widget\" data-widget_type=\"text-editor.default\">\n\t\t\t\t<div class=\"elementor-widget-container\">\n\t\t\t\t\t\t\t\t\t<p>Heidi Maul<br \/>09663-91 989<\/p>\t\t\t\t\t\t\t\t<\/div>\n\t\t\t\t<\/div>\n\t\t\t\t\t<\/div>\n\t\t<\/div>\n\t\t\t\t<div class=\"elementor-column elementor-col-33 elementor-top-column elementor-element elementor-element-0974e2a\" data-id=\"0974e2a\" data-element_type=\"column\">\n\t\t\t<div class=\"elementor-widget-wrap elementor-element-populated\">\n\t\t\t\t\t\t<div class=\"elementor-element elementor-element-d94bf3a elementor-widget elementor-widget-text-editor\" data-id=\"d94bf3a\" data-element_type=\"widget\" data-widget_type=\"text-editor.default\">\n\t\t\t\t<div class=\"elementor-widget-container\">\n\t\t\t\t\t\t\t\t\t<p>Evi Kolb<br \/>09663-95 176<\/p>\t\t\t\t\t\t\t\t<\/div>\n\t\t\t\t<\/div>\n\t\t\t\t\t<\/div>\n\t\t<\/div>\n\t\t\t\t\t<\/div>\n\t\t<\/section>\n\t\t\t\t<\/div>\n\t\t","protected":false},"excerpt":{"rendered":"<p>Effektives Ganzk\u00f6rpertraining zur Steigerung der pers\u00f6nlichen Fitness bis hin zu Stretch &amp; Relax Wann und wo?!Jeden Freitag, 19:30 &#8211; 21:00 Uhr, Schulturnhalle IllschwangStart in die Saison: 10. Oktober 2025 F\u00fcr Mitglieder des SV Illschwang kostenlos \u2013 f\u00fcr Nichtmitglieder betr\u00e4gt die Kursgeb\u00fchr 35,- Euro&nbsp; Doris Langer09666-95 040 Heidi Maul09663-91 989 Evi Kolb09663-95 176<\/p>\n","protected":false},"author":2,"featured_media":0,"parent":0,"menu_order":0,"comment_status":"closed","ping_status":"closed","template":"","meta":{"footnotes":""},"class_list":["post-653","page","type-page","status-publish","hentry"],"_links":{"self":[{"href":"http:\/\/sv-illschwang.de\/index.php?rest_route=\/wp\/v2\/pages\/653","targetHints":{"allow":["GET"]}}],"collection":[{"href":"http:\/\/sv-illschwang.de\/index.php?rest_route=\/wp\/v2\/pages"}],"about":[{"href":"http:\/\/sv-illschwang.de\/index.php?rest_route=\/wp\/v2\/types\/page"}],"author":[{"embeddable":true,"href":"http:\/\/sv-illschwang.de\/index.php?rest_route=\/wp\/v2\/users\/2"}],"replies":[{"embeddable":true,"href":"http:\/\/sv-illschwang.de\/index.php?rest_route=%2Fwp%2Fv2%2Fcomments&post=653"}],"version-history":[{"count":42,"href":"http:\/\/sv-illschwang.de\/index.php?rest_route=\/wp\/v2\/pages\/653\/revisions"}],"predecessor-version":[{"id":4691,"href":"http:\/\/sv-illschwang.de\/index.php?rest_route=\/wp\/v2\/pages\/653\/revisions\/4691"}],"wp:attachment":[{"href":"http:\/\/sv-illschwang.de\/index.php?rest_route=%2Fwp%2Fv2%2Fmedia&parent=653"}],"curies":[{"name":"wp","href":"https:\/\/api.w.org\/{rel}","templated":true}]}}