{"id":761,"date":"2020-10-13T13:57:09","date_gmt":"2020-10-13T11:57:09","guid":{"rendered":"http:\/\/sv-illschwang.de\/?page_id=761"},"modified":"2022-06-27T10:20:15","modified_gmt":"2022-06-27T08:20:15","slug":"kinderturnen","status":"publish","type":"page","link":"http:\/\/sv-illschwang.de\/?page_id=761","title":{"rendered":"Kinderturnen"},"content":{"rendered":"\t\t<div data-elementor-type=\"wp-page\" data-elementor-id=\"761\" class=\"elementor elementor-761\">\n\t\t\t\t\t\t<section class=\"elementor-section elementor-top-section elementor-element elementor-element-020ea9a elementor-section-boxed elementor-section-height-default elementor-section-height-default\" data-id=\"020ea9a\" data-element_type=\"section\">\n\t\t\t\t\t\t<div class=\"elementor-container elementor-column-gap-default\">\n\t\t\t\t\t<div class=\"elementor-column elementor-col-100 elementor-top-column elementor-element elementor-element-a9bafab\" data-id=\"a9bafab\" data-element_type=\"column\">\n\t\t\t<div class=\"elementor-widget-wrap elementor-element-populated\">\n\t\t\t\t\t\t<div class=\"elementor-element elementor-element-b3a6a35 elementor-widget elementor-widget-image\" data-id=\"b3a6a35\" data-element_type=\"widget\" data-widget_type=\"image.default\">\n\t\t\t\t<div class=\"elementor-widget-container\">\n\t\t\t\t\t\t\t\t\t\t\t\t\t\t\t<img fetchpriority=\"high\" decoding=\"async\" width=\"563\" height=\"750\" src=\"http:\/\/sv-illschwang.de\/wp-content\/uploads\/2022\/06\/Kinderturnen_2-1.jpg\" class=\"attachment-large size-large wp-image-2050\" alt=\"\" srcset=\"http:\/\/sv-illschwang.de\/wp-content\/uploads\/2022\/06\/Kinderturnen_2-1.jpg 563w, http:\/\/sv-illschwang.de\/wp-content\/uploads\/2022\/06\/Kinderturnen_2-1-225x300.jpg 225w\" sizes=\"(max-width: 563px) 100vw, 563px\" \/>\t\t\t\t\t\t\t\t\t\t\t\t\t\t\t<\/div>\n\t\t\t\t<\/div>\n\t\t\t\t\t<\/div>\n\t\t<\/div>\n\t\t\t\t\t<\/div>\n\t\t<\/section>\n\t\t\t\t<section class=\"elementor-section elementor-top-section elementor-element elementor-element-8c52b64 elementor-section-boxed elementor-section-height-default elementor-section-height-default\" data-id=\"8c52b64\" data-element_type=\"section\">\n\t\t\t\t\t\t<div class=\"elementor-container elementor-column-gap-default\">\n\t\t\t\t\t<div class=\"elementor-column elementor-col-50 elementor-top-column elementor-element elementor-element-21bd1e0\" data-id=\"21bd1e0\" data-element_type=\"column\">\n\t\t\t<div class=\"elementor-widget-wrap elementor-element-populated\">\n\t\t\t\t\t\t<div class=\"elementor-element elementor-element-37656a9 elementor-widget elementor-widget-image\" data-id=\"37656a9\" data-element_type=\"widget\" data-widget_type=\"image.default\">\n\t\t\t\t<div class=\"elementor-widget-container\">\n\t\t\t\t\t\t\t\t\t\t\t\t\t\t\t<img decoding=\"async\" width=\"563\" height=\"750\" src=\"http:\/\/sv-illschwang.de\/wp-content\/uploads\/2022\/06\/HM_3-1.jpg\" class=\"attachment-large size-large wp-image-2052\" alt=\"\" srcset=\"http:\/\/sv-illschwang.de\/wp-content\/uploads\/2022\/06\/HM_3-1.jpg 563w, http:\/\/sv-illschwang.de\/wp-content\/uploads\/2022\/06\/HM_3-1-225x300.jpg 225w\" sizes=\"(max-width: 563px) 100vw, 563px\" \/>\t\t\t\t\t\t\t\t\t\t\t\t\t\t\t<\/div>\n\t\t\t\t<\/div>\n\t\t\t\t\t<\/div>\n\t\t<\/div>\n\t\t\t\t<div class=\"elementor-column elementor-col-50 elementor-top-column elementor-element elementor-element-4ab843c\" data-id=\"4ab843c\" data-element_type=\"column\">\n\t\t\t<div class=\"elementor-widget-wrap elementor-element-populated\">\n\t\t\t\t\t\t<div class=\"elementor-element elementor-element-f0e866d elementor-widget elementor-widget-text-editor\" data-id=\"f0e866d\" data-element_type=\"widget\" data-widget_type=\"text-editor.default\">\n\t\t\t\t<div class=\"elementor-widget-container\">\n\t\t\t\t\t\t\t\t\t<p>\u00dcbungsleiterin<\/p><p style=\"font-weight: 400;\"><strong>Heidi Maul<\/strong> <br \/>09663 \/ 9 19 89<\/p><p style=\"font-weight: 400;\">\u00a0<\/p>\t\t\t\t\t\t\t\t<\/div>\n\t\t\t\t<\/div>\n\t\t\t\t\t<\/div>\n\t\t<\/div>\n\t\t\t\t\t<\/div>\n\t\t<\/section>\n\t\t\t\t<section class=\"elementor-section elementor-top-section elementor-element elementor-element-151fc8f elementor-section-boxed elementor-section-height-default elementor-section-height-default\" data-id=\"151fc8f\" data-element_type=\"section\">\n\t\t\t\t\t\t<div class=\"elementor-container elementor-column-gap-default\">\n\t\t\t\t\t<div class=\"elementor-column elementor-col-50 elementor-top-column elementor-element elementor-element-cdad792\" data-id=\"cdad792\" data-element_type=\"column\">\n\t\t\t<div class=\"elementor-widget-wrap elementor-element-populated\">\n\t\t\t\t\t\t<div class=\"elementor-element elementor-element-b334f26 elementor-widget elementor-widget-image\" data-id=\"b334f26\" data-element_type=\"widget\" data-widget_type=\"image.default\">\n\t\t\t\t<div class=\"elementor-widget-container\">\n\t\t\t\t\t\t\t\t\t\t\t\t\t\t\t<img decoding=\"async\" width=\"640\" height=\"822\" src=\"http:\/\/sv-illschwang.de\/wp-content\/uploads\/2022\/06\/RJ_3-1.jpg\" class=\"attachment-large size-large wp-image-2051\" alt=\"\" srcset=\"http:\/\/sv-illschwang.de\/wp-content\/uploads\/2022\/06\/RJ_3-1.jpg 663w, http:\/\/sv-illschwang.de\/wp-content\/uploads\/2022\/06\/RJ_3-1-233x300.jpg 233w\" sizes=\"(max-width: 640px) 100vw, 640px\" \/>\t\t\t\t\t\t\t\t\t\t\t\t\t\t\t<\/div>\n\t\t\t\t<\/div>\n\t\t\t\t\t<\/div>\n\t\t<\/div>\n\t\t\t\t<div class=\"elementor-column elementor-col-50 elementor-top-column elementor-element elementor-element-6256e37\" data-id=\"6256e37\" data-element_type=\"column\">\n\t\t\t<div class=\"elementor-widget-wrap elementor-element-populated\">\n\t\t\t\t\t\t<div class=\"elementor-element elementor-element-2e6ab85 elementor-widget elementor-widget-text-editor\" data-id=\"2e6ab85\" data-element_type=\"widget\" data-widget_type=\"text-editor.default\">\n\t\t\t\t<div class=\"elementor-widget-container\">\n\t\t\t\t\t\t\t\t\t<p>\u00dcbungsleiterin<\/p><p style=\"font-weight: 400;\"><strong>Regina Jobst<\/strong><br \/>09666 \/ 95 12 51<\/p>\t\t\t\t\t\t\t\t<\/div>\n\t\t\t\t<\/div>\n\t\t\t\t\t<\/div>\n\t\t<\/div>\n\t\t\t\t\t<\/div>\n\t\t<\/section>\n\t\t\t\t<section class=\"elementor-section elementor-top-section elementor-element elementor-element-54df1ff elementor-section-boxed elementor-section-height-default elementor-section-height-default\" data-id=\"54df1ff\" data-element_type=\"section\">\n\t\t\t\t\t\t<div class=\"elementor-container elementor-column-gap-default\">\n\t\t\t\t\t<div class=\"elementor-column elementor-col-100 elementor-top-column elementor-element elementor-element-2af45c3\" data-id=\"2af45c3\" data-element_type=\"column\">\n\t\t\t<div class=\"elementor-widget-wrap elementor-element-populated\">\n\t\t\t\t\t\t<div class=\"elementor-element elementor-element-920a889 elementor-widget elementor-widget-text-editor\" data-id=\"920a889\" data-element_type=\"widget\" data-widget_type=\"text-editor.default\">\n\t\t\t\t<div class=\"elementor-widget-container\">\n\t\t\t\t\t\t\t\t\t<div class=\"elementor-element elementor-element-e5271ac elementor-widget elementor-widget-heading\" data-id=\"e5271ac\" data-element_type=\"widget\" data-widget_type=\"heading.default\"><div class=\"elementor-widget-container\">\u00a0<\/div><\/div><div class=\"elementor-element elementor-element-e927469 elementor-widget elementor-widget-text-editor\" data-id=\"e927469\" data-element_type=\"widget\" data-widget_type=\"text-editor.default\"><div class=\"elementor-widget-container\"><div class=\"elementor-text-editor elementor-clearfix\"><p><strong>Das Kinderturnen findet immer mittwochs, von 17:00h \u2013 18:00h in der Schulturnhalle in Illschwang statt.<\/strong><\/p><p>Unser Motto \u201eSpa\u00df an der Bewegung\u201c richtet sich vorwiegend an Kinder ab 6 Jahren. Unser Ziel ist es, neben dem rein sportlichen Aspekt auch elementare Inhalte zu vermitteln; mit einer gesunden Mischung aus Spiel und Anstrengung m\u00f6chten wir zB<\/p><\/div><\/div><\/div><ul><li>solidarisches Verhalten in der Gruppe<\/li><li>Teamf\u00e4higkeit<\/li><li>Disziplin\u00a0<\/li><li>Ehrgeiz\u00a0<\/li><\/ul><p style=\"font-weight: 400;\">f\u00f6rdern, wecken, erlernen und erfahren lassen.<\/p><p style=\"font-weight: 400;\">Hierzu sind im stetigen Wechsel Rollbretter, gymnastische Hand- und Gro\u00dfger\u00e4te sowie auch Alltagsmaterialien (z.B. ein einfacher Bierdeckel)\u00a0 ins \u00dcbungsprogramm eingebaut und kommen regelm\u00e4\u00dfig zum Einsatz.<\/p>\t\t\t\t\t\t\t\t<\/div>\n\t\t\t\t<\/div>\n\t\t\t\t\t<\/div>\n\t\t<\/div>\n\t\t\t\t\t<\/div>\n\t\t<\/section>\n\t\t\t\t<\/div>\n\t\t","protected":false},"excerpt":{"rendered":"<p>\u00dcbungsleiterin Heidi Maul 09663 \/ 9 19 89 \u00a0 \u00dcbungsleiterin Regina Jobst09666 \/ 95 12 51 \u00a0 Das Kinderturnen findet immer mittwochs, von 17:00h \u2013 18:00h in der Schulturnhalle in Illschwang statt. Unser Motto \u201eSpa\u00df an der Bewegung\u201c richtet sich vorwiegend an Kinder ab 6 Jahren. Unser Ziel ist es, neben dem rein sportlichen Aspekt [&hellip;]<\/p>\n","protected":false},"author":2,"featured_media":0,"parent":0,"menu_order":0,"comment_status":"closed","ping_status":"closed","template":"","meta":{"footnotes":""},"class_list":["post-761","page","type-page","status-publish","hentry"],"_links":{"self":[{"href":"http:\/\/sv-illschwang.de\/index.php?rest_route=\/wp\/v2\/pages\/761","targetHints":{"allow":["GET"]}}],"collection":[{"href":"http:\/\/sv-illschwang.de\/index.php?rest_route=\/wp\/v2\/pages"}],"about":[{"href":"http:\/\/sv-illschwang.de\/index.php?rest_route=\/wp\/v2\/types\/page"}],"author":[{"embeddable":true,"href":"http:\/\/sv-illschwang.de\/index.php?rest_route=\/wp\/v2\/users\/2"}],"replies":[{"embeddable":true,"href":"http:\/\/sv-illschwang.de\/index.php?rest_route=%2Fwp%2Fv2%2Fcomments&post=761"}],"version-history":[{"count":26,"href":"http:\/\/sv-illschwang.de\/index.php?rest_route=\/wp\/v2\/pages\/761\/revisions"}],"predecessor-version":[{"id":2058,"href":"http:\/\/sv-illschwang.de\/index.php?rest_route=\/wp\/v2\/pages\/761\/revisions\/2058"}],"wp:attachment":[{"href":"http:\/\/sv-illschwang.de\/index.php?rest_route=%2Fwp%2Fv2%2Fmedia&parent=761"}],"curies":[{"name":"wp","href":"https:\/\/api.w.org\/{rel}","templated":true}]}}