{"id":2461,"date":"2023-01-09T15:08:43","date_gmt":"2023-01-09T14:08:43","guid":{"rendered":"http:\/\/sv-illschwang.de\/?page_id=2461"},"modified":"2023-01-09T15:19:58","modified_gmt":"2023-01-09T14:19:58","slug":"13-hallenmasters-2023","status":"publish","type":"page","link":"https:\/\/sv-illschwang.de\/?page_id=2461","title":{"rendered":"13. Hallenmasters 2023"},"content":{"rendered":"\t\t<div data-elementor-type=\"wp-page\" data-elementor-id=\"2461\" class=\"elementor elementor-2461\">\n\t\t\t\t\t\t<section class=\"elementor-section elementor-top-section elementor-element elementor-element-fdf0314 elementor-section-boxed elementor-section-height-default elementor-section-height-default\" data-id=\"fdf0314\" data-element_type=\"section\">\n\t\t\t\t\t\t<div class=\"elementor-container elementor-column-gap-default\">\n\t\t\t\t\t<div class=\"elementor-column elementor-col-100 elementor-top-column elementor-element elementor-element-c7e2e44\" data-id=\"c7e2e44\" data-element_type=\"column\">\n\t\t\t<div class=\"elementor-widget-wrap elementor-element-populated\">\n\t\t\t\t\t\t<div class=\"elementor-element elementor-element-0113cfe elementor-widget elementor-widget-heading\" data-id=\"0113cfe\" data-element_type=\"widget\" data-widget_type=\"heading.default\">\n\t\t\t\t<div class=\"elementor-widget-container\">\n\t\t\t\t\t<h2 class=\"elementor-heading-title elementor-size-default\"><h1 style=\"line-height: 41.8px;font-size: 38px;overflow: inherit\"><a title=\"Permalink zu: Fu\u00dfball kompakt beim 13. Hallenmasters des SV Illschwang\">\u00dcbersicht der teilnehmenden Mannschaften beim 13. Hallenmasters des SV Illschwang<\/a><\/h1><\/h2>\t\t\t\t<\/div>\n\t\t\t\t<\/div>\n\t\t\t\t\t<\/div>\n\t\t<\/div>\n\t\t\t\t\t<\/div>\n\t\t<\/section>\n\t\t\t\t<section class=\"elementor-section elementor-top-section elementor-element elementor-element-4284f6e elementor-section-boxed elementor-section-height-default elementor-section-height-default\" data-id=\"4284f6e\" data-element_type=\"section\">\n\t\t\t\t\t\t<div class=\"elementor-container elementor-column-gap-default\">\n\t\t\t\t\t<div class=\"elementor-column elementor-col-100 elementor-top-column elementor-element elementor-element-92b443a\" data-id=\"92b443a\" data-element_type=\"column\">\n\t\t\t<div class=\"elementor-widget-wrap elementor-element-populated\">\n\t\t\t\t\t\t<div class=\"elementor-element elementor-element-dce3c39 elementor-widget elementor-widget-text-editor\" data-id=\"dce3c39\" data-element_type=\"widget\" data-widget_type=\"text-editor.default\">\n\t\t\t\t<div class=\"elementor-widget-container\">\n\t\t\t\t\t\t\t\t\t<p>Illschwang. (no) Von Freitag, 13.Januar bis Sonntag, 15.Januar ist die Kr\u00f6tenseehalle in Sulzbach-Rosenberg zum 13.Mal Austragungsort des Hallenmasters des SV Illschwang. Gespielt wird auf Kunstrasen mit Rundumbande. Von Freitagabend bis Sonntagabend finden insgesamt sechs Turniere in verschiedenen Altersbereichen statt. In jedem Turnier ist eine Mannschaft des Veranstalters mit dabei. Nachfolgend befindet sich einen \u00dcberblick \u00fcber die weiteren Vereine, die heuer mitmachen.<\/p><p><strong>\u00a0<\/strong><\/p><p><strong>AH-Turnier (ab Freitag, 18.30\u00a0 Uhr\/mit 8 Mannschaften\/dm-Sulzbach Cup ):<\/strong> SK F\u00fcrnried, SV Kauerhof, FC Edelsfeld, SV Loderhof\/Sulzbach. SV Lupburg, Sportfreunde Ursula-Poppenricht und FV Vilseck<\/p><p>\u00a0<\/p><p><strong>D-Jugendturnier (ab Samstag 8 Uhr \/ mit 10 Mannschaften\/Allianz Sperber Cup): <\/strong>SG Hahnbach, SV Loderhof\/Sulzbach, Germania Amberg, FC Edelsfeld, SpVgg Weigendorf, FC Neukirchen\/TSV K\u00f6nigstein, JFG Amberg-Sulzbach West, SV Lauterhofen und TUS Rosenberg<\/p><p>\u00a0<\/p><p><strong>G-Jugendturnier (ab Samstag 13.30 Uhr\/ mit 6 Mannschaften\/ohne Hauptsponsor): <\/strong>SG Poppenricht, SV Kauerhof, DJK Ammerthal, FC Schlicht und TSV K\u00f6nigstein<\/p><p>\u00a0<\/p><p><strong>Turnier 1.Mannschaften (ab Samstag 19 Uhr\/ mit 8 Mannschaften\/VR Bank Cup): <\/strong>TUS Rosenberg, DJK Ammerthal II, SV Loderhof\/Sulzbach, FC Edelsfeld, FC Gro\u00dfalbershof, SV Kauerhof und SV Hahnbach<\/p><p>\u00a0<\/p><p><strong>Turnier E-Jugend (ab Sonntag 8 Uhr\/ mit 10 Mannschaften\/VR Bank Junior Cup): <\/strong>SpVgg Weigendorf, TSV K\u00fcmmersbruck, TSV K\u00f6nigstein, SG Hahnbach, SV Raigering, SV Kauerhof, SV Loderhof\/Sulzbach, SV Lauterhofen und TUS Rosenberg<\/p><p>\u00a0<\/p><p><strong>Turnier F-Jugend ( ab Sonntag 13.30 Uhr\/ mit 8 Mannschaften\/VR Bank Junior Cup): <\/strong>FC Edelsfeld, SV Raigering, TUS Rosenberg, FV Vilseck, SV Lauterhofen, SV Kauerhof und SG Poppenricht (M\u00e4dchenmannschaft)<\/p>\t\t\t\t\t\t\t\t<\/div>\n\t\t\t\t<\/div>\n\t\t\t\t\t<\/div>\n\t\t<\/div>\n\t\t\t\t\t<\/div>\n\t\t<\/section>\n\t\t\t\t<section class=\"elementor-section elementor-top-section elementor-element elementor-element-6a26384 elementor-section-boxed elementor-section-height-default elementor-section-height-default\" data-id=\"6a26384\" data-element_type=\"section\">\n\t\t\t\t\t\t<div class=\"elementor-container elementor-column-gap-default\">\n\t\t\t\t\t<div class=\"elementor-column elementor-col-100 elementor-top-column elementor-element elementor-element-c73e6ae\" data-id=\"c73e6ae\" data-element_type=\"column\">\n\t\t\t<div class=\"elementor-widget-wrap elementor-element-populated\">\n\t\t\t\t\t\t<div class=\"elementor-element elementor-element-271c5f3 elementor-widget elementor-widget-image\" data-id=\"271c5f3\" data-element_type=\"widget\" data-widget_type=\"image.default\">\n\t\t\t\t<div class=\"elementor-widget-container\">\n\t\t\t\t\t\t\t\t\t\t\t\t<figure class=\"wp-caption\">\n\t\t\t\t\t\t\t\t\t\t<img fetchpriority=\"high\" decoding=\"async\" width=\"640\" height=\"427\" src=\"https:\/\/sv-illschwang.de\/wp-content\/uploads\/2023\/01\/Zuschauer-Hallenmasters-2020_2-1024x683.jpg\" class=\"attachment-large size-large wp-image-2466\" alt=\"\" srcset=\"https:\/\/sv-illschwang.de\/wp-content\/uploads\/2023\/01\/Zuschauer-Hallenmasters-2020_2-1024x683.jpg 1024w, https:\/\/sv-illschwang.de\/wp-content\/uploads\/2023\/01\/Zuschauer-Hallenmasters-2020_2-300x200.jpg 300w, https:\/\/sv-illschwang.de\/wp-content\/uploads\/2023\/01\/Zuschauer-Hallenmasters-2020_2-768x512.jpg 768w, https:\/\/sv-illschwang.de\/wp-content\/uploads\/2023\/01\/Zuschauer-Hallenmasters-2020_2.jpg 1500w\" sizes=\"(max-width: 640px) 100vw, 640px\" \/>\t\t\t\t\t\t\t\t\t\t\t<figcaption class=\"widget-image-caption wp-caption-text\">auf \u00e4hnlichen Zuschauerzuspruch wie beim letzten Mal 2020 hofft der SVI beim 13.Hallenmasters vom 13. bis 15. Januar 2023<\/figcaption>\n\t\t\t\t\t\t\t\t\t\t<\/figure>\n\t\t\t\t\t\t\t\t\t<\/div>\n\t\t\t\t<\/div>\n\t\t\t\t\t<\/div>\n\t\t<\/div>\n\t\t\t\t\t<\/div>\n\t\t<\/section>\n\t\t\t\t<section class=\"elementor-section elementor-top-section elementor-element elementor-element-7733498 elementor-section-boxed elementor-section-height-default elementor-section-height-default\" data-id=\"7733498\" data-element_type=\"section\">\n\t\t\t\t\t\t<div class=\"elementor-container elementor-column-gap-default\">\n\t\t\t\t\t<div class=\"elementor-column elementor-col-100 elementor-top-column elementor-element elementor-element-05fd5a9\" data-id=\"05fd5a9\" data-element_type=\"column\">\n\t\t\t<div class=\"elementor-widget-wrap\">\n\t\t\t\t\t\t\t<\/div>\n\t\t<\/div>\n\t\t\t\t\t<\/div>\n\t\t<\/section>\n\t\t\t\t<section class=\"elementor-section elementor-top-section elementor-element elementor-element-e1ab2be elementor-section-boxed elementor-section-height-default elementor-section-height-default\" data-id=\"e1ab2be\" data-element_type=\"section\">\n\t\t\t\t\t\t<div class=\"elementor-container elementor-column-gap-default\">\n\t\t\t\t\t<div class=\"elementor-column elementor-col-100 elementor-top-column elementor-element elementor-element-7c7f7d1\" data-id=\"7c7f7d1\" data-element_type=\"column\">\n\t\t\t<div class=\"elementor-widget-wrap elementor-element-populated\">\n\t\t\t\t\t\t<div class=\"elementor-element elementor-element-50bce5f elementor-widget elementor-widget-heading\" data-id=\"50bce5f\" data-element_type=\"widget\" data-widget_type=\"heading.default\">\n\t\t\t\t<div class=\"elementor-widget-container\">\n\t\t\t\t\t<h2 class=\"elementor-heading-title elementor-size-default\"><h1 class=\"title single\" style=\"line-height: 41.8px;font-size: 38px;overflow: inherit\"><a title=\"Permalink zu: Fu\u00dfball kompakt beim 13. Hallenmasters des SV Illschwang\">Fu\u00dfball kompakt beim 13. Hallenmasters des SV Illschwang<\/a><\/h1><\/h2>\t\t\t\t<\/div>\n\t\t\t\t<\/div>\n\t\t\t\t\t<\/div>\n\t\t<\/div>\n\t\t\t\t\t<\/div>\n\t\t<\/section>\n\t\t\t\t<section class=\"elementor-section elementor-top-section elementor-element elementor-element-0abdeb2 elementor-section-boxed elementor-section-height-default elementor-section-height-default\" data-id=\"0abdeb2\" data-element_type=\"section\">\n\t\t\t\t\t\t<div class=\"elementor-container elementor-column-gap-default\">\n\t\t\t\t\t<div class=\"elementor-column elementor-col-100 elementor-top-column elementor-element elementor-element-43b3f63\" data-id=\"43b3f63\" data-element_type=\"column\">\n\t\t\t<div class=\"elementor-widget-wrap elementor-element-populated\">\n\t\t\t\t\t\t<div class=\"elementor-element elementor-element-bb5dacd elementor-widget elementor-widget-text-editor\" data-id=\"bb5dacd\" data-element_type=\"widget\" data-widget_type=\"text-editor.default\">\n\t\t\t\t<div class=\"elementor-widget-container\">\n\t\t\t\t\t\t\t\t\t<p>Vom 13. bis 15.Januar veranstaltet der SV Illschwang zum mittlerweile 13.Mal in der Kr\u00f6tensee-Sporthalle in Sulzbach-Rosenberg das Hallenmasters auf Kunstrasen mit Rundumbande. Die offizielle Plakatpr\u00e4sentation fand im dortigen Rathaus statt.<\/p><p>Von Freitagabend bis Sonntagabend k\u00e4mpfen in sechs Turnieren, angefangen von der G-Jugend bis zu den Alten Herren, insgesamt 50 Mannschaften um den Turniersieg. Bei der Pr\u00e4sentation des Plakats im Rathaus von Sulzbach-Rosenberg betonte der 1.Vorsitzende des SVI Martin Luber, dass der Verein stolz sei, dass sich alle Sparten beteiligen, um das Event meistern zu k\u00f6nnen. Dies sei Zeichen f\u00fcr ein gutes Zusammengeh\u00f6rigkeitsgef\u00fchl. \u201eNur wenn alle mithelfen, kann das Masters wieder zu einem gro\u00dfen Erfolg werden.\u201c Sulzbach-Rosenbergs 1.B\u00fcrgermeister Michael G\u00f6th wies auf die gro\u00dfe Resonanz hin, auf die die Veranstaltung mittlerweile st\u00f6\u00dft. \u201eSie ist mittlerweile zu einem Budenzauber geworden, die in der Region einmalig ist. Gerne stellt die Stadt dem SV Illschwang die Sporthalle f\u00fcr diesen Anlass zur Verf\u00fcgung. 1.B\u00fcrgermeister Dieter Dehling sprach von einem guten Beispiel f\u00fcr interkommunale Zusammenarbeit, \u00fcber Stadt- und Gemeindegrenzen hinaus. Martin Luber erg\u00e4nzte, dass fast alle Firmen wieder dabei sind, entweder mit Bandenwerbung oder Werbung im Programmheft. Ein paar Neue sind hinzugekommen.<\/p><p>Das spektakul\u00e4rste Turnier mit den packendsten Spielszenen geht am Samstagabend ab 19 Uhr \u00fcber die B\u00fchne, wenn acht 1.Mannschaften um den Sieg im VR Bank Cup k\u00e4mpfen. Als klassenh\u00f6chste Mannschaft ist der Bezirksligist SV Hahnbach mit dabei. Es wird sich zeigen, ob er seiner Favoritenrolle gerecht werden kann, gelten doch in der Halle manchmal eigene Gesetzm\u00e4\u00dfigkeiten. Konkurrenz kommt aus den Kreisklasse mit den derzeitigen Tabellenf\u00fchrern in der Gruppe S\u00fcd, dem TUS Rosenberg und der Gruppe Nord, dem FC Edelsfeld. Der SV Kauerhof und die DJK Ammerthal II (beide Kreisklasse S\u00fcd), sowie der SV Loderhof\/Sulzbach, der FC Gro\u00dfalbershof und der SV Illschwang (alle A-Klasse Nord) versprechen spannende Lokalderbys. Bei den bisherigen 12 Turnieren bei den 1.Mannschaften war der TUS Rosenberg bisher f\u00fcnf Mal erfolgreich.<\/p><p>Das Hallenmasters 2023 er\u00f6ffnen am Freitagabend, mit dem dm-Sulzbach Cup, ab 18.30 Uhr die Alten Herren. Mit der D-Jugend (Allianz Sperber Cup) beginnt das Programm am Samstag ab 8 Uhr. Ab 13.30 Uhr sind sechs G-Jugendmannschaften das erste Mal mit dabei. Wie im Text dargestellt, erfolgt der erste Ansto\u00df zum Turnier der 1.Mannschaften (VR Bank Cup) um 19 Uhr. Am Sonntag ist ab 8 Uhr zun\u00e4chst die E-Jugend an der Reihe. Zum Abschluss des Masters ist ab 13.30 Uhr die F-Jugend gefordert. In beiden Turnieren geht es dabei um den VR Bank Junior Cup. Der Eintritt zu allen Turnieren ist frei. F\u00fcr das leibliche Wohl ist bestens gesorgt.<\/p>\t\t\t\t\t\t\t\t<\/div>\n\t\t\t\t<\/div>\n\t\t\t\t\t<\/div>\n\t\t<\/div>\n\t\t\t\t\t<\/div>\n\t\t<\/section>\n\t\t\t\t<section class=\"elementor-section elementor-top-section elementor-element elementor-element-417b8d7 elementor-section-boxed elementor-section-height-default elementor-section-height-default\" data-id=\"417b8d7\" data-element_type=\"section\">\n\t\t\t\t\t\t<div class=\"elementor-container elementor-column-gap-default\">\n\t\t\t\t\t<div class=\"elementor-column elementor-col-100 elementor-top-column elementor-element elementor-element-3a41438\" data-id=\"3a41438\" data-element_type=\"column\">\n\t\t\t<div class=\"elementor-widget-wrap elementor-element-populated\">\n\t\t\t\t\t\t<div class=\"elementor-element elementor-element-6652f9e elementor-widget elementor-widget-image\" data-id=\"6652f9e\" data-element_type=\"widget\" data-widget_type=\"image.default\">\n\t\t\t\t<div class=\"elementor-widget-container\">\n\t\t\t\t\t\t\t\t\t\t\t\t\t\t\t<img decoding=\"async\" width=\"640\" height=\"477\" src=\"https:\/\/sv-illschwang.de\/wp-content\/uploads\/2023\/01\/Hallenmaster-Team-neue-Kleidung-2020_2-1024x763.jpg\" class=\"attachment-large size-large wp-image-2456\" alt=\"\" srcset=\"https:\/\/sv-illschwang.de\/wp-content\/uploads\/2023\/01\/Hallenmaster-Team-neue-Kleidung-2020_2-1024x763.jpg 1024w, https:\/\/sv-illschwang.de\/wp-content\/uploads\/2023\/01\/Hallenmaster-Team-neue-Kleidung-2020_2-300x224.jpg 300w, https:\/\/sv-illschwang.de\/wp-content\/uploads\/2023\/01\/Hallenmaster-Team-neue-Kleidung-2020_2-768x572.jpg 768w, https:\/\/sv-illschwang.de\/wp-content\/uploads\/2023\/01\/Hallenmaster-Team-neue-Kleidung-2020_2.jpg 1107w\" sizes=\"(max-width: 640px) 100vw, 640px\" \/>\t\t\t\t\t\t\t\t\t\t\t\t\t\t\t<\/div>\n\t\t\t\t<\/div>\n\t\t\t\t\t<\/div>\n\t\t<\/div>\n\t\t\t\t\t<\/div>\n\t\t<\/section>\n\t\t\t\t<section class=\"elementor-section elementor-top-section elementor-element elementor-element-c253c3e elementor-section-boxed elementor-section-height-default elementor-section-height-default\" data-id=\"c253c3e\" data-element_type=\"section\">\n\t\t\t\t\t\t<div class=\"elementor-container elementor-column-gap-default\">\n\t\t\t\t\t<div class=\"elementor-column elementor-col-100 elementor-top-column elementor-element elementor-element-5325b65\" data-id=\"5325b65\" data-element_type=\"column\">\n\t\t\t<div class=\"elementor-widget-wrap\">\n\t\t\t\t\t\t\t<\/div>\n\t\t<\/div>\n\t\t\t\t\t<\/div>\n\t\t<\/section>\n\t\t\t\t<section class=\"elementor-section elementor-top-section elementor-element elementor-element-333490f elementor-section-boxed elementor-section-height-default elementor-section-height-default\" data-id=\"333490f\" data-element_type=\"section\">\n\t\t\t\t\t\t<div class=\"elementor-container elementor-column-gap-default\">\n\t\t\t\t\t<div class=\"elementor-column elementor-col-100 elementor-top-column elementor-element elementor-element-943fab7\" data-id=\"943fab7\" data-element_type=\"column\">\n\t\t\t<div class=\"elementor-widget-wrap elementor-element-populated\">\n\t\t\t\t\t\t<div class=\"elementor-element elementor-element-58cafb9 elementor-widget elementor-widget-heading\" data-id=\"58cafb9\" data-element_type=\"widget\" data-widget_type=\"heading.default\">\n\t\t\t\t<div class=\"elementor-widget-container\">\n\t\t\t\t\t<h2 class=\"elementor-heading-title elementor-size-default\"><h1 style=\"line-height: 41.8px;font-size: 38px;overflow: inherit\"><a title=\"Permalink zu: 13. Hallenmasters auf Kunstrasen\">13. Hallenmasters auf Kunstrasen<\/a><\/h1><\/h2>\t\t\t\t<\/div>\n\t\t\t\t<\/div>\n\t\t\t\t\t<\/div>\n\t\t<\/div>\n\t\t\t\t\t<\/div>\n\t\t<\/section>\n\t\t\t\t<section class=\"elementor-section elementor-top-section elementor-element elementor-element-786c6ff elementor-section-boxed elementor-section-height-default elementor-section-height-default\" data-id=\"786c6ff\" data-element_type=\"section\">\n\t\t\t\t\t\t<div class=\"elementor-container elementor-column-gap-default\">\n\t\t\t\t\t<div class=\"elementor-column elementor-col-100 elementor-top-column elementor-element elementor-element-1cc44d7\" data-id=\"1cc44d7\" data-element_type=\"column\">\n\t\t\t<div class=\"elementor-widget-wrap elementor-element-populated\">\n\t\t\t\t\t\t<div class=\"elementor-element elementor-element-fa2328e elementor-widget elementor-widget-text-editor\" data-id=\"fa2328e\" data-element_type=\"widget\" data-widget_type=\"text-editor.default\">\n\t\t\t\t<div class=\"elementor-widget-container\">\n\t\t\t\t\t\t\t\t\t<p>Der SV Illschwang e.V. veranstaltet vom 13. \u2013 15. Januar 2023 sein Hallenmasters auf Kunstrasen.<\/p><p>Veranstaltungsort ist die Kr\u00f6tenseeturnhalle in Sulzbach-Rosenberg<\/p>\t\t\t\t\t\t\t\t<\/div>\n\t\t\t\t<\/div>\n\t\t\t\t\t<\/div>\n\t\t<\/div>\n\t\t\t\t\t<\/div>\n\t\t<\/section>\n\t\t\t\t<section class=\"elementor-section elementor-top-section elementor-element elementor-element-347ac3f elementor-section-boxed elementor-section-height-default elementor-section-height-default\" data-id=\"347ac3f\" data-element_type=\"section\">\n\t\t\t\t\t\t<div class=\"elementor-container elementor-column-gap-default\">\n\t\t\t\t\t<div class=\"elementor-column elementor-col-100 elementor-top-column elementor-element elementor-element-f7e67d3\" data-id=\"f7e67d3\" data-element_type=\"column\">\n\t\t\t<div class=\"elementor-widget-wrap elementor-element-populated\">\n\t\t\t\t\t\t<div class=\"elementor-element elementor-element-daf39c2 elementor-widget elementor-widget-image\" data-id=\"daf39c2\" data-element_type=\"widget\" data-widget_type=\"image.default\">\n\t\t\t\t<div class=\"elementor-widget-container\">\n\t\t\t\t\t\t\t\t\t\t\t\t\t\t\t<img decoding=\"async\" width=\"640\" height=\"884\" src=\"https:\/\/sv-illschwang.de\/wp-content\/uploads\/2022\/12\/Hallenmasters_2023.png\" class=\"attachment-large size-large wp-image-2426\" alt=\"\" srcset=\"https:\/\/sv-illschwang.de\/wp-content\/uploads\/2022\/12\/Hallenmasters_2023.png 725w, https:\/\/sv-illschwang.de\/wp-content\/uploads\/2022\/12\/Hallenmasters_2023-217x300.png 217w\" sizes=\"(max-width: 640px) 100vw, 640px\" \/>\t\t\t\t\t\t\t\t\t\t\t\t\t\t\t<\/div>\n\t\t\t\t<\/div>\n\t\t\t\t\t<\/div>\n\t\t<\/div>\n\t\t\t\t\t<\/div>\n\t\t<\/section>\n\t\t\t\t<\/div>\n\t\t","protected":false},"excerpt":{"rendered":"<p>\u00dcbersicht der teilnehmenden Mannschaften beim 13. Hallenmasters des SV Illschwang Illschwang. (no) Von Freitag, 13.Januar bis Sonntag, 15.Januar ist die Kr\u00f6tenseehalle in Sulzbach-Rosenberg zum 13.Mal Austragungsort des Hallenmasters des SV Illschwang. Gespielt wird auf Kunstrasen mit Rundumbande. Von Freitagabend bis Sonntagabend finden insgesamt sechs Turniere in verschiedenen Altersbereichen statt. In jedem Turnier ist eine Mannschaft [&hellip;]<\/p>\n","protected":false},"author":2,"featured_media":0,"parent":0,"menu_order":0,"comment_status":"closed","ping_status":"closed","template":"","meta":{"footnotes":""},"class_list":["post-2461","page","type-page","status-publish","hentry"],"_links":{"self":[{"href":"https:\/\/sv-illschwang.de\/index.php?rest_route=\/wp\/v2\/pages\/2461","targetHints":{"allow":["GET"]}}],"collection":[{"href":"https:\/\/sv-illschwang.de\/index.php?rest_route=\/wp\/v2\/pages"}],"about":[{"href":"https:\/\/sv-illschwang.de\/index.php?rest_route=\/wp\/v2\/types\/page"}],"author":[{"embeddable":true,"href":"https:\/\/sv-illschwang.de\/index.php?rest_route=\/wp\/v2\/users\/2"}],"replies":[{"embeddable":true,"href":"https:\/\/sv-illschwang.de\/index.php?rest_route=%2Fwp%2Fv2%2Fcomments&post=2461"}],"version-history":[{"count":4,"href":"https:\/\/sv-illschwang.de\/index.php?rest_route=\/wp\/v2\/pages\/2461\/revisions"}],"predecessor-version":[{"id":2470,"href":"https:\/\/sv-illschwang.de\/index.php?rest_route=\/wp\/v2\/pages\/2461\/revisions\/2470"}],"wp:attachment":[{"href":"https:\/\/sv-illschwang.de\/index.php?rest_route=%2Fwp%2Fv2%2Fmedia&parent=2461"}],"curies":[{"name":"wp","href":"https:\/\/api.w.org\/{rel}","templated":true}]}}