{"id":483,"date":"2020-09-02T20:44:45","date_gmt":"2020-09-02T18:44:45","guid":{"rendered":"http:\/\/sv-illschwang.de\/?page_id=483"},"modified":"2020-09-02T20:49:16","modified_gmt":"2020-09-02T18:49:16","slug":"2019-4","status":"publish","type":"page","link":"https:\/\/sv-illschwang.de\/?page_id=483","title":{"rendered":"2019"},"content":{"rendered":"\t\t<div data-elementor-type=\"wp-page\" data-elementor-id=\"483\" class=\"elementor elementor-483\">\n\t\t\t\t\t\t<section class=\"elementor-section elementor-top-section elementor-element elementor-element-34d0741 elementor-section-boxed elementor-section-height-default elementor-section-height-default\" data-id=\"34d0741\" data-element_type=\"section\">\n\t\t\t\t\t\t<div class=\"elementor-container elementor-column-gap-default\">\n\t\t\t\t\t<div class=\"elementor-column elementor-col-100 elementor-top-column elementor-element elementor-element-cde846f\" data-id=\"cde846f\" data-element_type=\"column\">\n\t\t\t<div class=\"elementor-widget-wrap elementor-element-populated\">\n\t\t\t\t\t\t<div class=\"elementor-element elementor-element-dc68184 elementor-widget elementor-widget-text-editor\" data-id=\"dc68184\" data-element_type=\"widget\" data-widget_type=\"text-editor.default\">\n\t\t\t\t<div class=\"elementor-widget-container\">\n\t\t\t\t\t\t\t\t\t<p><strong>Trotz des k\u00fchlen Wetters gehen beim Kinderwaldlauf des Sportvereins Illschwang 81 M\u00e4dchen und Buben an den Start. Hier scheint sich das Trainingsangebot des SVI auszuzahlen.<\/strong><\/p><p><strong>Die Sparte Lauftreff im SVI sorgte in bew\u00e4hrter Weise f\u00fcr eine ausgezeichnete Organisation der Veranstaltung. Je j\u00fcnger die Kinder, um so gr\u00f6\u00dfer fiel in den Jahrgangsstufen die Beteiligung aus. Die M\u00e4dchen waren insgesamt st\u00e4rker vertreten als die Jungen.<\/strong><\/p><p><strong>Der Rundkurs war 750 Meter lang. Er f\u00fchrte auf dem Sportgel\u00e4nde vom Start auf dem B-Platz durch ein Waldst\u00fcck in Richtung Pesensricht, ehe es auf der 100-Meter-Laufbahn dem Ziel entgegen spurteten. Die Jahrg\u00e4nge 2011 und j\u00fcnger liefen die Strecke ein Mal, die Jahrg\u00e4nge 2008 bis 2010 drehten zwei Runden, und die Jahrg\u00e4nge 2005 bis 2007 absolvierten drei Durchg\u00e4nge. F\u00fcr die Schnellsten der drei Altersstufen gab es eine besondere Auszeichnung: \u00fcber 750 Meter Paul P\u00f6llinger und Emma Rank, \u00fcber 1500 Meter Noah Keller und Emily Schmidt sowie \u00fcber 2250 Meter Paul Behlau und Zoe Barth.<\/strong><\/p><div class=\"glomex-custom-title-container\">\u00a0<\/div><p><strong>Die Schirmherrschaft hatte B\u00fcrgermeister Dieter Dehling \u00fcbernommen. Gemeinsam mit dem SVI-Vorsitzenden Martin Luber und dem Abteilungsleiter Andreas Dehling nahm er die Siegerehrung vor. Jeder Teilnehmer bekam einen Pokal und eine Urkunde. Dehling freute sich \u00fcber die gute Beteiligung. Das seit einigen Wochen angebotene Lauftraining f\u00fcr Kinder habe sich positiv auf die Zahl der Starter ausgewirkt. In diesem Zusammenhang galt sein Dank Nadine Dehling und Carmen Grahlmann, die sich mit ihm gemeinsam, um das Training k\u00fcmmern.\u00a0<\/strong><\/p><p><strong>F\u00fcr das Sponsoring dankte er der\u00a0<span class=\"vm-hook-outer vm-hook-default vm-hook-inview\"><span class=\"vm-hook\">Firma<\/span><\/span>\u00a0R\u00e4dle, Metallbau Hartmann und Melanie Schlegl von der Firma Jemako. Die Helfer vor Ort Birgland\/Illschwang hielten sich bereit, mussten aber nicht eingreifen.<\/strong><\/p><p><strong>Mit der Grundschule Illschwang arbeite der SVI gut zusammen. Auch heuer erh\u00e4lt die Klasse, die im Verh\u00e4ltnis zu ihrer Sch\u00fclerzahl beim Lauf die meisten Kinder an den Start brachte, den Wanderpokal.<\/strong><\/p>\t\t\t\t\t\t\t\t<\/div>\n\t\t\t\t<\/div>\n\t\t\t\t\t<\/div>\n\t\t<\/div>\n\t\t\t\t\t<\/div>\n\t\t<\/section>\n\t\t\t\t<\/div>\n\t\t","protected":false},"excerpt":{"rendered":"<p>Trotz des k\u00fchlen Wetters gehen beim Kinderwaldlauf des Sportvereins Illschwang 81 M\u00e4dchen und Buben an den Start. Hier scheint sich das Trainingsangebot des SVI auszuzahlen. Die Sparte Lauftreff im SVI sorgte in bew\u00e4hrter Weise f\u00fcr eine ausgezeichnete Organisation der Veranstaltung. Je j\u00fcnger die Kinder, um so gr\u00f6\u00dfer fiel in den Jahrgangsstufen die Beteiligung aus. Die [&hellip;]<\/p>\n","protected":false},"author":3,"featured_media":0,"parent":0,"menu_order":0,"comment_status":"closed","ping_status":"closed","template":"","meta":{"footnotes":""},"class_list":["post-483","page","type-page","status-publish","hentry"],"_links":{"self":[{"href":"https:\/\/sv-illschwang.de\/index.php?rest_route=\/wp\/v2\/pages\/483","targetHints":{"allow":["GET"]}}],"collection":[{"href":"https:\/\/sv-illschwang.de\/index.php?rest_route=\/wp\/v2\/pages"}],"about":[{"href":"https:\/\/sv-illschwang.de\/index.php?rest_route=\/wp\/v2\/types\/page"}],"author":[{"embeddable":true,"href":"https:\/\/sv-illschwang.de\/index.php?rest_route=\/wp\/v2\/users\/3"}],"replies":[{"embeddable":true,"href":"https:\/\/sv-illschwang.de\/index.php?rest_route=%2Fwp%2Fv2%2Fcomments&post=483"}],"version-history":[{"count":3,"href":"https:\/\/sv-illschwang.de\/index.php?rest_route=\/wp\/v2\/pages\/483\/revisions"}],"predecessor-version":[{"id":493,"href":"https:\/\/sv-illschwang.de\/index.php?rest_route=\/wp\/v2\/pages\/483\/revisions\/493"}],"wp:attachment":[{"href":"https:\/\/sv-illschwang.de\/index.php?rest_route=%2Fwp%2Fv2%2Fmedia&parent=483"}],"curies":[{"name":"wp","href":"https:\/\/api.w.org\/{rel}","templated":true}]}}