{"id":890,"date":"2021-04-21T18:44:16","date_gmt":"2021-04-21T16:44:16","guid":{"rendered":"http:\/\/sv-illschwang.de\/?page_id=890"},"modified":"2023-09-01T10:21:39","modified_gmt":"2023-09-01T08:21:39","slug":"led-umruestung-flutlichanlagen","status":"publish","type":"page","link":"https:\/\/sv-illschwang.de\/?page_id=890","title":{"rendered":"LED-Umr\u00fcstung Flutlichtanlagen"},"content":{"rendered":"\t\t<div data-elementor-type=\"wp-page\" data-elementor-id=\"890\" class=\"elementor elementor-890\">\n\t\t\t\t\t\t<section class=\"elementor-section elementor-top-section elementor-element elementor-element-d5212af elementor-section-boxed elementor-section-height-default elementor-section-height-default\" data-id=\"d5212af\" data-element_type=\"section\">\n\t\t\t\t\t\t<div class=\"elementor-container elementor-column-gap-default\">\n\t\t\t\t\t<div class=\"elementor-column elementor-col-100 elementor-top-column elementor-element elementor-element-cf80998\" data-id=\"cf80998\" data-element_type=\"column\">\n\t\t\t<div class=\"elementor-widget-wrap elementor-element-populated\">\n\t\t\t\t\t\t<div class=\"elementor-element elementor-element-f61fe9d elementor-widget elementor-widget-text-editor\" data-id=\"f61fe9d\" data-element_type=\"widget\" data-widget_type=\"text-editor.default\">\n\t\t\t\t<div class=\"elementor-widget-container\">\n\t\t\t\t\t\t\t\t\t<h5>Seit September 2019 hat sich der Sportverein Illschwang e.V. mit der Umr\u00fcstung der bestehenden Flutlichtanlagen auf den beiden Trainingspl\u00e4tzen befasst. Die bisherigen Flutlichtanlagen waren noch mit Quecksilberdampflampen ausgestattet.<\/h5><h5><span style=\"color: #3366ff;\">Des Weiteren wollte und will auch der Sportverein Illschwang e.V. einen aktiven, sichtbaren Beitrag zum Klimaschutz leisten.<\/span><\/h5><h5>Im Oktober 2019 wurde begonnen F\u00f6rdermittel f\u00fcr die Umr\u00fcstung der Flutlichtanlagen zu beantragen.\u00a0 Nach Kl\u00e4rung verschiedenster f\u00f6rderrelevanter Sachverhalte wurden dem Verein im M\u00e4rz 2020 sowie Ende August 2020 die notwendigen F\u00f6rderzusagen erteilt.<\/h5><h5>Die Gemeinde Illschwang war in Person des ersten B\u00fcrgermeisters Dieter Dehling von Anfang an mit in die Planungen eingebunden und hat die Umsetzung des Vorhaben von Beginn an hervorragend unterst\u00fctzt. Nach Vorliegen der F\u00f6rderzusagen konnte die weitere Umsetzung angegangen werden.<\/h5><h5>Die Mitgliederversammlung des SV Illschwang e.V. hat am 11. Oktober 2020 die Umsetzung der Ma\u00dfnahme genehmigt. Nach Einholung verschiedener Angebote wurde Anfang Dezember 2020 vom Verein die Firma HUDSON GmbH aus Amberg beauftragt die Umr\u00fcstung durchzuf\u00fchren.<\/h5><h5>Die urspr\u00fcnglich geplante Montage kurz vor Weihnachten 2020 konnte witterungsbedingt nicht mehr durchgef\u00fchrt werden. Von der Firma HUDSON GmbH erfolgte Anfang Februar 2021 der gr\u00f6\u00dfte Teil der Montage der neuen LED-Flutlichtanlage. Die endg\u00fcltige Fertigstellung der beiden neuen Flutlichtanlagen konnte dann Anfang M\u00e4rz 2021 erfolgen.<\/h5><h5>Laut dem f\u00fcr die Beantragung der F\u00f6rdermittel erstellten Gutachten kann eine j\u00e4hrliche Stromeinsparung aller Leuchtensysteme in H\u00f6he von ca. 11.500 kWh erzielt werden. Die hochgerechnete <strong>CO2-Einsparung<\/strong> nach 20 Jahren betr\u00e4gt <strong>135,70 Tonnen<\/strong>.<\/h5><h3 class=\"mbr-section-subtitle align-center mbr-light mbr-fonts-style display-5\">Das Projekt wird gef\u00f6rdert durch das\u00a0<span style=\"color: #0000ff;\"><a class=\"\" style=\"color: #0000ff;\" href=\"https:\/\/www.bmu.de\/\" target=\"_blank\" rel=\"noopener\">Bundesministerium f\u00fcr Umwelt<\/a>,<\/span> Naturschutz und nukleare Sicherheit\u00a0<span style=\"color: #0000ff;\"><a class=\"\" style=\"color: #0000ff;\" href=\"http:\/\/www.ptj.de\/klimaschutzinitiative-kommunen\" target=\"_blank\" rel=\"noopener\">(Projekttr\u00e4ger J\u00fclich, F\u00f6rderkennzeichen 03K13547)<\/a>,<\/span> durch den\u00a0<span style=\"color: #0000ff;\"><a class=\"\" style=\"color: #0000ff;\" href=\"https:\/\/www.blsv.de\/\" target=\"_blank\" rel=\"noopener\">Bayerischen Landes-Sportverband e.V.<\/a><\/span> und die <span style=\"color: #0000ff;\"><a class=\"\" style=\"color: #0000ff;\" href=\"https:\/\/www.illschwang.de\" target=\"_blank\" rel=\"noopener\">Gemeinde Illschwang<\/a><\/span>.<\/h3><h3>Ausf\u00fchrende Firma war die <span style=\"color: #0000ff;\">Firma HUDSON GmbH<\/span> aus Amberg, bei der sich der<span style=\"color: #0000ff;\"> Sportverein Illschwang e.V.<\/span> ganz herzlich f\u00fcr die ausgezeichnete Zusammenarbeit bedankt.<\/h3><h3 class=\"mbr-section-subtitle align-center mbr-light mbr-fonts-style display-5\"><span style=\"text-decoration: underline;\"><strong><a class=\"\" href=\"http:\/\/www.ptj.de\/klimaschutzinitiative-kommunen\" target=\"_blank\" rel=\"noopener\">Nat<\/a><a class=\"\" href=\"http:\/\/www.ptj.de\/klimaschutzinitiative-kommunen\" target=\"_blank\" rel=\"noopener\">ionale<\/a><a class=\"\" href=\"http:\/\/www.ptj.de\/klimaschutzinitiative-kommunen\" target=\"_blank\" rel=\"noopener\"> Klimaschutzinitiative:<\/a><\/strong><\/span><\/h3><div>Mit der Nationalen Klimaschutzinitiative initiiert und f\u00f6rdert das Bundesumweltministerium seit 2008 zahlreiche Projekte, die einen Beitrag zur Senkung der Treibhausgasemissionen leisten. Ihre Programme und Projekte decken ein breites Spektrum an Klimaschutzaktivit\u00e4ten ab: Von der Entwicklung langfristiger Strategien bis hin zu konkreten Hilfestellungen und investiven F\u00f6rderma\u00dfnahmen. Diese Vielfalt ist Garant f\u00fcr gute Ideen. Die Nationale Klimaschutzinitiative tr\u00e4gt zu einer Verankerung des Klimaschutzes vor Ort bei. Von ihr profitieren Verbraucherinnen und Verbraucher ebenso wie Unternehmen, Kommunen oder Bildungseinrichtungen.<\/div><p>\u00a0<\/p>\t\t\t\t\t\t\t\t<\/div>\n\t\t\t\t<\/div>\n\t\t\t\t\t<\/div>\n\t\t<\/div>\n\t\t\t\t\t<\/div>\n\t\t<\/section>\n\t\t\t\t<section class=\"elementor-section elementor-top-section elementor-element elementor-element-7d65344 elementor-section-boxed elementor-section-height-default elementor-section-height-default\" data-id=\"7d65344\" data-element_type=\"section\">\n\t\t\t\t\t\t<div class=\"elementor-container elementor-column-gap-default\">\n\t\t\t\t\t<div class=\"elementor-column elementor-col-100 elementor-top-column elementor-element elementor-element-3d65715\" data-id=\"3d65715\" data-element_type=\"column\">\n\t\t\t<div class=\"elementor-widget-wrap elementor-element-populated\">\n\t\t\t\t\t\t<div class=\"elementor-element elementor-element-66b150c elementor-button-info elementor-align-center elementor-widget elementor-widget-button\" data-id=\"66b150c\" data-element_type=\"widget\" data-widget_type=\"button.default\">\n\t\t\t\t<div class=\"elementor-widget-container\">\n\t\t\t\t\t\t\t\t\t<div class=\"elementor-button-wrapper\">\n\t\t\t\t\t<a class=\"elementor-button elementor-button-link elementor-size-lg\" href=\"http:\/\/www.ptj.de\/klimaschutzinitiative-kommunen\" target=\"_blank\">\n\t\t\t\t\t\t<span class=\"elementor-button-content-wrapper\">\n\t\t\t\t\t\t\t\t\t<span class=\"elementor-button-text\">Weitere Informationen zur Klimaschutzinitiative - Bitte klicken -  <\/span>\n\t\t\t\t\t<\/span>\n\t\t\t\t\t<\/a>\n\t\t\t\t<\/div>\n\t\t\t\t\t\t\t\t<\/div>\n\t\t\t\t<\/div>\n\t\t\t\t\t<\/div>\n\t\t<\/div>\n\t\t\t\t\t<\/div>\n\t\t<\/section>\n\t\t\t\t<section class=\"elementor-section elementor-top-section elementor-element elementor-element-a59ebc6 elementor-section-boxed elementor-section-height-default elementor-section-height-default\" data-id=\"a59ebc6\" data-element_type=\"section\">\n\t\t\t\t\t\t<div class=\"elementor-container elementor-column-gap-default\">\n\t\t\t\t\t<div class=\"elementor-column elementor-col-100 elementor-top-column elementor-element elementor-element-46a7aee\" data-id=\"46a7aee\" data-element_type=\"column\">\n\t\t\t<div class=\"elementor-widget-wrap elementor-element-populated\">\n\t\t\t\t\t\t<div class=\"elementor-element elementor-element-35b587a elementor-widget elementor-widget-image\" data-id=\"35b587a\" data-element_type=\"widget\" data-widget_type=\"image.default\">\n\t\t\t\t<div class=\"elementor-widget-container\">\n\t\t\t\t\t\t\t\t\t\t\t\t\t\t\t<img fetchpriority=\"high\" decoding=\"async\" width=\"640\" height=\"288\" src=\"https:\/\/sv-illschwang.de\/wp-content\/uploads\/2021\/04\/BMUB_NKI_Gefoerdert_RGB_DE_2020_quer-1024x461.jpg\" class=\"attachment-large size-large wp-image-984\" alt=\"\" srcset=\"https:\/\/sv-illschwang.de\/wp-content\/uploads\/2021\/04\/BMUB_NKI_Gefoerdert_RGB_DE_2020_quer-1024x461.jpg 1024w, https:\/\/sv-illschwang.de\/wp-content\/uploads\/2021\/04\/BMUB_NKI_Gefoerdert_RGB_DE_2020_quer-300x135.jpg 300w, https:\/\/sv-illschwang.de\/wp-content\/uploads\/2021\/04\/BMUB_NKI_Gefoerdert_RGB_DE_2020_quer-768x346.jpg 768w, https:\/\/sv-illschwang.de\/wp-content\/uploads\/2021\/04\/BMUB_NKI_Gefoerdert_RGB_DE_2020_quer-1536x691.jpg 1536w, https:\/\/sv-illschwang.de\/wp-content\/uploads\/2021\/04\/BMUB_NKI_Gefoerdert_RGB_DE_2020_quer.jpg 1629w\" sizes=\"(max-width: 640px) 100vw, 640px\" \/>\t\t\t\t\t\t\t\t\t\t\t\t\t\t\t<\/div>\n\t\t\t\t<\/div>\n\t\t\t\t\t<\/div>\n\t\t<\/div>\n\t\t\t\t\t<\/div>\n\t\t<\/section>\n\t\t\t\t<section class=\"elementor-section elementor-top-section elementor-element elementor-element-ce33297 elementor-section-boxed elementor-section-height-default elementor-section-height-default\" data-id=\"ce33297\" data-element_type=\"section\">\n\t\t\t\t\t\t<div class=\"elementor-container elementor-column-gap-default\">\n\t\t\t\t\t<div class=\"elementor-column elementor-col-100 elementor-top-column elementor-element elementor-element-1e2c94b\" data-id=\"1e2c94b\" data-element_type=\"column\">\n\t\t\t<div class=\"elementor-widget-wrap elementor-element-populated\">\n\t\t\t\t\t\t<div class=\"elementor-element elementor-element-5467bca elementor-widget elementor-widget-heading\" data-id=\"5467bca\" data-element_type=\"widget\" data-widget_type=\"heading.default\">\n\t\t\t\t<div class=\"elementor-widget-container\">\n\t\t\t\t\t<h3 class=\"elementor-heading-title elementor-size-default\">Unser Partner f\u00fcr die LED-Umr\u00fcstung der Flutlichtanlage:<\/h3>\t\t\t\t<\/div>\n\t\t\t\t<\/div>\n\t\t\t\t\t<\/div>\n\t\t<\/div>\n\t\t\t\t\t<\/div>\n\t\t<\/section>\n\t\t\t\t<section class=\"elementor-section elementor-top-section elementor-element elementor-element-b149b5f elementor-section-boxed elementor-section-height-default elementor-section-height-default\" data-id=\"b149b5f\" data-element_type=\"section\">\n\t\t\t\t\t\t<div class=\"elementor-container elementor-column-gap-default\">\n\t\t\t\t\t<div class=\"elementor-column elementor-col-100 elementor-top-column elementor-element elementor-element-48ce17a\" data-id=\"48ce17a\" data-element_type=\"column\">\n\t\t\t<div class=\"elementor-widget-wrap elementor-element-populated\">\n\t\t\t\t\t\t<div class=\"elementor-element elementor-element-f073a5d elementor-widget elementor-widget-image\" data-id=\"f073a5d\" data-element_type=\"widget\" data-widget_type=\"image.default\">\n\t\t\t\t<div class=\"elementor-widget-container\">\n\t\t\t\t\t\t\t\t\t\t\t\t\t\t\t\t<a href=\"https:\/\/www.hudson-gmbh.de\/\" target=\"_blank\">\n\t\t\t\t\t\t\t<img decoding=\"async\" width=\"640\" height=\"225\" src=\"https:\/\/sv-illschwang.de\/wp-content\/uploads\/2023\/09\/Wordmarke-Wir-erLEDigen-das-S-grau-1024x360.jpg\" class=\"attachment-large size-large wp-image-3038\" alt=\"\" srcset=\"https:\/\/sv-illschwang.de\/wp-content\/uploads\/2023\/09\/Wordmarke-Wir-erLEDigen-das-S-grau-1024x360.jpg 1024w, https:\/\/sv-illschwang.de\/wp-content\/uploads\/2023\/09\/Wordmarke-Wir-erLEDigen-das-S-grau-300x105.jpg 300w, https:\/\/sv-illschwang.de\/wp-content\/uploads\/2023\/09\/Wordmarke-Wir-erLEDigen-das-S-grau-768x270.jpg 768w, https:\/\/sv-illschwang.de\/wp-content\/uploads\/2023\/09\/Wordmarke-Wir-erLEDigen-das-S-grau-1536x540.jpg 1536w, https:\/\/sv-illschwang.de\/wp-content\/uploads\/2023\/09\/Wordmarke-Wir-erLEDigen-das-S-grau-2048x720.jpg 2048w\" sizes=\"(max-width: 640px) 100vw, 640px\" \/>\t\t\t\t\t\t\t\t<\/a>\n\t\t\t\t\t\t\t\t\t\t\t\t\t\t\t<\/div>\n\t\t\t\t<\/div>\n\t\t\t\t\t<\/div>\n\t\t<\/div>\n\t\t\t\t\t<\/div>\n\t\t<\/section>\n\t\t\t\t<\/div>\n\t\t","protected":false},"excerpt":{"rendered":"<p>Seit September 2019 hat sich der Sportverein Illschwang e.V. mit der Umr\u00fcstung der bestehenden Flutlichtanlagen auf den beiden Trainingspl\u00e4tzen befasst. Die bisherigen Flutlichtanlagen waren noch mit Quecksilberdampflampen ausgestattet. Des Weiteren wollte und will auch der Sportverein Illschwang e.V. einen aktiven, sichtbaren Beitrag zum Klimaschutz leisten. Im Oktober 2019 wurde begonnen F\u00f6rdermittel f\u00fcr die Umr\u00fcstung der [&hellip;]<\/p>\n","protected":false},"author":3,"featured_media":941,"parent":0,"menu_order":0,"comment_status":"closed","ping_status":"closed","template":"","meta":{"footnotes":""},"class_list":["post-890","page","type-page","status-publish","has-post-thumbnail","hentry"],"_links":{"self":[{"href":"https:\/\/sv-illschwang.de\/index.php?rest_route=\/wp\/v2\/pages\/890","targetHints":{"allow":["GET"]}}],"collection":[{"href":"https:\/\/sv-illschwang.de\/index.php?rest_route=\/wp\/v2\/pages"}],"about":[{"href":"https:\/\/sv-illschwang.de\/index.php?rest_route=\/wp\/v2\/types\/page"}],"author":[{"embeddable":true,"href":"https:\/\/sv-illschwang.de\/index.php?rest_route=\/wp\/v2\/users\/3"}],"replies":[{"embeddable":true,"href":"https:\/\/sv-illschwang.de\/index.php?rest_route=%2Fwp%2Fv2%2Fcomments&post=890"}],"version-history":[{"count":87,"href":"https:\/\/sv-illschwang.de\/index.php?rest_route=\/wp\/v2\/pages\/890\/revisions"}],"predecessor-version":[{"id":3044,"href":"https:\/\/sv-illschwang.de\/index.php?rest_route=\/wp\/v2\/pages\/890\/revisions\/3044"}],"wp:featuredmedia":[{"embeddable":true,"href":"https:\/\/sv-illschwang.de\/index.php?rest_route=\/wp\/v2\/media\/941"}],"wp:attachment":[{"href":"https:\/\/sv-illschwang.de\/index.php?rest_route=%2Fwp%2Fv2%2Fmedia&parent=890"}],"curies":[{"name":"wp","href":"https:\/\/api.w.org\/{rel}","templated":true}]}}